{"id":151808,"date":"2021-01-15T12:01:55","date_gmt":"2021-01-15T12:01:55","guid":{"rendered":"https:\/\/codengine3.ch\/?product=import-placeholder-for-207165"},"modified":"2021-01-15T14:55:45","modified_gmt":"2021-01-15T14:55:45","slug":"pico-turquino-150000-cuba","status":"publish","type":"product","link":"https:\/\/pizbube.ch\/en\/shop\/pico-turquino-150000-cuba\/","title":{"rendered":"Pico Turquino 1:50&#8217;000 (Cuba)"},"content":{"rendered":"<p>Inhalt:<br \/>\nTopografische Trekkingkarte, Streckenprofil, Stadtpl\u00e4ne: Havanna, Santiago de<br \/>\nCuba und Bayamo, \u00dcbersichtskarte 1:1 Mio., Revolutionsgeschichte, Zeittafel,<br \/>\ngeschichtliche \u00dcbersichtskarte<br \/>\nMassstab: 1:50 000<br \/>\nKoordinatensystem:<br \/>\nWGS 84 \/ UTM &#8211; Netz  <\/p>\n<p>Sprachen:<br \/>\nEnglisch, Deutsch, Spanisch  <\/p>","protected":false},"excerpt":{"rendered":"<p>Inhalt: Topografische Trekkingkarte, Streckenprofil, Stadtpl\u00e4ne: Havanna, Santiago de Cuba und Bayamo, \u00dcbersichtskarte 1:1 Mio., Revolutionsgeschichte, Zeittafel, geschichtliche \u00dcbersichtskarte Massstab: 1:50 000 Koordinatensystem: WGS 84 \/ UTM &#8211; Netz Sprachen: Englisch, Deutsch, Spanisch<\/p>","protected":false},"featured_media":36789,"template":"","meta":[],"product_brand":[],"product_cat":[21543],"product_tag":[],"class_list":{"0":"post-151808","1":"product","2":"type-product","3":"status-publish","4":"has-post-thumbnail","6":"product_cat-landkarten","7":"pa_autor-wettstein-greulich","8":"pa_erscheinungsjahr-21621","9":"pa_region-amerika-sued","10":"pa_sprache-d","11":"pa_sprache-e","12":"pa_sprache-sp","14":"first","15":"instock","16":"taxable","17":"shipping-taxable","18":"purchasable","19":"product-type-simple"},"_links":{"self":[{"href":"https:\/\/pizbube.ch\/en\/wp-json\/wp\/v2\/product\/151808","targetHints":{"allow":["GET"]}}],"collection":[{"href":"https:\/\/pizbube.ch\/en\/wp-json\/wp\/v2\/product"}],"about":[{"href":"https:\/\/pizbube.ch\/en\/wp-json\/wp\/v2\/types\/product"}],"wp:featuredmedia":[{"embeddable":true,"href":"https:\/\/pizbube.ch\/en\/wp-json\/wp\/v2\/media\/36789"}],"wp:attachment":[{"href":"https:\/\/pizbube.ch\/en\/wp-json\/wp\/v2\/media?parent=151808"}],"wp:term":[{"taxonomy":"product_brand","embeddable":true,"href":"https:\/\/pizbube.ch\/en\/wp-json\/wp\/v2\/product_brand?post=151808"},{"taxonomy":"product_cat","embeddable":true,"href":"https:\/\/pizbube.ch\/en\/wp-json\/wp\/v2\/product_cat?post=151808"},{"taxonomy":"product_tag","embeddable":true,"href":"https:\/\/pizbube.ch\/en\/wp-json\/wp\/v2\/product_tag?post=151808"}],"curies":[{"name":"wp","href":"https:\/\/api.w.org\/{rel}","templated":true}]}}