{"id":151809,"date":"2021-01-15T12:01:55","date_gmt":"2021-01-15T12:01:55","guid":{"rendered":"https:\/\/codengine3.ch\/?product=import-placeholder-for-201564"},"modified":"2021-01-15T12:02:46","modified_gmt":"2021-01-15T12:02:46","slug":"vulkantouren-in-italien","status":"publish","type":"product","link":"https:\/\/pizbube.ch\/en\/shop\/vulkantouren-in-italien\/","title":{"rendered":"Vulkantouren in Italien"},"content":{"rendered":"<p>Reisebegleiter mit 10 Routenskizzen zur Vergangenheit und Gegenwart der<br \/>\naktiven Vulkane. Beinahe zwei Dutzend Vulkangebiete z\u00e4hlt Italien, und davon<br \/>\nwaren in j\u00fcngerer Vergangenheit vier aktiv: der Vesuv, der Stromboli, die<br \/>\nFossa von Vulcano und der \u00c4tna. Allesamt sind sie gr\u00fcndlich erforscht worden,<br \/>\ntrotzdem sind sie unberechenbar geblieben. Der Wissenschaftsjournalist Felix<br \/>\nFrank f\u00fchrt in zehn ausgew\u00e4hlten Routen zu jenen Orten, wo diese Urgewalten<br \/>\naus r\u00e4tselhaften Tiefen hervorquellen. Fundierte, aber gut lesbare<br \/>\nErl\u00e4uterungen \u00fcber das Wesen der italienischen Vulkane, ihre Launen und ihre<br \/>\nSpuren in der Kulturgeschichte erg\u00e4nzen diesen handlichen Reisebegleiter.  <\/p>","protected":false},"excerpt":{"rendered":"<p>Reisebegleiter mit 10 Routenskizzen zur Vergangenheit und Gegenwart der aktiven Vulkane. Beinahe zwei Dutzend Vulkangebiete z\u00e4hlt Italien, und davon waren in j\u00fcngerer Vergangenheit vier aktiv: der Vesuv, der Stromboli, die Fossa von Vulcano und der \u00c4tna. Allesamt sind sie gr\u00fcndlich erforscht worden, trotzdem sind sie unberechenbar geblieben. Der Wissenschaftsjournalist Felix Frank f\u00fchrt in zehn ausgew\u00e4hlten [&#8230;]\n","protected":false},"featured_media":28930,"template":"","meta":[],"product_brand":[],"product_cat":[21605],"product_tag":[],"class_list":{"0":"post-151809","1":"product","2":"type-product","3":"status-publish","4":"has-post-thumbnail","6":"product_cat-wanderfuehrer-trekking","7":"pa_autor-frank","8":"pa_erscheinungsjahr-22133","9":"pa_region-italien","10":"pa_sprache-de","12":"first","13":"outofstock","14":"taxable","15":"shipping-taxable","16":"purchasable","17":"product-type-simple"},"_links":{"self":[{"href":"https:\/\/pizbube.ch\/en\/wp-json\/wp\/v2\/product\/151809","targetHints":{"allow":["GET"]}}],"collection":[{"href":"https:\/\/pizbube.ch\/en\/wp-json\/wp\/v2\/product"}],"about":[{"href":"https:\/\/pizbube.ch\/en\/wp-json\/wp\/v2\/types\/product"}],"wp:featuredmedia":[{"embeddable":true,"href":"https:\/\/pizbube.ch\/en\/wp-json\/wp\/v2\/media\/28930"}],"wp:attachment":[{"href":"https:\/\/pizbube.ch\/en\/wp-json\/wp\/v2\/media?parent=151809"}],"wp:term":[{"taxonomy":"product_brand","embeddable":true,"href":"https:\/\/pizbube.ch\/en\/wp-json\/wp\/v2\/product_brand?post=151809"},{"taxonomy":"product_cat","embeddable":true,"href":"https:\/\/pizbube.ch\/en\/wp-json\/wp\/v2\/product_cat?post=151809"},{"taxonomy":"product_tag","embeddable":true,"href":"https:\/\/pizbube.ch\/en\/wp-json\/wp\/v2\/product_tag?post=151809"}],"curies":[{"name":"wp","href":"https:\/\/api.w.org\/{rel}","templated":true}]}}