{"id":151813,"date":"2021-01-15T12:01:55","date_gmt":"2021-01-15T12:01:55","guid":{"rendered":"https:\/\/codengine3.ch\/?product=import-placeholder-for-204022"},"modified":"2021-01-15T14:28:56","modified_gmt":"2021-01-15T14:28:56","slug":"mourir-a-chamonix","status":"publish","type":"product","link":"https:\/\/pizbube.ch\/en\/shop\/mourir-a-chamonix\/","title":{"rendered":"Mourir \u00e0 Chamonix"},"content":{"rendered":"<p>\u00c0 Chamonix, les morts violentes ne se produisent pas toujours en montagne. Et<br \/>\nquand bien m\u00eame un alpiniste se tue en paroi, la montagne n&#8217;est pas toujours<br \/>\ncoupable L\u00e0-haut, les sentiments sont exacerb\u00e9s, et sous l&#8216; il du mont-Blanc,<br \/>\nles personnalit\u00e9s marqu\u00e9es prennent un relief parfois inqui\u00e9tant \u00c0 Chamonix,<br \/>\nla montagne tue. Un jeune inconscient va donner un coup de pied dans la<br \/>\nfourmili\u00e8re. Il s&#8217;est mis en t\u00eate de d\u00e9couvrir la v\u00e9rit\u00e9 sur la mort de son<br \/>\np\u00e8re, douze ans plus t\u00f4t. Mais c&#8217;est avec lui-m\u00eame qu&#8217;il a rendez-vous au fond<br \/>\nd&#8217;une crevasse. Un thriller plein de suspense et de rebondissements dont<br \/>\nl&#8217;action se d\u00e9roule dans cette vall\u00e9e si particuli\u00e8re de Chamonix qui fascine<br \/>\ndes centaines de milliers de visiteurs chaque ann\u00e9e.<\/p>","protected":false},"excerpt":{"rendered":"<p>\u00c0 Chamonix, les morts violentes ne se produisent pas toujours en montagne. Et quand bien m\u00eame un alpiniste se tue en paroi, la montagne n&#8217;est pas toujours coupable L\u00e0-haut, les sentiments sont exacerb\u00e9s, et sous l&#8216; il du mont-Blanc, les personnalit\u00e9s marqu\u00e9es prennent un relief parfois inqui\u00e9tant \u00c0 Chamonix, la montagne tue. Un jeune inconscient [&#8230;]\n","protected":false},"featured_media":31753,"template":"","meta":[],"product_brand":[],"product_cat":[21629],"product_tag":[],"class_list":{"0":"post-151813","1":"product","2":"type-product","3":"status-publish","4":"has-post-thumbnail","6":"product_cat-belletristik","7":"pa_autor-ballu","8":"pa_erscheinungsjahr-21763","9":"pa_region-frankreich","10":"pa_sprache-fr","12":"first","13":"instock","14":"taxable","15":"shipping-taxable","16":"purchasable","17":"product-type-simple"},"_links":{"self":[{"href":"https:\/\/pizbube.ch\/en\/wp-json\/wp\/v2\/product\/151813","targetHints":{"allow":["GET"]}}],"collection":[{"href":"https:\/\/pizbube.ch\/en\/wp-json\/wp\/v2\/product"}],"about":[{"href":"https:\/\/pizbube.ch\/en\/wp-json\/wp\/v2\/types\/product"}],"wp:featuredmedia":[{"embeddable":true,"href":"https:\/\/pizbube.ch\/en\/wp-json\/wp\/v2\/media\/31753"}],"wp:attachment":[{"href":"https:\/\/pizbube.ch\/en\/wp-json\/wp\/v2\/media?parent=151813"}],"wp:term":[{"taxonomy":"product_brand","embeddable":true,"href":"https:\/\/pizbube.ch\/en\/wp-json\/wp\/v2\/product_brand?post=151813"},{"taxonomy":"product_cat","embeddable":true,"href":"https:\/\/pizbube.ch\/en\/wp-json\/wp\/v2\/product_cat?post=151813"},{"taxonomy":"product_tag","embeddable":true,"href":"https:\/\/pizbube.ch\/en\/wp-json\/wp\/v2\/product_tag?post=151813"}],"curies":[{"name":"wp","href":"https:\/\/api.w.org\/{rel}","templated":true}]}}