{"id":151820,"date":"2021-01-15T12:01:56","date_gmt":"2021-01-15T12:01:56","guid":{"rendered":"https:\/\/codengine3.ch\/?product=import-placeholder-for-202578"},"modified":"2024-03-11T10:35:24","modified_gmt":"2024-03-11T09:35:24","slug":"yosemite-camp-4","status":"publish","type":"product","link":"https:\/\/pizbube.ch\/en\/shop\/yosemite-camp-4\/","title":{"rendered":"Yosemite Camp 4"},"content":{"rendered":"<p>Chroniques du Yosemite:<br \/>\nCamp 4, les voil\u00e0, les meilleures rochassier du Monde! Une histoire de l&#8216;<br \/>\nescalade.<\/p>\n<p>C\u2019est devenu un livre culte qui a fait vibrer des milliers de grimpeurs<br \/>\npassionn\u00e9s par quelques longueurs historiques gagn\u00e9es sur le granite lisse du<br \/>\nYosemite. Ces fous d\u2019escalade, fous tout court, qui voulaient r\u00e9inventer le<br \/>\nparadis dans les ann\u00e9es 1960, ont r\u00e9ussi leur pari.<\/p>\n<p>Dans les ann\u00e9es soixante, les pionniers de l&#8217;escalade am\u00e9ricaine &#171;portent des<br \/>\noripeaux, pissent \u00e0 c\u00f4t\u00e9 de leur tente&#187;&#8230; Et ouvrent des grandes premi\u00e8res<br \/>\nsur les murs lisses du Yosemite.<\/p>\n<p>Ils sont les meilleurs rochassiers du monde. Non-conformistes, ils vont tout<br \/>\ninventer : le mat\u00e9riel, le mode de vie, l&#8217;\u00e9thique et l&#8217;escalade.<br \/>\nIls feront du &#171;Camp 4&#187; le lieu inoubliable de leurs projets grandioses,<br \/>\nleurs rires, leurs amours et leurs amiti\u00e9s tumultueuses.<\/p>\n<p>416 pages , Nombre d&#8217;llustrations 19<\/p>","protected":false},"excerpt":{"rendered":"<p>Chroniques du Yosemite: Camp 4, les voil\u00e0, les meilleures rochassier du Monde! Une histoire de l&#8216; escalade. C\u2019est devenu un livre culte qui a fait vibrer des milliers de grimpeurs passionn\u00e9s par quelques longueurs historiques gagn\u00e9es sur le granite lisse du Yosemite. Ces fous d\u2019escalade, fous tout court, qui voulaient r\u00e9inventer le paradis dans les [&#8230;]\n","protected":false},"featured_media":38810,"template":"","meta":[],"product_brand":[],"product_cat":[21542],"product_tag":[],"class_list":{"0":"post-151820","1":"product","2":"type-product","3":"status-publish","4":"has-post-thumbnail","6":"product_cat-sachbuecher-dokumentationen","7":"pa_autor-roper","8":"pa_erscheinungsjahr-21568","9":"pa_region-amerika-nord","10":"pa_sprache-fr","12":"first","13":"outofstock","14":"taxable","15":"shipping-taxable","16":"purchasable","17":"product-type-simple"},"_links":{"self":[{"href":"https:\/\/pizbube.ch\/en\/wp-json\/wp\/v2\/product\/151820","targetHints":{"allow":["GET"]}}],"collection":[{"href":"https:\/\/pizbube.ch\/en\/wp-json\/wp\/v2\/product"}],"about":[{"href":"https:\/\/pizbube.ch\/en\/wp-json\/wp\/v2\/types\/product"}],"wp:featuredmedia":[{"embeddable":true,"href":"https:\/\/pizbube.ch\/en\/wp-json\/wp\/v2\/media\/38810"}],"wp:attachment":[{"href":"https:\/\/pizbube.ch\/en\/wp-json\/wp\/v2\/media?parent=151820"}],"wp:term":[{"taxonomy":"product_brand","embeddable":true,"href":"https:\/\/pizbube.ch\/en\/wp-json\/wp\/v2\/product_brand?post=151820"},{"taxonomy":"product_cat","embeddable":true,"href":"https:\/\/pizbube.ch\/en\/wp-json\/wp\/v2\/product_cat?post=151820"},{"taxonomy":"product_tag","embeddable":true,"href":"https:\/\/pizbube.ch\/en\/wp-json\/wp\/v2\/product_tag?post=151820"}],"curies":[{"name":"wp","href":"https:\/\/api.w.org\/{rel}","templated":true}]}}