{"id":151822,"date":"2021-01-15T12:01:56","date_gmt":"2021-01-15T12:01:56","guid":{"rendered":"https:\/\/codengine3.ch\/?product=import-placeholder-for-201483"},"modified":"2021-01-15T12:02:00","modified_gmt":"2021-01-15T12:02:00","slug":"gites-detape-et-refuges","status":"publish","type":"product","link":"https:\/\/pizbube.ch\/en\/shop\/gites-detape-et-refuges\/","title":{"rendered":"G\u00eetes d&#8217;\u00e9tape et Refuges"},"content":{"rendered":"<p>Hostel accomodation \/ Wander und Gruppen- Ferienwohnungen \/ G\u00eetes:<br \/>\n4000 HEBERGEMENTS 2005, France et Fronti\u00e8res  <\/p>\n<p>4000 h\u00e9bergements dont 800 en Belgique, Luxembourg, Allemagne, Suisse, Italie,<br \/>\nEspagne, Andorre. Pour tous les amoureux de grands espaces, d&#8217;activit\u00e9s de<br \/>\npleine nature, de randonn\u00e9es p\u00e9destres ou \u00e9questres, de VTT ou de<br \/>\ncyclotourisme, de ski de rando, de cano\u00eb, d&#8217;alpinisme ou d&#8217;escalade, pour tous<br \/>\nles curieux de sites naturels. G\u00eetes d&#8217;\u00e9tape, refuges gard\u00e9s et non gard\u00e9s ;<br \/>\ntous les types d&#8217;h\u00e9bergement \u00e0 m\u00eame d&#8217;accueillir les petits et grands<br \/>\narpenteurs d&#8217;espace, seuls, en famille ou en groupe, sont r\u00e9pertori\u00e9s dans cet<br \/>\nouvrage unique traitant aussi bien de la plaine que de la montagne.  <\/p>","protected":false},"excerpt":{"rendered":"<p>Hostel accomodation \/ Wander und Gruppen- Ferienwohnungen \/ G\u00eetes: 4000 HEBERGEMENTS 2005, France et Fronti\u00e8res 4000 h\u00e9bergements dont 800 en Belgique, Luxembourg, Allemagne, Suisse, Italie, Espagne, Andorre. Pour tous les amoureux de grands espaces, d&#8217;activit\u00e9s de pleine nature, de randonn\u00e9es p\u00e9destres ou \u00e9questres, de VTT ou de cyclotourisme, de ski de rando, de cano\u00eb, d&#8217;alpinisme [&#8230;]\n","protected":false},"featured_media":28834,"template":"","meta":[],"product_brand":[],"product_cat":[22143],"product_tag":[],"class_list":{"0":"post-151822","1":"product","2":"type-product","3":"status-publish","4":"has-post-thumbnail","6":"product_cat-huettenverzeichnisse-hotelfuehrer","7":"pa_autor-mouraret","8":"pa_erscheinungsjahr-21776","9":"pa_region-frankreich","10":"pa_sprache-fr","12":"first","13":"instock","14":"taxable","15":"shipping-taxable","16":"purchasable","17":"product-type-simple"},"_links":{"self":[{"href":"https:\/\/pizbube.ch\/en\/wp-json\/wp\/v2\/product\/151822","targetHints":{"allow":["GET"]}}],"collection":[{"href":"https:\/\/pizbube.ch\/en\/wp-json\/wp\/v2\/product"}],"about":[{"href":"https:\/\/pizbube.ch\/en\/wp-json\/wp\/v2\/types\/product"}],"wp:featuredmedia":[{"embeddable":true,"href":"https:\/\/pizbube.ch\/en\/wp-json\/wp\/v2\/media\/28834"}],"wp:attachment":[{"href":"https:\/\/pizbube.ch\/en\/wp-json\/wp\/v2\/media?parent=151822"}],"wp:term":[{"taxonomy":"product_brand","embeddable":true,"href":"https:\/\/pizbube.ch\/en\/wp-json\/wp\/v2\/product_brand?post=151822"},{"taxonomy":"product_cat","embeddable":true,"href":"https:\/\/pizbube.ch\/en\/wp-json\/wp\/v2\/product_cat?post=151822"},{"taxonomy":"product_tag","embeddable":true,"href":"https:\/\/pizbube.ch\/en\/wp-json\/wp\/v2\/product_tag?post=151822"}],"curies":[{"name":"wp","href":"https:\/\/api.w.org\/{rel}","templated":true}]}}