{"id":151832,"date":"2021-01-15T12:01:57","date_gmt":"2021-01-15T12:01:57","guid":{"rendered":"https:\/\/codengine3.ch\/?product=import-placeholder-for-205526"},"modified":"2025-08-07T12:22:02","modified_gmt":"2025-08-07T10:22:02","slug":"piemont-sued","status":"publish","type":"product","link":"https:\/\/pizbube.ch\/en\/shop\/piemont-sued\/","title":{"rendered":"Piemont S\u00fcd"},"content":{"rendered":"<p class=\"mt-3\">Vom Monviso bis zu den Ligurischen Alpen<\/p>\n<p><span class=\"value\">Hausgemachte Pasta und vollmundiger Wein, Feinschmeckern ist das Piemont l\u00e4ngst ein Begriff. Man denkt an gr\u00fcne H\u00fcgel und mittelalterliche D\u00f6rfer. Weiter oben aber zieht eine raue, unverf\u00e4lschte Natur die Wanderer in ihren Bann. Hier wartet eine wilde Berglandschaft darauf, entdeckt zu werden. Der Rother Wanderf\u00fchrer Piemont S\u00fcd stellt 50 Touren vom Monviso bis zu den Ligurischen Alpen vor.<\/span><\/p>\n<p>Die Tourenauswahl umfasst 35 leichte bis anspruchsvolle Halbtages- und Tageswanderungen in den Cottischen Alpen, den Seealpen und den Ligurischen Alpen. Au\u00dferdem werden 15 Mehrtagestouren vorgestellt, die zwischen zwei und elf Tagen dauern. Denn die Einsamkeit und Wildheit der piemontesischen Bergwelt l\u00e4sst sich auf Trekkingtouren am intensivsten erfahren.<\/p>\n<p>Jede Tour wird mit einer exakten Routenbeschreibung, einem Kartenausschnitt mit eingezeichnetem Wegverlauf und einem aussagekr\u00e4ftigen H\u00f6henprofil vorgestellt. Nicht nur die farbige Schwierigkeitsbewertung, sondern auch die Liste der Top-Touren erleichtert die Auswahl der Ziele. Au\u00dferdem gibt es Hintergrundinfos zur Region sowie zahlreiche Tipps zu Unterk\u00fcnften und Einkehrm\u00f6glichkeiten. Zu jeder Tour stehen GPS-Daten zum Download bereit.<\/p>\n<p>Die Bergjournalistin und Fotografin Iris K\u00fcrschner hat bereits zahlreiche B\u00fccher, Wanderf\u00fchrer und Artikel \u00fcber die Westalpen verfasst. Neben der einmaligen, einsamen Landschaft liegen ihr besonders die Menschen dort und die kulturellen Besonderheiten am Herzen. F\u00fcr die vierte Auflage wurde der Rother Wanderf\u00fchrer Piemont S\u00fcd vollst\u00e4ndig \u00fcberarbeitet.<\/p>\n<p><span class=\"value\">5., aktualisierte Auflage 2024<\/span><br \/>\n192 Seiten,<br \/>\n61 Wanderk\u00e4rtchen im Ma\u00dfstab 1:25.000, 1:50.000, 1:75.000 und 1:100.000, 52 H\u00f6henprofile, zwei \u00dcbersichtskarten im Ma\u00dfstab 1:500.000 und 1:2.000.000, GPS-Tracks zum Download<\/p>","protected":false},"excerpt":{"rendered":"<p>Vom Monviso bis zu den Ligurischen Alpen Hausgemachte Pasta und vollmundiger Wein, Feinschmeckern ist das Piemont l\u00e4ngst ein Begriff. Man denkt an gr\u00fcne H\u00fcgel und mittelalterliche D\u00f6rfer. Weiter oben aber zieht eine raue, unverf\u00e4lschte Natur die Wanderer in ihren Bann. Hier wartet eine wilde Berglandschaft darauf, entdeckt zu werden. Der Rother Wanderf\u00fchrer Piemont S\u00fcd stellt [&#8230;]\n","protected":false},"featured_media":170115,"template":"","meta":[],"product_brand":[],"product_cat":[21605],"product_tag":[],"class_list":{"0":"post-151832","1":"product","2":"type-product","3":"status-publish","4":"has-post-thumbnail","6":"product_cat-wanderfuehrer-trekking","7":"pa_autor-kuerschner","8":"pa_erscheinungsjahr-27339","9":"pa_region-italien","10":"pa_sprache-de","12":"first","13":"instock","14":"taxable","15":"shipping-taxable","16":"purchasable","17":"product-type-simple"},"_links":{"self":[{"href":"https:\/\/pizbube.ch\/en\/wp-json\/wp\/v2\/product\/151832","targetHints":{"allow":["GET"]}}],"collection":[{"href":"https:\/\/pizbube.ch\/en\/wp-json\/wp\/v2\/product"}],"about":[{"href":"https:\/\/pizbube.ch\/en\/wp-json\/wp\/v2\/types\/product"}],"wp:featuredmedia":[{"embeddable":true,"href":"https:\/\/pizbube.ch\/en\/wp-json\/wp\/v2\/media\/170115"}],"wp:attachment":[{"href":"https:\/\/pizbube.ch\/en\/wp-json\/wp\/v2\/media?parent=151832"}],"wp:term":[{"taxonomy":"product_brand","embeddable":true,"href":"https:\/\/pizbube.ch\/en\/wp-json\/wp\/v2\/product_brand?post=151832"},{"taxonomy":"product_cat","embeddable":true,"href":"https:\/\/pizbube.ch\/en\/wp-json\/wp\/v2\/product_cat?post=151832"},{"taxonomy":"product_tag","embeddable":true,"href":"https:\/\/pizbube.ch\/en\/wp-json\/wp\/v2\/product_tag?post=151832"}],"curies":[{"name":"wp","href":"https:\/\/api.w.org\/{rel}","templated":true}]}}