{"id":151833,"date":"2021-01-15T12:01:57","date_gmt":"2021-01-15T12:01:57","guid":{"rendered":"https:\/\/codengine3.ch\/?product=import-placeholder-for-203861"},"modified":"2021-01-15T14:27:20","modified_gmt":"2021-01-15T14:27:20","slug":"ecrins-delfinato-alp-gm-223","status":"publish","type":"product","link":"https:\/\/pizbube.ch\/en\/shop\/ecrins-delfinato-alp-gm-223\/","title":{"rendered":"Ecrins Delfinato Alp GM 223"},"content":{"rendered":"<p>I volti vergini della terra:<br \/>\nEccoci allora sugli Ecrins, che Gaston R\u00e9buffat, in quel classico della<br \/>\nletteratura di alpinismo che \u00e8 La montagna \u00e8 il mio mondo, ha descritto come<br \/>\nvolti vergini della terra, per accedere ai quali bisogna percorrere lunghi<br \/>\nvalloni segreti, deserti e nudi. Solo allora gli scalatori esigenti, che amano<br \/>\narrampicare ma non in qualsiasi posto, su qualsiasi cosa, in qualsiasi modo,<br \/>\npotranno provare pieno appagamento e soddisfazione. Sono queste le montagne<br \/>\ndell&#8217;alto Delfinato e dell&#8217;Oisans, o pi\u00f9 correttamente gli Ecrins, appunto,<br \/>\nquel gran circo di cime contornato di profondi solchi vallivi che, se da un<br \/>\npunto di vista alpinistico niente ha da invidiare al re Monte Bianco, da<br \/>\nquello escursionistico e ambientale offre una wilderness pressoch\u00e9<br \/>\nincontaminata.<\/p>","protected":false},"excerpt":{"rendered":"<p>I volti vergini della terra: Eccoci allora sugli Ecrins, che Gaston R\u00e9buffat, in quel classico della letteratura di alpinismo che \u00e8 La montagna \u00e8 il mio mondo, ha descritto come volti vergini della terra, per accedere ai quali bisogna percorrere lunghi valloni segreti, deserti e nudi. Solo allora gli scalatori esigenti, che amano arrampicare ma [&#8230;]\n","protected":false},"featured_media":31560,"template":"","meta":[],"product_brand":[],"product_cat":[21541],"product_tag":[],"class_list":{"0":"post-151833","1":"product","2":"type-product","3":"status-publish","4":"has-post-thumbnail","6":"product_cat-zeitschriften","7":"pa_autor-alp","8":"pa_erscheinungsjahr-21920","9":"pa_region-frankreich","10":"pa_sprache-it","12":"first","13":"instock","14":"taxable","15":"shipping-taxable","16":"purchasable","17":"product-type-simple"},"_links":{"self":[{"href":"https:\/\/pizbube.ch\/en\/wp-json\/wp\/v2\/product\/151833","targetHints":{"allow":["GET"]}}],"collection":[{"href":"https:\/\/pizbube.ch\/en\/wp-json\/wp\/v2\/product"}],"about":[{"href":"https:\/\/pizbube.ch\/en\/wp-json\/wp\/v2\/types\/product"}],"wp:featuredmedia":[{"embeddable":true,"href":"https:\/\/pizbube.ch\/en\/wp-json\/wp\/v2\/media\/31560"}],"wp:attachment":[{"href":"https:\/\/pizbube.ch\/en\/wp-json\/wp\/v2\/media?parent=151833"}],"wp:term":[{"taxonomy":"product_brand","embeddable":true,"href":"https:\/\/pizbube.ch\/en\/wp-json\/wp\/v2\/product_brand?post=151833"},{"taxonomy":"product_cat","embeddable":true,"href":"https:\/\/pizbube.ch\/en\/wp-json\/wp\/v2\/product_cat?post=151833"},{"taxonomy":"product_tag","embeddable":true,"href":"https:\/\/pizbube.ch\/en\/wp-json\/wp\/v2\/product_tag?post=151833"}],"curies":[{"name":"wp","href":"https:\/\/api.w.org\/{rel}","templated":true}]}}