{"id":151834,"date":"2021-01-15T12:01:57","date_gmt":"2021-01-15T12:01:57","guid":{"rendered":"https:\/\/codengine3.ch\/?product=import-placeholder-for-207939"},"modified":"2021-01-15T17:00:16","modified_gmt":"2021-01-15T17:00:16","slug":"tour-des-glaciers-de-la-vanoise","status":"publish","type":"product","link":"https:\/\/pizbube.ch\/en\/shop\/tour-des-glaciers-de-la-vanoise\/","title":{"rendered":"Tour des Glaciers de la Vanoise"},"content":{"rendered":"<p>Wandern im Nationalpark Savoyen.<\/p>\n<p>Die Tour der Gletscher durch das Vanoisemassiv \u2013 das ist die \u201aK\u00f6nigstour\u2018<br \/>\nunter den Wanderungen im Parc National National de la Vanoise und eine<br \/>\ngrandiose Rundtour von H\u00fctte zu H\u00fctte um das ausgedehnte Gletscherplateau im<br \/>\nKern des Vanoisemassivs.<\/p>\n<p>Der Wanderf\u00fchrer enth\u00e4lt die ausf\u00fchrliche Wegbeschreibung, alle<br \/>\n\u00dcbersichtsskizzen und Wegprofile (schwarz\/wei\u00df) sowie ein umfangreiches<br \/>\nVerzeichnis von \u00dcbernachtungsm\u00f6glichkeiten am Weg.<\/p>","protected":false},"excerpt":{"rendered":"<p>Wandern im Nationalpark Savoyen. Die Tour der Gletscher durch das Vanoisemassiv \u2013 das ist die \u201aK\u00f6nigstour\u2018 unter den Wanderungen im Parc National National de la Vanoise und eine grandiose Rundtour von H\u00fctte zu H\u00fctte um das ausgedehnte Gletscherplateau im Kern des Vanoisemassivs. Der Wanderf\u00fchrer enth\u00e4lt die ausf\u00fchrliche Wegbeschreibung, alle \u00dcbersichtsskizzen und Wegprofile (schwarz\/wei\u00df) sowie ein [&#8230;]\n","protected":false},"featured_media":38883,"template":"","meta":[],"product_brand":[],"product_cat":[21605],"product_tag":[],"class_list":{"0":"post-151834","1":"product","2":"type-product","3":"status-publish","4":"has-post-thumbnail","6":"product_cat-wanderfuehrer-trekking","7":"pa_autor-bade-mikuteit","8":"pa_erscheinungsjahr-21610","9":"pa_region-frankreich","10":"pa_sprache-de","12":"first","13":"outofstock","14":"taxable","15":"shipping-taxable","16":"purchasable","17":"product-type-simple"},"_links":{"self":[{"href":"https:\/\/pizbube.ch\/en\/wp-json\/wp\/v2\/product\/151834","targetHints":{"allow":["GET"]}}],"collection":[{"href":"https:\/\/pizbube.ch\/en\/wp-json\/wp\/v2\/product"}],"about":[{"href":"https:\/\/pizbube.ch\/en\/wp-json\/wp\/v2\/types\/product"}],"wp:featuredmedia":[{"embeddable":true,"href":"https:\/\/pizbube.ch\/en\/wp-json\/wp\/v2\/media\/38883"}],"wp:attachment":[{"href":"https:\/\/pizbube.ch\/en\/wp-json\/wp\/v2\/media?parent=151834"}],"wp:term":[{"taxonomy":"product_brand","embeddable":true,"href":"https:\/\/pizbube.ch\/en\/wp-json\/wp\/v2\/product_brand?post=151834"},{"taxonomy":"product_cat","embeddable":true,"href":"https:\/\/pizbube.ch\/en\/wp-json\/wp\/v2\/product_cat?post=151834"},{"taxonomy":"product_tag","embeddable":true,"href":"https:\/\/pizbube.ch\/en\/wp-json\/wp\/v2\/product_tag?post=151834"}],"curies":[{"name":"wp","href":"https:\/\/api.w.org\/{rel}","templated":true}]}}