{"id":151835,"date":"2021-01-15T12:02:03","date_gmt":"2021-01-15T12:02:03","guid":{"rendered":"https:\/\/codengine3.ch\/?product=import-placeholder-for-207226"},"modified":"2021-01-15T16:00:58","modified_gmt":"2021-01-15T16:00:58","slug":"beyond-the-face-characters-of-climbing","status":"publish","type":"product","link":"https:\/\/pizbube.ch\/en\/shop\/beyond-the-face-characters-of-climbing\/","title":{"rendered":"Beyond the Face &#8211; Characters of Climbing"},"content":{"rendered":"<p>This book portrays the storys of 39 climbers who have written the history of<br \/>\ncompetition climbing over the past 30 years. Over 70 pages of contemporary<br \/>\nphotographs illustrating the beauty of competition climbing. Throughout the<br \/>\nproject, Heiko Wilhelm attempted to interview everyone on a personal basis;<br \/>\ntaking him on a journey around the world to listen and record their<br \/>\nexperiences.<\/p>\n<p>List of Athleths in the book:<br \/>\nSean McColl, Jakob Schubert, Mina Markovic, Jain Kim, Akiyo Noguchi, Sachi<br \/>\nAmma, Adam Ondra, Magnus Midtboe, Jorg Verhoeven, David Lama, Angela Eiter,<br \/>\nJan Hojer, Dmitrii Sharafutdinov, Rustam Gelmanov, Alex Puccio, Robin<br \/>\nErbesfield-Raboutou, Lynn Hill, Shauna Coxsey, Daniel Woods, Ramon Julian<br \/>\nPuigblanque, Maja Vidmar, Charlotte Durif, Yuji Hirayama, Gabriele Moroni,<br \/>\nJames Kassay, Muriel Sarkany, Guillaume Glairon Mondet, Patxi Usobiaga,<br \/>\nJuliane Wurm, Johanna Ernst, Kilian Fischhuber, Sasha DiGiulian, Fran\u00e7ois<br \/>\nLegrand, Christian Core, Anna St\u00f6hr, M\u00e9lissa Le Nev\u00e9, Chris Sharma, Romain<br \/>\nDesgranges, Jerry Moffat<\/p>\n<p>Mit &#171;Beyond the Face &#8211; Characters of Climbing&#187; ist Heiko Wilhelm ein<br \/>\nfaszinierender Blick hinter die Kulissen des Wettkampfkletterns gelungen. Das<br \/>\nBuch portraitiert einige der bedeutendsten (Wettkampf-)Kletterer und<br \/>\nversammelt zugleich eine Reihe eindrucksvoller Zahlen zum Wettkampfklettern an<br \/>\nsich.<br \/>\n312 Seiten; 39 Kletterer; 200 Weltcupsiege; 20 Weltmeister; 30 Jahre<br \/>\nWettkampfklettern &#8211; Texte in engl. Sprache<\/p>","protected":false},"excerpt":{"rendered":"<p>This book portrays the storys of 39 climbers who have written the history of competition climbing over the past 30 years. Over 70 pages of contemporary photographs illustrating the beauty of competition climbing. Throughout the project, Heiko Wilhelm attempted to interview everyone on a personal basis; taking him on a journey around the world to [&#8230;]\n","protected":false},"featured_media":36908,"template":"","meta":[],"product_brand":[],"product_cat":[21542],"product_tag":[],"class_list":{"0":"post-151835","1":"product","2":"type-product","3":"status-publish","4":"has-post-thumbnail","6":"product_cat-sachbuecher-dokumentationen","7":"pa_autor-wilhelm","8":"pa_erscheinungsjahr-21597","9":"pa_region-oesterreich","10":"pa_sprache-en","12":"first","13":"instock","14":"taxable","15":"shipping-taxable","16":"purchasable","17":"product-type-simple"},"_links":{"self":[{"href":"https:\/\/pizbube.ch\/en\/wp-json\/wp\/v2\/product\/151835","targetHints":{"allow":["GET"]}}],"collection":[{"href":"https:\/\/pizbube.ch\/en\/wp-json\/wp\/v2\/product"}],"about":[{"href":"https:\/\/pizbube.ch\/en\/wp-json\/wp\/v2\/types\/product"}],"wp:featuredmedia":[{"embeddable":true,"href":"https:\/\/pizbube.ch\/en\/wp-json\/wp\/v2\/media\/36908"}],"wp:attachment":[{"href":"https:\/\/pizbube.ch\/en\/wp-json\/wp\/v2\/media?parent=151835"}],"wp:term":[{"taxonomy":"product_brand","embeddable":true,"href":"https:\/\/pizbube.ch\/en\/wp-json\/wp\/v2\/product_brand?post=151835"},{"taxonomy":"product_cat","embeddable":true,"href":"https:\/\/pizbube.ch\/en\/wp-json\/wp\/v2\/product_cat?post=151835"},{"taxonomy":"product_tag","embeddable":true,"href":"https:\/\/pizbube.ch\/en\/wp-json\/wp\/v2\/product_tag?post=151835"}],"curies":[{"name":"wp","href":"https:\/\/api.w.org\/{rel}","templated":true}]}}