{"id":151837,"date":"2021-01-15T12:02:03","date_gmt":"2021-01-15T12:02:03","guid":{"rendered":"https:\/\/codengine3.ch\/?product=import-placeholder-for-207445"},"modified":"2021-12-01T12:35:59","modified_gmt":"2021-12-01T11:35:59","slug":"bergsteiger-auf-den-spuren-grosser-alpinisten","status":"publish","type":"product","link":"https:\/\/pizbube.ch\/en\/shop\/bergsteiger-auf-den-spuren-grosser-alpinisten\/","title":{"rendered":"Bergsteiger &#8211; Auf den Spuren grosser Alpinisten"},"content":{"rendered":"<p>Ber\u00fchmte Bergsteiger im Portr\u00e4t<\/p>\n<p>Folgen Sie dem Ruf des Berges! Erleben Sie mit diesem Buch die Geschichte des Bergsteigens von den ersten Pionieren bis zu den gro\u00dfen Bergsportlern von heute. In \u00fcber 100 Portr\u00e4ts werden die Erfolge, Abenteuer &amp; Motive legend\u00e4rer Alpinisten dargestellt \u2013 von \u00d6tzi bis Reinhold Messner. Portr\u00e4ts legend\u00e4rer Berge, wundersch\u00f6ne Bergfotografie, Karten zu Aufstiegsrouten, Zeittafeln &amp; umfangreiche Hintergrundinfos erz\u00e4hlen die Geschichte des Alpinismus lebendig wie nie.<\/p>\n<p>Die Faszination des Alpinismus<\/p>\n<p>F\u00fcr Alpinisten scheint kein Risiko zu hoch, um die h\u00f6chsten, schwierigsten und sch\u00f6nsten Gipfel der Welt zu besteigen. Doch worin liegt ihr Antrieb, immer wieder neue Wege zu suchen und \u00fcber die eigenen Grenzen zu gehen? Dieses Buch beschreibt anschaulich und atmosph\u00e4risch die Motive, Erfolge und Abenteuer der gr\u00f6\u00dften Bergsteiger aller Zeiten. Eine von ihnen \u2013 Gerlinde Kaltenbrunner \u2013 stimmt in einem emotionalen Vorwort auf die Thematik ein.<\/p>\n<p>Erleben Sie die Geschichte des Bergsteigens hautnah:<\/p>\n<p>\u2022 \u00dcber 100 Bergsteiger-Portr\u00e4ts: von \u00d6tzi und Petrarca \u00fcber die Bergf\u00fchrer und Erstbesteiger der Alpengipfel wie Melchior Anderegg, Edward Whymper (Matterhorn), Anderl Heckmair (Eiger Nordwand) bis zu den Bezwingern der Achttausender, z. B. Hermann Buhl \u2013 spannende Schilderungen machen ihre Bergaufstiege lebendig. Anhand von Karten lassen sich die Routen nachvollziehen. Durch Zeittafeln zu Beginn der Kapitel und umfangreiche Hintergrundinformationen zur jeweiligen Epoche werden die Lebensportr\u00e4ts in einen breiten Zusammenhang gestellt, sodass Erfolge und Leistungen richtig eingeordnet werden k\u00f6nnen.<\/p>\n<p>\u2022 Portr\u00e4ts legend\u00e4rer Gipfel.<br \/>\n\u2022 Hintergrundinformationen zur Entwicklung wichtiger Ausr\u00fcstung.<br \/>\n\u2022 Sonderseiten \u00fcber die Berge in Kunst und Literatur.<\/p>\n<p>Auflage 2020<br \/>\n360 Seiten, 220 x 262 mm, fester Einband<br \/>\n\u00dcber 800 farbige Fotos und Illustrationen<\/p>","protected":false},"excerpt":{"rendered":"<ul>\n<li><a href=\"https:\/\/pizbube.ch\/wp-content\/uploads\/attachments\/a_024\/8B8BD76BF61016913F81C06FB9BA0948.pdf\" target=\"_blank\" rel=\"noopener\"><strong>PDF: Bergsteiger &#8211; Leseprobe<\/strong><\/a><\/li>\n<\/ul>","protected":false},"featured_media":158632,"template":"","meta":[],"product_brand":[],"product_cat":[21542],"product_tag":[],"class_list":{"0":"post-151837","1":"product","2":"type-product","3":"status-publish","4":"has-post-thumbnail","6":"product_cat-sachbuecher-dokumentationen","7":"pa_autor-douglas","8":"pa_erscheinungsjahr-21558","9":"pa_region-deutschland","10":"pa_sprache-de","12":"first","13":"instock","14":"taxable","15":"shipping-taxable","16":"purchasable","17":"product-type-simple"},"_links":{"self":[{"href":"https:\/\/pizbube.ch\/en\/wp-json\/wp\/v2\/product\/151837","targetHints":{"allow":["GET"]}}],"collection":[{"href":"https:\/\/pizbube.ch\/en\/wp-json\/wp\/v2\/product"}],"about":[{"href":"https:\/\/pizbube.ch\/en\/wp-json\/wp\/v2\/types\/product"}],"wp:featuredmedia":[{"embeddable":true,"href":"https:\/\/pizbube.ch\/en\/wp-json\/wp\/v2\/media\/158632"}],"wp:attachment":[{"href":"https:\/\/pizbube.ch\/en\/wp-json\/wp\/v2\/media?parent=151837"}],"wp:term":[{"taxonomy":"product_brand","embeddable":true,"href":"https:\/\/pizbube.ch\/en\/wp-json\/wp\/v2\/product_brand?post=151837"},{"taxonomy":"product_cat","embeddable":true,"href":"https:\/\/pizbube.ch\/en\/wp-json\/wp\/v2\/product_cat?post=151837"},{"taxonomy":"product_tag","embeddable":true,"href":"https:\/\/pizbube.ch\/en\/wp-json\/wp\/v2\/product_tag?post=151837"}],"curies":[{"name":"wp","href":"https:\/\/api.w.org\/{rel}","templated":true}]}}