{"id":151838,"date":"2021-01-15T12:02:03","date_gmt":"2021-01-15T12:02:03","guid":{"rendered":"https:\/\/codengine3.ch\/?product=import-placeholder-for-208679"},"modified":"2024-10-16T08:41:18","modified_gmt":"2024-10-16T06:41:18","slug":"die-jungen-wilden-the-young-savages","status":"publish","type":"product","link":"https:\/\/pizbube.ch\/en\/shop\/die-jungen-wilden-the-young-savages\/","title":{"rendered":"Die jungen Wilden &#8211; The Young Savages"},"content":{"rendered":"<p>Bildband von Claudia Ziegler \u00fcber Kletterelite von morgen.<\/p>\n<p>Schier unglaubliche Berichte von jungen und ganz jungen Kletterern, die trotz<br \/>\nihres zarten Alters schon am obersten Limit des Kletterbaren unterwegs sind,<br \/>\nsorgen in den letzten Jahren immer wieder f\u00fcr Furore. Die Fotografin Claudia<br \/>\nZiegler hat einige dieser Youngster mit der Kamera \u00fcber mehrere Tage hinweg<br \/>\nbegleitet. Es entstanden intime Portraits, die den Alltag der Nachwuchsstars<br \/>\nzeigen und es konnten Szenen aus der Lebenswelt der jungen Kletterer-Avant-<br \/>\nGarde eingefangen werden, die sonst selten an die \u00d6ffentlichkeit gelangen.<\/p>\n<p>Der pr\u00e4chtig ausgestattete Bildband enth\u00e4lt u.a. Portr\u00e4ts von Adam Ondra,<br \/>\nMatilda S\u00f6derlund, Johanna Ernst, Alexander Megos, Brooke &amp; Shawn Raboutou,<br \/>\nAshima Shiraishi, Shauna Coxsey, M\u00e9lissa Le Nev\u00e9 und Domen \u0160kofic.<\/p>\n<p>&nbsp;<\/p>\n<p>The Young Savages presents a highly revealing up close and personal look at<br \/>\nthe young rock stars of climbing like you&#8217;ve never seen them before! Packed<br \/>\nwith marvelous large-format photographs, this book tells the backstory of some<br \/>\nof the world&#8217;s top young adult and teenage climbers, known for pushing the<br \/>\nlimits and occasionally causing a stir with their incredible ascents.<\/p>\n<p>Over a two-year period, adventure photographer Claudia Ziegler accompanied<br \/>\nsome of these youngsters to document not just how they climb, but who they are<br \/>\nand how they live off the rock. She has created intimate portraits that give<br \/>\ninsight into the daily lives of these impassioned climbers, including how they<br \/>\ntrain, socialise, recreate, and relax at home.<\/p>\n<p>This magnificently illustrated hard cover book contains portraits of Adam<br \/>\nOndra, Matilda Soderlund, Johanna Ernst, Alexander Megos, Brooke &amp; Shawn<br \/>\nRaboutou, Cameron &amp; Jonathan Horst, Ashima Shiraishi, Shauna Coxsey, Melissa<br \/>\nLe Neve and Domen Skofic.<\/p>\n<p>192 Seiten, 275 x 295 mm, Hardcover + Schutzumschlag, komplett 4-farbig<\/p>","protected":false},"excerpt":{"rendered":"<p><a href=\"https:\/\/pizbube.ch\/wp-content\/uploads\/2021\/01\/Leseprobe-TheYoungSavages.pdf\" target=\"_blank\" rel=\"noopener\"><strong>Leseprobe-TheYoungSavages<\/strong><\/a><\/p>","protected":false},"featured_media":164298,"template":"","meta":[],"product_brand":[],"product_cat":[21542],"product_tag":[],"class_list":{"0":"post-151838","1":"product","2":"type-product","3":"status-publish","4":"has-post-thumbnail","6":"product_cat-sachbuecher-dokumentationen","7":"pa_autor-ziegler","8":"pa_erscheinungsjahr-21597","9":"pa_region-deutschland","10":"pa_sprache-de","12":"first","13":"onbackorder","14":"taxable","15":"shipping-taxable","16":"purchasable","17":"product-type-simple"},"_links":{"self":[{"href":"https:\/\/pizbube.ch\/en\/wp-json\/wp\/v2\/product\/151838","targetHints":{"allow":["GET"]}}],"collection":[{"href":"https:\/\/pizbube.ch\/en\/wp-json\/wp\/v2\/product"}],"about":[{"href":"https:\/\/pizbube.ch\/en\/wp-json\/wp\/v2\/types\/product"}],"wp:featuredmedia":[{"embeddable":true,"href":"https:\/\/pizbube.ch\/en\/wp-json\/wp\/v2\/media\/164298"}],"wp:attachment":[{"href":"https:\/\/pizbube.ch\/en\/wp-json\/wp\/v2\/media?parent=151838"}],"wp:term":[{"taxonomy":"product_brand","embeddable":true,"href":"https:\/\/pizbube.ch\/en\/wp-json\/wp\/v2\/product_brand?post=151838"},{"taxonomy":"product_cat","embeddable":true,"href":"https:\/\/pizbube.ch\/en\/wp-json\/wp\/v2\/product_cat?post=151838"},{"taxonomy":"product_tag","embeddable":true,"href":"https:\/\/pizbube.ch\/en\/wp-json\/wp\/v2\/product_tag?post=151838"}],"curies":[{"name":"wp","href":"https:\/\/api.w.org\/{rel}","templated":true}]}}