{"id":151842,"date":"2021-01-15T12:02:03","date_gmt":"2021-01-15T12:02:03","guid":{"rendered":"https:\/\/codengine3.ch\/?product=import-placeholder-for-201493"},"modified":"2021-01-15T12:02:06","modified_gmt":"2021-01-15T12:02:06","slug":"survival-lexikon","status":"publish","type":"product","link":"https:\/\/pizbube.ch\/en\/shop\/survival-lexikon\/","title":{"rendered":"Survival Lexikon"},"content":{"rendered":"<p>\u00dcberlebenstipps von A wie Abseilen \u00fcber K wie K\u00e4lteschutz bis Z wie Zecken<br \/>\nvermitteln rund 1500 Schlagw\u00f6rter (500 Zeichnungen)<\/p>","protected":false},"excerpt":{"rendered":"<p>\u00dcberlebenstipps von A wie Abseilen \u00fcber K wie K\u00e4lteschutz bis Z wie Zecken vermitteln rund 1500 Schlagw\u00f6rter (500 Zeichnungen)<\/p>","protected":false},"featured_media":28846,"template":"","meta":[],"product_brand":[],"product_cat":[21538],"product_tag":[],"class_list":{"0":"post-151842","1":"product","2":"type-product","3":"status-publish","4":"has-post-thumbnail","6":"product_cat-lehrbuecher","7":"pa_autor-nehberg","8":"pa_erscheinungsjahr-22060","9":"pa_region-survival","10":"pa_sprache-de","12":"first","13":"instock","14":"taxable","15":"shipping-taxable","16":"purchasable","17":"product-type-simple"},"_links":{"self":[{"href":"https:\/\/pizbube.ch\/en\/wp-json\/wp\/v2\/product\/151842","targetHints":{"allow":["GET"]}}],"collection":[{"href":"https:\/\/pizbube.ch\/en\/wp-json\/wp\/v2\/product"}],"about":[{"href":"https:\/\/pizbube.ch\/en\/wp-json\/wp\/v2\/types\/product"}],"wp:featuredmedia":[{"embeddable":true,"href":"https:\/\/pizbube.ch\/en\/wp-json\/wp\/v2\/media\/28846"}],"wp:attachment":[{"href":"https:\/\/pizbube.ch\/en\/wp-json\/wp\/v2\/media?parent=151842"}],"wp:term":[{"taxonomy":"product_brand","embeddable":true,"href":"https:\/\/pizbube.ch\/en\/wp-json\/wp\/v2\/product_brand?post=151842"},{"taxonomy":"product_cat","embeddable":true,"href":"https:\/\/pizbube.ch\/en\/wp-json\/wp\/v2\/product_cat?post=151842"},{"taxonomy":"product_tag","embeddable":true,"href":"https:\/\/pizbube.ch\/en\/wp-json\/wp\/v2\/product_tag?post=151842"}],"curies":[{"name":"wp","href":"https:\/\/api.w.org\/{rel}","templated":true}]}}