{"id":151843,"date":"2021-01-15T12:02:03","date_gmt":"2021-01-15T12:02:03","guid":{"rendered":"https:\/\/codengine3.ch\/?product=import-placeholder-for-201831"},"modified":"2021-01-15T12:04:57","modified_gmt":"2021-01-15T12:04:57","slug":"wildnis-kueche","status":"publish","type":"product","link":"https:\/\/pizbube.ch\/en\/shop\/wildnis-kueche\/","title":{"rendered":"Wildnis K\u00fcche"},"content":{"rendered":"<p>Praxis- Ratgeber f\u00fcr die Ern\u00e4hrung unter freiem Himmel; \u00fcber 40 Rezepte, Tipps<br \/>\nzu Ausr\u00fcstung und Zubereitung.<br \/>\nDas Kochen am Lagerfeuer unter freiem Himmel macht einen wesentlichen Teil des<br \/>\nReizes am Wandern und Wildnisleben aus: die Freude am Improvisieren, am<br \/>\neinfachen Leben in, mit und von der Natur.  <\/p>\n<p>Und nicht zuletzt nat\u00fcrlich: die Freude am guten Essen! Mit zahlreichen<br \/>\npraktischen Tips und Informationen zeigt Rainer H\u00f6h, da\u00df es nicht immer<br \/>\nFertiggerichte, Grillw\u00fcrste oder Nudeln sein m\u00fcssen. Er beschreibt, wie man<br \/>\nmit Spa\u00df leckere Sachen kombiniert, f\u00fcr Abwechslung sorgt und drau\u00dfen sogar<br \/>\nBrot backen kann. Er gibt Tips, was man am besten in den Rucksack packt, wie<br \/>\nsich der Speisezettel aus der Natur erg\u00e4nzen l\u00e4\u00dft und was man beachten mu\u00df,<br \/>\ndamit das Kochvergn\u00fcgen nicht bereits am Feuermachen scheitert.  <\/p>\n<p>Inhaltsverzeichnis: &#8211; Die richtige Ausr\u00fcstung: Brennstoffe, Kochertypen, Koch-<br \/>\nund Essgeschirr &#8211; Vom Umgang mit Feuer: Feuerstellen, Brennmaterial,<br \/>\nErschwerte Bedingungen, Feuer l\u00f6schen &#8211; Lebensmittel f\u00fcr die Outdoor-K\u00fcche:<br \/>\nNahrungsbedarf, Trocknen und Aufbewahren, Energierationen, Nahrung aus der<br \/>\nNatur &#8211; Die hohe Kunst der Zubereitung: D\u00e4mpfen, Garen, Grillen, Braten,<br \/>\nBacken &#8211; Rezepte f\u00fcr das komplette Outdoor-Men\u00fc: Suppen, Teigwaren,<br \/>\nMilchgerichte, Gem\u00fcse, Geb\u00e4ck  <\/p>","protected":false},"excerpt":{"rendered":"<p>Praxis- Ratgeber f\u00fcr die Ern\u00e4hrung unter freiem Himmel; \u00fcber 40 Rezepte, Tipps zu Ausr\u00fcstung und Zubereitung. Das Kochen am Lagerfeuer unter freiem Himmel macht einen wesentlichen Teil des Reizes am Wandern und Wildnisleben aus: die Freude am Improvisieren, am einfachen Leben in, mit und von der Natur. Und nicht zuletzt nat\u00fcrlich: die Freude am guten [&#8230;]\n","protected":false},"featured_media":29215,"template":"","meta":[],"product_brand":[],"product_cat":[21538],"product_tag":[],"class_list":{"0":"post-151843","1":"product","2":"type-product","3":"status-publish","4":"has-post-thumbnail","6":"product_cat-lehrbuecher","7":"pa_autor-hoeh","8":"pa_erscheinungsjahr-21621","9":"pa_region-survival","10":"pa_sprache-de","12":"first","13":"instock","14":"taxable","15":"shipping-taxable","16":"purchasable","17":"product-type-simple"},"_links":{"self":[{"href":"https:\/\/pizbube.ch\/en\/wp-json\/wp\/v2\/product\/151843","targetHints":{"allow":["GET"]}}],"collection":[{"href":"https:\/\/pizbube.ch\/en\/wp-json\/wp\/v2\/product"}],"about":[{"href":"https:\/\/pizbube.ch\/en\/wp-json\/wp\/v2\/types\/product"}],"wp:featuredmedia":[{"embeddable":true,"href":"https:\/\/pizbube.ch\/en\/wp-json\/wp\/v2\/media\/29215"}],"wp:attachment":[{"href":"https:\/\/pizbube.ch\/en\/wp-json\/wp\/v2\/media?parent=151843"}],"wp:term":[{"taxonomy":"product_brand","embeddable":true,"href":"https:\/\/pizbube.ch\/en\/wp-json\/wp\/v2\/product_brand?post=151843"},{"taxonomy":"product_cat","embeddable":true,"href":"https:\/\/pizbube.ch\/en\/wp-json\/wp\/v2\/product_cat?post=151843"},{"taxonomy":"product_tag","embeddable":true,"href":"https:\/\/pizbube.ch\/en\/wp-json\/wp\/v2\/product_tag?post=151843"}],"curies":[{"name":"wp","href":"https:\/\/api.w.org\/{rel}","templated":true}]}}