{"id":151849,"date":"2021-01-15T12:02:04","date_gmt":"2021-01-15T12:02:04","guid":{"rendered":"https:\/\/codengine3.ch\/?product=import-placeholder-for-203976"},"modified":"2021-01-15T14:28:28","modified_gmt":"2021-01-15T14:28:28","slug":"panamericana","status":"publish","type":"product","link":"https:\/\/pizbube.ch\/en\/shop\/panamericana\/","title":{"rendered":"Panamericana"},"content":{"rendered":"<p>Abenteuer zwischen Alaska und Feuerland. 200 Farbfotos, Karte. 223 S. Unter<br \/>\nden Traumrouten der Welt ist sie die bekannteste: die Panamericana. Auf<br \/>\nTausenden von Kilometern durchmisst die legend\u00e4re Strecke den Doppelkontinent<br \/>\nvon Nord nach S\u00fcd. Aber anders als die meisten glauben, ist die Panamericana<br \/>\nkeine einzelne, durchgehende Stra\u00dfe. Vielmehr besteht sie aus einem<br \/>\nverzweigten Wegenetz, das zuweilen weit ins Landesinnere f\u00fchrt. Von den<br \/>\nbizarren Weiten der Arktis Nordkanadas \u00fcber neonglei\u00dfende St\u00e4dte zu endlosen<br \/>\nPampas und sturmumtosten Fjorden in S\u00fcdchile, von schrulligen Ufo-J\u00e4gern in<br \/>\nder W\u00fcste Nevadas zu wilde Goldgr\u00e4ber im tropischen Dschungel &#8211; ein gr\u00f6\u00dferer<br \/>\nReichtum an Klimazonen, Landschaftsformen und Kulturen ist kaum vorstellbar.<br \/>\nPeter Gebhard und Wolf Alexander Hanisch haben den Mythos Panamericana auf<br \/>\ng\u00e4nzlich neue Weise unter die Lupe genommen &#8211; und zeigen uns in pr\u00e4chtigen<br \/>\nFotos und funkelnden Texten eine \u00fcberraschende Vielfalt nebeneinander<br \/>\nexistierender Welten.<\/p>","protected":false},"excerpt":{"rendered":"<p>Abenteuer zwischen Alaska und Feuerland. 200 Farbfotos, Karte. 223 S. Unter den Traumrouten der Welt ist sie die bekannteste: die Panamericana. Auf Tausenden von Kilometern durchmisst die legend\u00e4re Strecke den Doppelkontinent von Nord nach S\u00fcd. Aber anders als die meisten glauben, ist die Panamericana keine einzelne, durchgehende Stra\u00dfe. Vielmehr besteht sie aus einem verzweigten Wegenetz, [&#8230;]\n","protected":false},"featured_media":31699,"template":"","meta":[],"product_brand":[],"product_cat":[21542],"product_tag":[],"class_list":{"0":"post-151849","1":"product","2":"type-product","3":"status-publish","4":"has-post-thumbnail","6":"product_cat-sachbuecher-dokumentationen","7":"pa_autor-gebhard-hanisch","8":"pa_erscheinungsjahr-21776","9":"pa_region-amerika-sued","10":"pa_sprache-de","12":"first","13":"instock","14":"taxable","15":"shipping-taxable","16":"purchasable","17":"product-type-simple"},"_links":{"self":[{"href":"https:\/\/pizbube.ch\/en\/wp-json\/wp\/v2\/product\/151849","targetHints":{"allow":["GET"]}}],"collection":[{"href":"https:\/\/pizbube.ch\/en\/wp-json\/wp\/v2\/product"}],"about":[{"href":"https:\/\/pizbube.ch\/en\/wp-json\/wp\/v2\/types\/product"}],"wp:featuredmedia":[{"embeddable":true,"href":"https:\/\/pizbube.ch\/en\/wp-json\/wp\/v2\/media\/31699"}],"wp:attachment":[{"href":"https:\/\/pizbube.ch\/en\/wp-json\/wp\/v2\/media?parent=151849"}],"wp:term":[{"taxonomy":"product_brand","embeddable":true,"href":"https:\/\/pizbube.ch\/en\/wp-json\/wp\/v2\/product_brand?post=151849"},{"taxonomy":"product_cat","embeddable":true,"href":"https:\/\/pizbube.ch\/en\/wp-json\/wp\/v2\/product_cat?post=151849"},{"taxonomy":"product_tag","embeddable":true,"href":"https:\/\/pizbube.ch\/en\/wp-json\/wp\/v2\/product_tag?post=151849"}],"curies":[{"name":"wp","href":"https:\/\/api.w.org\/{rel}","templated":true}]}}