{"id":151852,"date":"2021-01-15T12:02:04","date_gmt":"2021-01-15T12:02:04","guid":{"rendered":"https:\/\/codengine3.ch\/?product=import-placeholder-for-202978"},"modified":"2023-06-29T09:15:13","modified_gmt":"2023-06-29T07:15:13","slug":"schweden-sued","status":"publish","type":"product","link":"https:\/\/pizbube.ch\/en\/shop\/schweden-sued\/","title":{"rendered":"Schweden S\u00fcd"},"content":{"rendered":"<p>Von Sk\u00e5ne und Sm\u00e5land \u00fcber Stockholm bis Dalarna<\/p>\n<p><span class=\"value\">Der Rother Wanderf\u00fchrer \u00bbSchweden S\u00fcd\u00ab erschlie\u00dft mit 60 \u00fcberwiegend leichten und mittelschweren Touren die vielf\u00e4ltigen Landschaften dieser Region \u2013 von Sk\u00e5ne und Sm\u00e5land \u00fcber Stockholm bis Dalarna.<\/span><\/p>\n<p>Die Wanderungen in diesem Band reichen von Spazierg\u00e4ngen zu Schl\u00f6ssern und pr\u00e4historischen Funden bis zu ausgedehnten Touren durch W\u00e4lder und Fj\u00e4lllandschaften. Viele Wanderungen sind einfach und familienfreundlich. Es finden sich aber auch anspruchsvolle Touren in entlegenen Gebieten in der Auswahl. Einige Wanderungen f\u00fchren durch das liebliche Sm\u00e5land, der Heimat Astrid Lindgrens. Auch die Umgebung der Hauptstadt Stockholm bietet interessante Wanderm\u00f6glichkeiten \u2013 unter anderem im Ekopark, dem ersten National-Stadtpark der Welt, und im Sch\u00e4rengarten. So lassen sich kulturelle Interessen mit sportlichen Ambitionen und Naturerlebnis vortrefflich verbinden.<\/p>\n<p>Jede Wanderung verf\u00fcgt \u00fcber eine zuverl\u00e4ssige Wegbeschreibung, einen detaillierten Kartenausschnitt mit Routeneintrag und ein aussagekr\u00e4ftiges H\u00f6henprofil. Au\u00dferdem gibt es hilfreiche Informationen zu Anfahrt, Unterkunftsm\u00f6glichkeiten, Sehenswertem und vielem mehr. Zudem stehen GPS-Daten zum Download bereit.<\/p>\n<p>8. aktualis. Auflage 2023<br \/>\n220 Seiten mit 104 Farbabbildungen<br \/>\n50 Streckenprofile, 50 Wanderk\u00e4rtchen im Ma\u00dfstab 1:50.000 und 1:75.000, zwei<br \/>\n\u00dcbersichtskarten im Ma\u00dfstab 1:2.000.000 und 1:7.000.000<\/p>","protected":false},"excerpt":{"rendered":"<p>Von Sk\u00e5ne und Sm\u00e5land \u00fcber Stockholm bis Dalarna Der Rother Wanderf\u00fchrer \u00bbSchweden S\u00fcd\u00ab erschlie\u00dft mit 60 \u00fcberwiegend leichten und mittelschweren Touren die vielf\u00e4ltigen Landschaften dieser Region \u2013 von Sk\u00e5ne und Sm\u00e5land \u00fcber Stockholm bis Dalarna. Die Wanderungen in diesem Band reichen von Spazierg\u00e4ngen zu Schl\u00f6ssern und pr\u00e4historischen Funden bis zu ausgedehnten Touren durch W\u00e4lder und [&#8230;]\n","protected":false},"featured_media":168286,"template":"","meta":[],"product_brand":[],"product_cat":[21605],"product_tag":[],"class_list":{"0":"post-151852","1":"product","2":"type-product","3":"status-publish","4":"has-post-thumbnail","6":"product_cat-wanderfuehrer-trekking","7":"pa_autor-mertz","8":"pa_erscheinungsjahr-27129","9":"pa_region-skandinavien-norwegen-schweden-finnland","10":"pa_sprache-de","12":"first","13":"instock","14":"taxable","15":"shipping-taxable","16":"purchasable","17":"product-type-simple"},"_links":{"self":[{"href":"https:\/\/pizbube.ch\/en\/wp-json\/wp\/v2\/product\/151852","targetHints":{"allow":["GET"]}}],"collection":[{"href":"https:\/\/pizbube.ch\/en\/wp-json\/wp\/v2\/product"}],"about":[{"href":"https:\/\/pizbube.ch\/en\/wp-json\/wp\/v2\/types\/product"}],"wp:featuredmedia":[{"embeddable":true,"href":"https:\/\/pizbube.ch\/en\/wp-json\/wp\/v2\/media\/168286"}],"wp:attachment":[{"href":"https:\/\/pizbube.ch\/en\/wp-json\/wp\/v2\/media?parent=151852"}],"wp:term":[{"taxonomy":"product_brand","embeddable":true,"href":"https:\/\/pizbube.ch\/en\/wp-json\/wp\/v2\/product_brand?post=151852"},{"taxonomy":"product_cat","embeddable":true,"href":"https:\/\/pizbube.ch\/en\/wp-json\/wp\/v2\/product_cat?post=151852"},{"taxonomy":"product_tag","embeddable":true,"href":"https:\/\/pizbube.ch\/en\/wp-json\/wp\/v2\/product_tag?post=151852"}],"curies":[{"name":"wp","href":"https:\/\/api.w.org\/{rel}","templated":true}]}}