{"id":151859,"date":"2021-01-15T12:02:05","date_gmt":"2021-01-15T12:02:05","guid":{"rendered":"https:\/\/codengine3.ch\/?product=import-placeholder-for-201503"},"modified":"2021-01-15T12:02:10","modified_gmt":"2021-01-15T12:02:10","slug":"alpine-quergaenge","status":"publish","type":"product","link":"https:\/\/pizbube.ch\/en\/shop\/alpine-quergaenge\/","title":{"rendered":"Alpine Querg\u00e4nge"},"content":{"rendered":"<p>Kulturgeschichte des b\u00fcrgerlichen Alpinismus (1870 &#8211; 1930)  <\/p>\n<p>Seit der Mitte des 19. Jahrhunderts profilierte sich in Deutschland und<br \/>\n\u00d6sterreich eine tat- und bekenntnisfreudige, zun\u00e4chst genuin b\u00fcrgerliche<br \/>\nalpine Bewegung. Die Autorin zeichnet diesen Alpinisierungsproze\u00df unter<br \/>\nkulturgeschichtlichen Aspekten nach. In vier \u00bbQuerg\u00e4ngen\u00ab werden die<br \/>\nSelbstdeutungen von Alpenvereinsfunktion\u00e4ren und freischaffenden<br \/>\nHochtouristen, von Bergwanderinnen und Kletterern diskursanalytisch<br \/>\nuntersucht.  <\/p>","protected":false},"excerpt":{"rendered":"<p>Kulturgeschichte des b\u00fcrgerlichen Alpinismus (1870 &#8211; 1930) Seit der Mitte des 19. Jahrhunderts profilierte sich in Deutschland und \u00d6sterreich eine tat- und bekenntnisfreudige, zun\u00e4chst genuin b\u00fcrgerliche alpine Bewegung. Die Autorin zeichnet diesen Alpinisierungsproze\u00df unter kulturgeschichtlichen Aspekten nach. In vier \u00bbQuerg\u00e4ngen\u00ab werden die Selbstdeutungen von Alpenvereinsfunktion\u00e4ren und freischaffenden Hochtouristen, von Bergwanderinnen und Kletterern diskursanalytisch untersucht.<\/p>","protected":false},"featured_media":28860,"template":"","meta":[],"product_brand":[],"product_cat":[21580],"product_tag":[],"class_list":{"0":"post-151859","1":"product","2":"type-product","3":"status-publish","4":"has-post-thumbnail","6":"product_cat-kunst-kultur","7":"pa_autor-guenther","8":"pa_erscheinungsjahr-22060","9":"pa_region-deutschland","10":"pa_sprache-de","12":"first","13":"instock","14":"taxable","15":"shipping-taxable","16":"purchasable","17":"product-type-simple"},"_links":{"self":[{"href":"https:\/\/pizbube.ch\/en\/wp-json\/wp\/v2\/product\/151859","targetHints":{"allow":["GET"]}}],"collection":[{"href":"https:\/\/pizbube.ch\/en\/wp-json\/wp\/v2\/product"}],"about":[{"href":"https:\/\/pizbube.ch\/en\/wp-json\/wp\/v2\/types\/product"}],"wp:featuredmedia":[{"embeddable":true,"href":"https:\/\/pizbube.ch\/en\/wp-json\/wp\/v2\/media\/28860"}],"wp:attachment":[{"href":"https:\/\/pizbube.ch\/en\/wp-json\/wp\/v2\/media?parent=151859"}],"wp:term":[{"taxonomy":"product_brand","embeddable":true,"href":"https:\/\/pizbube.ch\/en\/wp-json\/wp\/v2\/product_brand?post=151859"},{"taxonomy":"product_cat","embeddable":true,"href":"https:\/\/pizbube.ch\/en\/wp-json\/wp\/v2\/product_cat?post=151859"},{"taxonomy":"product_tag","embeddable":true,"href":"https:\/\/pizbube.ch\/en\/wp-json\/wp\/v2\/product_tag?post=151859"}],"curies":[{"name":"wp","href":"https:\/\/api.w.org\/{rel}","templated":true}]}}