{"id":151860,"date":"2021-01-15T12:02:10","date_gmt":"2021-01-15T12:02:10","guid":{"rendered":"https:\/\/codengine3.ch\/?product=import-placeholder-for-201504"},"modified":"2021-01-15T12:02:13","modified_gmt":"2021-01-15T12:02:13","slug":"suedoestliche-dolomiten","status":"publish","type":"product","link":"https:\/\/pizbube.ch\/en\/shop\/suedoestliche-dolomiten\/","title":{"rendered":"S\u00fcd\u00f6stliche Dolomiten"},"content":{"rendered":"<p>Gebietsf\u00fchrer f\u00fcr Wanderer und Bergsteiger durch die Berge undT\u00e4ler zwischen<br \/>\nCortina und Belluno.<br \/>\nDer Gebietsf\u00fchrer S\u00fcd\u00f6stliche Dolomiten, der die Berggebiete Nuvolau, Croda da<br \/>\nLago, Pelmo, Civetta, Moiazza, Tamer, Pramper, Spiz de Mezzodi, Talvena,<br \/>\nSchiara, Sorapiss, Marmarole, Antelao und Bosconero umfa\u00dft, sowie sein im<br \/>\nVorjahr erschienenes Pendant, der Gebietsf\u00fchrer Nord\u00f6stliche Dolomiten<br \/>\nerg\u00e4nzen die B\u00e4nde 1 &#8211; 4 der S\u00fcdtiroler Gebietsf\u00fchrer und bringen die<br \/>\nS\u00fcdalpen-Reihe zum Abschlu\u00df. Damit sind zwischen den Ortleralpen und den<br \/>\nKarnischen Alpen endlich alle unmittelbar s\u00fcdlich des Alpenhauptkammes<br \/>\n(einschlie\u00dflich diesem selbst) gelegenen Gebiete systematisch beschrieben und<br \/>\ndem Leser leicht zug\u00e4nglich gemacht.<\/p>","protected":false},"excerpt":{"rendered":"<p>Gebietsf\u00fchrer f\u00fcr Wanderer und Bergsteiger durch die Berge undT\u00e4ler zwischen Cortina und Belluno. Der Gebietsf\u00fchrer S\u00fcd\u00f6stliche Dolomiten, der die Berggebiete Nuvolau, Croda da Lago, Pelmo, Civetta, Moiazza, Tamer, Pramper, Spiz de Mezzodi, Talvena, Schiara, Sorapiss, Marmarole, Antelao und Bosconero umfa\u00dft, sowie sein im Vorjahr erschienenes Pendant, der Gebietsf\u00fchrer Nord\u00f6stliche Dolomiten erg\u00e4nzen die B\u00e4nde 1 &#8211; [&#8230;]\n","protected":false},"featured_media":28861,"template":"","meta":[],"product_brand":[],"product_cat":[21544],"product_tag":[],"class_list":{"0":"post-151860","1":"product","2":"type-product","3":"status-publish","4":"has-post-thumbnail","6":"product_cat-fuehrerliteratur-alpin-sommer","7":"pa_autor-goedeke","8":"pa_erscheinungsjahr-22154","9":"pa_region-italien","10":"pa_sprache-de","12":"first","13":"instock","14":"taxable","15":"shipping-taxable","16":"purchasable","17":"product-type-simple"},"_links":{"self":[{"href":"https:\/\/pizbube.ch\/en\/wp-json\/wp\/v2\/product\/151860","targetHints":{"allow":["GET"]}}],"collection":[{"href":"https:\/\/pizbube.ch\/en\/wp-json\/wp\/v2\/product"}],"about":[{"href":"https:\/\/pizbube.ch\/en\/wp-json\/wp\/v2\/types\/product"}],"wp:featuredmedia":[{"embeddable":true,"href":"https:\/\/pizbube.ch\/en\/wp-json\/wp\/v2\/media\/28861"}],"wp:attachment":[{"href":"https:\/\/pizbube.ch\/en\/wp-json\/wp\/v2\/media?parent=151860"}],"wp:term":[{"taxonomy":"product_brand","embeddable":true,"href":"https:\/\/pizbube.ch\/en\/wp-json\/wp\/v2\/product_brand?post=151860"},{"taxonomy":"product_cat","embeddable":true,"href":"https:\/\/pizbube.ch\/en\/wp-json\/wp\/v2\/product_cat?post=151860"},{"taxonomy":"product_tag","embeddable":true,"href":"https:\/\/pizbube.ch\/en\/wp-json\/wp\/v2\/product_tag?post=151860"}],"curies":[{"name":"wp","href":"https:\/\/api.w.org\/{rel}","templated":true}]}}