{"id":151862,"date":"2021-01-15T12:02:10","date_gmt":"2021-01-15T12:02:10","guid":{"rendered":"https:\/\/codengine3.ch\/?product=import-placeholder-for-204930"},"modified":"2021-01-15T14:37:22","modified_gmt":"2021-01-15T14:37:22","slug":"westliche-dolomiten","status":"publish","type":"product","link":"https:\/\/pizbube.ch\/en\/shop\/westliche-dolomiten\/","title":{"rendered":"Westliche Dolomiten"},"content":{"rendered":"<p>70 Gipfeltouren, H\u00f6henwege, Klettersteige mit Sella, Langkofel, Rosengarten,<br \/>\nMarmolada  <\/p>\n<p>Geislerspitzen, Sella, Langkofel, Rosengarten, Marmolada, Pala: Das Zauberwort<br \/>\nDolomiten l\u00e4sst auch Ihr Herz h\u00f6her schlagen? Ob zur &#8218;K\u00f6nigin der Dolomiten&#8216;<br \/>\noder zu &#8218;K\u00f6nig Laurins Reich&#8216;, mit diesem Tourenf\u00fchrer k\u00f6nnen Sie sich auf<br \/>\nWanderungen, Klettersteige und Felsanstiege bis zum III. Grad freuen. Er<br \/>\nbietet alle Klassiker und echte Geheimtipps, u.a. mit Schwierigkeitsgrad,<br \/>\nGehzeit, H\u00f6henmeter, H\u00fctten, Kartenskizzen. 192 S.  <\/p>","protected":false},"excerpt":{"rendered":"<p>70 Gipfeltouren, H\u00f6henwege, Klettersteige mit Sella, Langkofel, Rosengarten, Marmolada Geislerspitzen, Sella, Langkofel, Rosengarten, Marmolada, Pala: Das Zauberwort Dolomiten l\u00e4sst auch Ihr Herz h\u00f6her schlagen? Ob zur &#8218;K\u00f6nigin der Dolomiten&#8216; oder zu &#8218;K\u00f6nig Laurins Reich&#8216;, mit diesem Tourenf\u00fchrer k\u00f6nnen Sie sich auf Wanderungen, Klettersteige und Felsanstiege bis zum III. Grad freuen. Er bietet alle Klassiker und [&#8230;]\n","protected":false},"featured_media":33480,"template":"","meta":[],"product_brand":[],"product_cat":[21544],"product_tag":[],"class_list":{"0":"post-151862","1":"product","2":"type-product","3":"status-publish","4":"has-post-thumbnail","6":"product_cat-fuehrerliteratur-alpin-sommer","7":"pa_autor-zahel","8":"pa_erscheinungsjahr-21842","9":"pa_region-italien","10":"pa_sprache-de","12":"first","13":"outofstock","14":"taxable","15":"shipping-taxable","16":"purchasable","17":"product-type-simple"},"_links":{"self":[{"href":"https:\/\/pizbube.ch\/en\/wp-json\/wp\/v2\/product\/151862","targetHints":{"allow":["GET"]}}],"collection":[{"href":"https:\/\/pizbube.ch\/en\/wp-json\/wp\/v2\/product"}],"about":[{"href":"https:\/\/pizbube.ch\/en\/wp-json\/wp\/v2\/types\/product"}],"wp:featuredmedia":[{"embeddable":true,"href":"https:\/\/pizbube.ch\/en\/wp-json\/wp\/v2\/media\/33480"}],"wp:attachment":[{"href":"https:\/\/pizbube.ch\/en\/wp-json\/wp\/v2\/media?parent=151862"}],"wp:term":[{"taxonomy":"product_brand","embeddable":true,"href":"https:\/\/pizbube.ch\/en\/wp-json\/wp\/v2\/product_brand?post=151862"},{"taxonomy":"product_cat","embeddable":true,"href":"https:\/\/pizbube.ch\/en\/wp-json\/wp\/v2\/product_cat?post=151862"},{"taxonomy":"product_tag","embeddable":true,"href":"https:\/\/pizbube.ch\/en\/wp-json\/wp\/v2\/product_tag?post=151862"}],"curies":[{"name":"wp","href":"https:\/\/api.w.org\/{rel}","templated":true}]}}