{"id":151864,"date":"2021-01-15T12:02:10","date_gmt":"2021-01-15T12:02:10","guid":{"rendered":"https:\/\/codengine3.ch\/?product=import-placeholder-for-203390"},"modified":"2021-01-15T14:22:47","modified_gmt":"2021-01-15T14:22:47","slug":"nationalpark-triglav","status":"publish","type":"product","link":"https:\/\/pizbube.ch\/en\/shop\/nationalpark-triglav\/","title":{"rendered":"Nationalpark Triglav"},"content":{"rendered":"<p>Ein Bergparadies in Slowenien  <\/p>\n<p>Der Tourenreigen von Wolfram Guhl f\u00fchrt uns quer durch das Gebiet des<br \/>\nNationalparks Triglav in den Julischen Alpen und an die slowenische Adria. Vom<br \/>\ntiefsten Punkt, der Tolminka-Klamm mit nur 180 Metern Seeh\u00f6he, geht es bis zum<br \/>\nh\u00f6chsten Berg Sloweniens, dem m\u00e4chtigen Triglavmit 2863 Metern. Die Soca, der<br \/>\ncharakteristische smaragdgr\u00fcne Fluss, wird ebenso vorgestellt wie die<br \/>\nTeufelsbr\u00fccke, das Sieben-Seen-Tal und zahlreiche Berggipfel wie Planja,<br \/>\nPihavec oder Svinjak.  <\/p>\n<p>Der Autor stellt nicht nur die sch\u00f6nsten Wege mit detaillierten Beschreibungen<br \/>\ndurch dieses vielf\u00e4ltige landschaftliche Juwel zusammen, sondern pr\u00e4sentiert<br \/>\ndie Region anhand eines &#8218;gr\u00fcnen&#8216; Konzepts: Wie reist man einfach und schonend<br \/>\nmit \u00f6ffentlichen Verkehrsmitteln an, wie lassen sich umweltfreundliche<br \/>\nProduktionsformen f\u00f6rdern, wie lokale Angebote nutzen? Der handliche F\u00fchrer<br \/>\nerschien erstmals 2001 und liegt nun in v\u00f6llig \u00fcberarbeiteter Form als<br \/>\nNeuauflage vor.  <\/p>","protected":false},"excerpt":{"rendered":"<p>Ein Bergparadies in Slowenien Der Tourenreigen von Wolfram Guhl f\u00fchrt uns quer durch das Gebiet des Nationalparks Triglav in den Julischen Alpen und an die slowenische Adria. Vom tiefsten Punkt, der Tolminka-Klamm mit nur 180 Metern Seeh\u00f6he, geht es bis zum h\u00f6chsten Berg Sloweniens, dem m\u00e4chtigen Triglavmit 2863 Metern. Die Soca, der charakteristische smaragdgr\u00fcne Fluss, [&#8230;]\n","protected":false},"featured_media":30990,"template":"","meta":[],"product_brand":[],"product_cat":[21605],"product_tag":[],"class_list":{"0":"post-151864","1":"product","2":"type-product","3":"status-publish","4":"has-post-thumbnail","6":"product_cat-wanderfuehrer-trekking","7":"pa_autor-guhl","8":"pa_erscheinungsjahr-21693","9":"pa_region-osteuropa","10":"pa_sprache-de","12":"first","13":"instock","14":"taxable","15":"shipping-taxable","16":"purchasable","17":"product-type-simple"},"_links":{"self":[{"href":"https:\/\/pizbube.ch\/en\/wp-json\/wp\/v2\/product\/151864","targetHints":{"allow":["GET"]}}],"collection":[{"href":"https:\/\/pizbube.ch\/en\/wp-json\/wp\/v2\/product"}],"about":[{"href":"https:\/\/pizbube.ch\/en\/wp-json\/wp\/v2\/types\/product"}],"wp:featuredmedia":[{"embeddable":true,"href":"https:\/\/pizbube.ch\/en\/wp-json\/wp\/v2\/media\/30990"}],"wp:attachment":[{"href":"https:\/\/pizbube.ch\/en\/wp-json\/wp\/v2\/media?parent=151864"}],"wp:term":[{"taxonomy":"product_brand","embeddable":true,"href":"https:\/\/pizbube.ch\/en\/wp-json\/wp\/v2\/product_brand?post=151864"},{"taxonomy":"product_cat","embeddable":true,"href":"https:\/\/pizbube.ch\/en\/wp-json\/wp\/v2\/product_cat?post=151864"},{"taxonomy":"product_tag","embeddable":true,"href":"https:\/\/pizbube.ch\/en\/wp-json\/wp\/v2\/product_tag?post=151864"}],"curies":[{"name":"wp","href":"https:\/\/api.w.org\/{rel}","templated":true}]}}