{"id":151866,"date":"2021-01-15T12:02:10","date_gmt":"2021-01-15T12:02:10","guid":{"rendered":"https:\/\/codengine3.ch\/?product=import-placeholder-for-208411"},"modified":"2021-01-15T17:53:44","modified_gmt":"2021-01-15T17:53:44","slug":"skialpinismus-in-den-julischen-alpen-ost","status":"publish","type":"product","link":"https:\/\/pizbube.ch\/en\/shop\/skialpinismus-in-den-julischen-alpen-ost\/","title":{"rendered":"SKIALPINISMUS IN DEN JULISCHEN ALPEN OST"},"content":{"rendered":"<p>100 Skitouren &#8211; Triglav, Jalovec, Prisank, Martuljek, Razor, Krn, Wocheiner<br \/>\nBerge<\/p>\n<p>Jeder Skitourengeher, der auch nur ein einziges Mal einen Schritt in die<br \/>\nJulischen Alpen setzt, wird unweigerlich der Faszination dieser<br \/>\nbeeindruckenden und durchwegs einsamen Gebirgsgruppe erliegen. Dieser zweiten<br \/>\nBand \u201eSkialpinismus in den Julischen Alpen Ost\u201c umfasst den \u00f6stlichen \u2013<br \/>\ng\u00e4nzlich in Slowenien liegenden \u2013 Teil der Julier.  <\/p>\n<p>Der bereits aus dem ersten Teil bekannte wilde und steile Charakter der Touren<br \/>\nsetzt sich hier vor allem in der Jalovec, Triglav und Martuljek-Razor-<br \/>\nPrisojnik Gruppe fort. Zus\u00e4tzlich dazu haben die \u00f6stlichen Julier jedoch noch<br \/>\neine v\u00f6llig kontr\u00e4re Facette zu bieten: die m\u00e4chtigen und ausgedehnten Karst-<br \/>\nPlateaus mit den lieblichen wie auch bizarren Gipfeln der Wocheiner Berge<br \/>\nlassen das Herz jedes klassischen Skitourengehers h\u00f6her schlagen. Hier besteht<br \/>\nsowohl die M\u00f6glichkeit zu wundersch\u00f6nen Tagestouren als auch zu mehrt\u00e4gigen,<br \/>\neinsamen \u00dcberschreitungen.<\/p>\n<p>Als Draufgabe zu den genannten Berggruppen erhebt sich die Krn Gruppe als<br \/>\ns\u00fcdliche Begrenzung der Julier imposant aus der Ebene. Hier findet man nun<br \/>\nbeide beschriebenen Merkmale vereint: steile und wilde Anstiege sowie<br \/>\nweitl\u00e4ufige h\u00fcgelige Plateaus liegen dicht nebeneinander und laden den<br \/>\nWintersportler zu unvergesslichen Entdeckungsreisen durch die winterliche<br \/>\nBergwelt ein.<\/p>","protected":false},"excerpt":{"rendered":"<p>100 Skitouren &#8211; Triglav, Jalovec, Prisank, Martuljek, Razor, Krn, Wocheiner Berge Jeder Skitourengeher, der auch nur ein einziges Mal einen Schritt in die Julischen Alpen setzt, wird unweigerlich der Faszination dieser beeindruckenden und durchwegs einsamen Gebirgsgruppe erliegen. Dieser zweiten Band \u201eSkialpinismus in den Julischen Alpen Ost\u201c umfasst den \u00f6stlichen \u2013 g\u00e4nzlich in Slowenien liegenden \u2013 [&#8230;]\n","protected":false},"featured_media":40114,"template":"","meta":[],"product_brand":[],"product_cat":[21540],"product_tag":[],"class_list":{"0":"post-151866","1":"product","2":"type-product","3":"status-publish","4":"has-post-thumbnail","6":"product_cat-fuehrerliteratur-alpin-winter","7":"pa_autor-ganitzer-pacher-wutte-zink","8":"pa_erscheinungsjahr-21597","9":"pa_region-osteuropa","10":"pa_sprache-de","12":"first","13":"instock","14":"taxable","15":"shipping-taxable","16":"purchasable","17":"product-type-simple"},"_links":{"self":[{"href":"https:\/\/pizbube.ch\/en\/wp-json\/wp\/v2\/product\/151866","targetHints":{"allow":["GET"]}}],"collection":[{"href":"https:\/\/pizbube.ch\/en\/wp-json\/wp\/v2\/product"}],"about":[{"href":"https:\/\/pizbube.ch\/en\/wp-json\/wp\/v2\/types\/product"}],"wp:featuredmedia":[{"embeddable":true,"href":"https:\/\/pizbube.ch\/en\/wp-json\/wp\/v2\/media\/40114"}],"wp:attachment":[{"href":"https:\/\/pizbube.ch\/en\/wp-json\/wp\/v2\/media?parent=151866"}],"wp:term":[{"taxonomy":"product_brand","embeddable":true,"href":"https:\/\/pizbube.ch\/en\/wp-json\/wp\/v2\/product_brand?post=151866"},{"taxonomy":"product_cat","embeddable":true,"href":"https:\/\/pizbube.ch\/en\/wp-json\/wp\/v2\/product_cat?post=151866"},{"taxonomy":"product_tag","embeddable":true,"href":"https:\/\/pizbube.ch\/en\/wp-json\/wp\/v2\/product_tag?post=151866"}],"curies":[{"name":"wp","href":"https:\/\/api.w.org\/{rel}","templated":true}]}}