{"id":151869,"date":"2021-01-15T12:02:11","date_gmt":"2021-01-15T12:02:11","guid":{"rendered":"https:\/\/codengine3.ch\/?product=import-placeholder-for-207934"},"modified":"2025-09-25T14:44:31","modified_gmt":"2025-09-25T12:44:31","slug":"in-bilico","status":"publish","type":"product","link":"https:\/\/pizbube.ch\/en\/shop\/in-bilico\/","title":{"rendered":"in Bilico"},"content":{"rendered":"<p>In Bilico&#8230; suspended between climbing history and the rock climbs in the<br \/>\nPrimiero Dolomites<br \/>\nA new guidebook by Manolo to the Primiero Dolomites has just been published.<br \/>\n416 pages, hot off the press. 53 crags. More than 1000 routes, of which 244<br \/>\nare multi-pitches. Countless topos and sketches (very beautiful), plus<br \/>\nnumerous photos, some historic, that span the entire evolution of sport<br \/>\nclimbing. And then of course there`s the author: Maurizio Zanolla, aka Manolo.<br \/>\nThis, in short, is the resume of &#171;In Bilico&#187;, in delicate balance, an<br \/>\nevocative title to the new guidebook not only because it recalls that<br \/>\nbeautiful and incredible sheet of rock suspended up there between the<br \/>\n&#171;folds&#187; of Val Canali in the Italian Dolomites.<\/p>\n<p>In Bilico\u2026 tra le falesie di Primiero<br \/>\nE` uscita dalla tipografia In Bilico &#8230;fra la storia e i racconti delle vie<br \/>\nnelle falesie di Primiero, la nuova guida di arrampicata di Manolo. La<br \/>\npresentiamo in anteprima insieme all`ultima realizzazione del Mago: la libera<br \/>\ndi Pappagorgia al Bilico in Val Canali.<\/p>\n<p>416 pagine, freschissime di stampa. 53 siti e falesie di arrampicata. Pi\u00f9 di<br \/>\n1000 vie, di cui 244 di pi\u00f9 tiri. Tanti disegni e schizzi (davvero molto<br \/>\nbelli). In pi\u00f9 molte immagini, alcune assolutamente storiche, che abbracciano<br \/>\ntutta l`evoluzione dell`arrampicata sportiva. E poi la firma: Maurizio<br \/>\nZanolla, ovverosia Manolo. Questo, in breve, il profilio di &#171;In Bilico&#187;, un<br \/>\ntitolo gi\u00e0 di per s\u00e9 evocativo per una guida di arrampicata, e non solo perch\u00e9<br \/>\nricorda la bella ed incredibile lavagna di roccia sospesa tra i &#171;flutti&#187;<br \/>\ndella Val Canali.<\/p>","protected":false},"excerpt":{"rendered":"<ul>\n<li><a href=\"https:\/\/youtu.be\/k06PgAw-AOE\" target=\"_blank\" rel=\"noopener\">Video: MANOLO &#171;IN BILICO&#187; &#8211; L`emozione della prima copia <\/a><\/li>\n<\/ul>","protected":false},"featured_media":169429,"template":"","meta":[],"product_brand":[],"product_cat":[21539],"product_tag":[],"class_list":{"0":"post-151869","1":"product","2":"type-product","3":"status-publish","4":"has-post-thumbnail","6":"product_cat-fuehrerliteratur-sportklettern-bouldern","7":"pa_autor-zanolla","8":"pa_erscheinungsjahr-21568","9":"pa_region-italien","10":"pa_sprache-it-en","12":"first","13":"instock","14":"taxable","15":"shipping-taxable","16":"purchasable","17":"product-type-simple"},"_links":{"self":[{"href":"https:\/\/pizbube.ch\/en\/wp-json\/wp\/v2\/product\/151869","targetHints":{"allow":["GET"]}}],"collection":[{"href":"https:\/\/pizbube.ch\/en\/wp-json\/wp\/v2\/product"}],"about":[{"href":"https:\/\/pizbube.ch\/en\/wp-json\/wp\/v2\/types\/product"}],"wp:featuredmedia":[{"embeddable":true,"href":"https:\/\/pizbube.ch\/en\/wp-json\/wp\/v2\/media\/169429"}],"wp:attachment":[{"href":"https:\/\/pizbube.ch\/en\/wp-json\/wp\/v2\/media?parent=151869"}],"wp:term":[{"taxonomy":"product_brand","embeddable":true,"href":"https:\/\/pizbube.ch\/en\/wp-json\/wp\/v2\/product_brand?post=151869"},{"taxonomy":"product_cat","embeddable":true,"href":"https:\/\/pizbube.ch\/en\/wp-json\/wp\/v2\/product_cat?post=151869"},{"taxonomy":"product_tag","embeddable":true,"href":"https:\/\/pizbube.ch\/en\/wp-json\/wp\/v2\/product_tag?post=151869"}],"curies":[{"name":"wp","href":"https:\/\/api.w.org\/{rel}","templated":true}]}}