{"id":151870,"date":"2021-01-15T12:02:11","date_gmt":"2021-01-15T12:02:11","guid":{"rendered":"https:\/\/codengine3.ch\/?product=import-placeholder-for-201508"},"modified":"2021-01-15T12:02:14","modified_gmt":"2021-01-15T12:02:14","slug":"everest-der-roman","status":"publish","type":"product","link":"https:\/\/pizbube.ch\/en\/shop\/everest-der-roman\/","title":{"rendered":"Everest &#8211; Der Roman"},"content":{"rendered":"<p>Wenn der Berg der Berge zur Besessenheit wird &#8211; spannender Roman \u00fcber die<br \/>\nBesteigung des 8000 er. Viel zu viele Menschen meinen heute, den h\u00f6chsten Berg<br \/>\nder Erde, den Mount Everest, besteigen zu m\u00fcssen. Zu ihnen geh\u00f6rt Albert<br \/>\nRichter, ein Mann, der nichts mehr zu verlieren hat. Sein Weg vom Basislager<br \/>\nam Khumbu-Eisbruch zum Gipfel wird nicht nur zum fast unm\u00f6glichen Wagnis,<br \/>\nsondern auch zum Weg zu sich selbst. Everest ist die Summe einer einzigartigen<br \/>\npers\u00f6nlichen Erfahrung des Autors als Berg- und Expeditionsjournalist.  <\/p>","protected":false},"excerpt":{"rendered":"<p>Wenn der Berg der Berge zur Besessenheit wird &#8211; spannender Roman \u00fcber die Besteigung des 8000 er. Viel zu viele Menschen meinen heute, den h\u00f6chsten Berg der Erde, den Mount Everest, besteigen zu m\u00fcssen. Zu ihnen geh\u00f6rt Albert Richter, ein Mann, der nichts mehr zu verlieren hat. Sein Weg vom Basislager am Khumbu-Eisbruch zum Gipfel [&#8230;]\n","protected":false},"featured_media":28866,"template":"","meta":[],"product_brand":[],"product_cat":[21629],"product_tag":[],"class_list":{"0":"post-151870","1":"product","2":"type-product","3":"status-publish","4":"has-post-thumbnail","6":"product_cat-belletristik","7":"pa_autor-kopacka","8":"pa_erscheinungsjahr-22060","9":"pa_region-asien","10":"pa_sprache-de","12":"first","13":"outofstock","14":"taxable","15":"shipping-taxable","16":"purchasable","17":"product-type-simple"},"_links":{"self":[{"href":"https:\/\/pizbube.ch\/en\/wp-json\/wp\/v2\/product\/151870","targetHints":{"allow":["GET"]}}],"collection":[{"href":"https:\/\/pizbube.ch\/en\/wp-json\/wp\/v2\/product"}],"about":[{"href":"https:\/\/pizbube.ch\/en\/wp-json\/wp\/v2\/types\/product"}],"wp:featuredmedia":[{"embeddable":true,"href":"https:\/\/pizbube.ch\/en\/wp-json\/wp\/v2\/media\/28866"}],"wp:attachment":[{"href":"https:\/\/pizbube.ch\/en\/wp-json\/wp\/v2\/media?parent=151870"}],"wp:term":[{"taxonomy":"product_brand","embeddable":true,"href":"https:\/\/pizbube.ch\/en\/wp-json\/wp\/v2\/product_brand?post=151870"},{"taxonomy":"product_cat","embeddable":true,"href":"https:\/\/pizbube.ch\/en\/wp-json\/wp\/v2\/product_cat?post=151870"},{"taxonomy":"product_tag","embeddable":true,"href":"https:\/\/pizbube.ch\/en\/wp-json\/wp\/v2\/product_tag?post=151870"}],"curies":[{"name":"wp","href":"https:\/\/api.w.org\/{rel}","templated":true}]}}