{"id":151871,"date":"2021-01-15T12:02:11","date_gmt":"2021-01-15T12:02:11","guid":{"rendered":"https:\/\/codengine3.ch\/?product=import-placeholder-for-201509"},"modified":"2021-01-15T12:02:15","modified_gmt":"2021-01-15T12:02:15","slug":"falaises-du-jura-histoire-de-lescalade","status":"publish","type":"product","link":"https:\/\/pizbube.ch\/en\/shop\/falaises-du-jura-histoire-de-lescalade\/","title":{"rendered":"Falaises du Jura, histoire de l&#8217;escalade"},"content":{"rendered":"<p>Cet ouvrage relate le d\u00e9veloppement depuis les premi\u00e8res ascensions \u00e0 nos<br \/>\njours au coeur d&#8217;une r\u00e9gion situ\u00e9e entre B\u00e2le et Gen\u00e8ve, Besan\u00e7on et<br \/>\nNeuch\u00e2tel. Mais les auteurs d\u00e9crivent aussi les exploits jurassiens les plus<br \/>\nimportants accomplis hors de ces fronti\u00e8res. Sont \u00e9galement mentionn\u00e9s, de<br \/>\nmani\u00e8re succincte, les ressortissants ext\u00e9rieurs dont les performances ont<br \/>\ninfluenc\u00e9 l&#8217;histoire locale.<\/p>\n<p>Comme il peut para\u00eetre pr\u00e9tentieux et peut-\u00eatre ennuyeux de ne d\u00e9crire que des<br \/>\nexploits techniques, les auteurs pr\u00e9sentent aussi le contexte social et<br \/>\nculturel de chaque \u00e9poque, ainsi que le Club Alpin Suisse, les GHM, les<br \/>\nsecours, les publications, les arts alpins, les professionnels, les<br \/>\n\u00e9quipements, la nature, la toponymie, la g\u00e9ologie, le ski, etc.<\/p>\n<p>A noter que des &#8218;clins d&#8217;il&#8216; et des interviews compl\u00e8tent agr\u00e9ablement les<br \/>\ntextes historiques. Il s&#8217;agit de sujets, tels que des faits extraordinaires ou<br \/>\ndes portraits de grimpeurs, qui m\u00e9ritent une mise en \u00e9vidence particuli\u00e8re.<br \/>\n50% de texte et 50% de photos-documents, 272 p.<\/p>","protected":false},"excerpt":{"rendered":"<p>Cet ouvrage relate le d\u00e9veloppement depuis les premi\u00e8res ascensions \u00e0 nos jours au coeur d&#8217;une r\u00e9gion situ\u00e9e entre B\u00e2le et Gen\u00e8ve, Besan\u00e7on et Neuch\u00e2tel. Mais les auteurs d\u00e9crivent aussi les exploits jurassiens les plus importants accomplis hors de ces fronti\u00e8res. Sont \u00e9galement mentionn\u00e9s, de mani\u00e8re succincte, les ressortissants ext\u00e9rieurs dont les performances ont influenc\u00e9 l&#8217;histoire [&#8230;]\n","protected":false},"featured_media":28867,"template":"","meta":[],"product_brand":[],"product_cat":[21542],"product_tag":[],"class_list":{"0":"post-151871","1":"product","2":"type-product","3":"status-publish","4":"has-post-thumbnail","6":"product_cat-sachbuecher-dokumentationen","7":"pa_autor-remy","8":"pa_erscheinungsjahr-21763","9":"pa_region-schweiz","10":"pa_sprache-fr","12":"first","13":"instock","14":"taxable","15":"shipping-taxable","16":"purchasable","17":"product-type-simple"},"_links":{"self":[{"href":"https:\/\/pizbube.ch\/en\/wp-json\/wp\/v2\/product\/151871","targetHints":{"allow":["GET"]}}],"collection":[{"href":"https:\/\/pizbube.ch\/en\/wp-json\/wp\/v2\/product"}],"about":[{"href":"https:\/\/pizbube.ch\/en\/wp-json\/wp\/v2\/types\/product"}],"wp:featuredmedia":[{"embeddable":true,"href":"https:\/\/pizbube.ch\/en\/wp-json\/wp\/v2\/media\/28867"}],"wp:attachment":[{"href":"https:\/\/pizbube.ch\/en\/wp-json\/wp\/v2\/media?parent=151871"}],"wp:term":[{"taxonomy":"product_brand","embeddable":true,"href":"https:\/\/pizbube.ch\/en\/wp-json\/wp\/v2\/product_brand?post=151871"},{"taxonomy":"product_cat","embeddable":true,"href":"https:\/\/pizbube.ch\/en\/wp-json\/wp\/v2\/product_cat?post=151871"},{"taxonomy":"product_tag","embeddable":true,"href":"https:\/\/pizbube.ch\/en\/wp-json\/wp\/v2\/product_tag?post=151871"}],"curies":[{"name":"wp","href":"https:\/\/api.w.org\/{rel}","templated":true}]}}