{"id":151872,"date":"2021-01-15T12:02:11","date_gmt":"2021-01-15T12:02:11","guid":{"rendered":"https:\/\/codengine3.ch\/?product=import-placeholder-for-201528"},"modified":"2021-06-11T16:19:20","modified_gmt":"2021-06-11T14:19:20","slug":"kletterfuehrer-jura-escalade-dans-le-jura-st-imier-delemont","status":"publish","type":"product","link":"https:\/\/pizbube.ch\/en\/shop\/kletterfuehrer-jura-escalade-dans-le-jura-st-imier-delemont\/","title":{"rendered":"Kletterf\u00fchrer Jura &#8211; Escalade dans le Jura St.-Imier &#8211; Del\u00e9mont"},"content":{"rendered":"<p>St-Imier &#8211; Del\u00e9mont.<\/p>\n<p>Dieser zweisprachige Kletterf\u00fchrer beschreibt anhand von Topos alle<br \/>\nKletterrouten des Kantons Jura und des Vallon de St. Imier, von den grossen<br \/>\nTechno-Routen des Vall\u00e9e du Doubs bis zum Klettergarten Del\u00e9mont, vor allem<br \/>\nmit den grossen Gebieten `Somm\u00eatres` oder `Vaferdeau`. Zahlreiche Fotos,<br \/>\nInformationen \u00fcber andere Sportm\u00f6glichkeiten wie Mountainbike, Wandern,<br \/>\nCanyoning sowie kulturelle und nat\u00fcrliche Sehensw\u00fcrdigkeiten erg\u00e4nzen die<br \/>\nSkizzen und beschriebenen Routen.<\/p>\n<p>100 Routenk\u00e4rtchen und zahlreiche Farbfotos<br \/>\nIn: Deutsch \/ Franz\u00f6sisch. Farb., s\/w. Fotos, Abb. 208 S<\/p>","protected":false},"excerpt":{"rendered":"<p>St-Imier &#8211; Del\u00e9mont. Dieser zweisprachige Kletterf\u00fchrer beschreibt anhand von Topos alle Kletterrouten des Kantons Jura und des Vallon de St. Imier, von den grossen Techno-Routen des Vall\u00e9e du Doubs bis zum Klettergarten Del\u00e9mont, vor allem mit den grossen Gebieten `Somm\u00eatres` oder `Vaferdeau`. Zahlreiche Fotos, Informationen \u00fcber andere Sportm\u00f6glichkeiten wie Mountainbike, Wandern, Canyoning sowie kulturelle und [&#8230;]\n","protected":false},"featured_media":156373,"template":"","meta":[],"product_brand":[],"product_cat":[21539],"product_tag":[],"class_list":{"0":"post-151872","1":"product","2":"type-product","3":"status-publish","4":"has-post-thumbnail","6":"product_cat-fuehrerliteratur-sportklettern-bouldern","7":"pa_autor-burnand-paratte","8":"pa_erscheinungsjahr-21591","9":"pa_region-schweiz","10":"pa_sprache-d","11":"pa_sprache-f","13":"first","14":"instock","15":"taxable","16":"shipping-taxable","17":"purchasable","18":"product-type-simple"},"_links":{"self":[{"href":"https:\/\/pizbube.ch\/en\/wp-json\/wp\/v2\/product\/151872","targetHints":{"allow":["GET"]}}],"collection":[{"href":"https:\/\/pizbube.ch\/en\/wp-json\/wp\/v2\/product"}],"about":[{"href":"https:\/\/pizbube.ch\/en\/wp-json\/wp\/v2\/types\/product"}],"wp:featuredmedia":[{"embeddable":true,"href":"https:\/\/pizbube.ch\/en\/wp-json\/wp\/v2\/media\/156373"}],"wp:attachment":[{"href":"https:\/\/pizbube.ch\/en\/wp-json\/wp\/v2\/media?parent=151872"}],"wp:term":[{"taxonomy":"product_brand","embeddable":true,"href":"https:\/\/pizbube.ch\/en\/wp-json\/wp\/v2\/product_brand?post=151872"},{"taxonomy":"product_cat","embeddable":true,"href":"https:\/\/pizbube.ch\/en\/wp-json\/wp\/v2\/product_cat?post=151872"},{"taxonomy":"product_tag","embeddable":true,"href":"https:\/\/pizbube.ch\/en\/wp-json\/wp\/v2\/product_tag?post=151872"}],"curies":[{"name":"wp","href":"https:\/\/api.w.org\/{rel}","templated":true}]}}