{"id":151873,"date":"2021-01-15T12:02:11","date_gmt":"2021-01-15T12:02:11","guid":{"rendered":"https:\/\/codengine3.ch\/?product=import-placeholder-for-207553"},"modified":"2021-04-30T12:34:24","modified_gmt":"2021-04-30T10:34:24","slug":"fontane-numero-1-ein-sommer-im-gebirge","status":"publish","type":"product","link":"https:\/\/pizbube.ch\/en\/shop\/fontane-numero-1-ein-sommer-im-gebirge\/","title":{"rendered":"Fontane Numero 1 &#8211; Ein Sommer im Gebirge"},"content":{"rendered":"<p>Eine Schaffenskrise und das festgefahrene Leben in Mailand bringen Paolo auf<br \/>\ndie Idee, sich f\u00fcr eine Zeit von der Zivilisation zu verabschieden. Inspiriert<br \/>\nvon Henry David Thoreau, Chris McCandless und anderen Eremiten mietet er eine<br \/>\nH\u00fctte in den Bergen \u2013 Fontane Numero 1 \u2013, nicht weit von dort, wo er als Kind<br \/>\ndie Sommer verbracht hat. Als Ende April das Abenteuer beginnt, erwarten ihn<br \/>\nda oben Reste von Schnee, das Rauschen des Winds und das Schweigen der Steine.<\/p>\n<p>Das Dasein auf 2000 Meter H\u00f6he bringt die einfachen Dinge zur\u00fcck: Holz hacken,<br \/>\nFeuer machen, die Gegend erkunden, einen Garten anlegen. Paolo spricht mit den<br \/>\nTieren, liest B\u00fccher, h\u00f6rt seltsame Ger\u00e4usche in der Nacht. Wochenlang sieht<br \/>\ner keine Menschenseele, bis aus dem Nebel doch eine Gestalt auftaucht.<\/p>\n<p>Paolo Cognettis H\u00fcttenbuch erz\u00e4hlt von der sch\u00f6nen, schrecklichen Einsamkeit,<br \/>\nin der man sich selber n\u00e4herkommt, von einer nicht gekannten Freundschaft und<br \/>\n\u2013 wir lesen den Beweis \u2013 von der Wiederkehr der verlorenen Sprache.<\/p>","protected":false},"excerpt":{"rendered":"<p>Eine Schaffenskrise und das festgefahrene Leben in Mailand bringen Paolo auf die Idee, sich f\u00fcr eine Zeit von der Zivilisation zu verabschieden. Inspiriert von Henry David Thoreau, Chris McCandless und anderen Eremiten mietet er eine H\u00fctte in den Bergen \u2013 Fontane Numero 1 \u2013, nicht weit von dort, wo er als Kind die Sommer verbracht [&#8230;]\n","protected":false},"featured_media":37792,"template":"","meta":[],"product_brand":[],"product_cat":[21629],"product_tag":[],"class_list":{"0":"post-151873","1":"product","2":"type-product","3":"status-publish","4":"has-post-thumbnail","6":"product_cat-belletristik","7":"pa_autor-cognetti","8":"pa_erscheinungsjahr-21574","9":"pa_region-schweiz","10":"pa_sprache-de","12":"first","13":"instock","14":"taxable","15":"shipping-taxable","16":"purchasable","17":"product-type-simple"},"_links":{"self":[{"href":"https:\/\/pizbube.ch\/en\/wp-json\/wp\/v2\/product\/151873","targetHints":{"allow":["GET"]}}],"collection":[{"href":"https:\/\/pizbube.ch\/en\/wp-json\/wp\/v2\/product"}],"about":[{"href":"https:\/\/pizbube.ch\/en\/wp-json\/wp\/v2\/types\/product"}],"wp:featuredmedia":[{"embeddable":true,"href":"https:\/\/pizbube.ch\/en\/wp-json\/wp\/v2\/media\/37792"}],"wp:attachment":[{"href":"https:\/\/pizbube.ch\/en\/wp-json\/wp\/v2\/media?parent=151873"}],"wp:term":[{"taxonomy":"product_brand","embeddable":true,"href":"https:\/\/pizbube.ch\/en\/wp-json\/wp\/v2\/product_brand?post=151873"},{"taxonomy":"product_cat","embeddable":true,"href":"https:\/\/pizbube.ch\/en\/wp-json\/wp\/v2\/product_cat?post=151873"},{"taxonomy":"product_tag","embeddable":true,"href":"https:\/\/pizbube.ch\/en\/wp-json\/wp\/v2\/product_tag?post=151873"}],"curies":[{"name":"wp","href":"https:\/\/api.w.org\/{rel}","templated":true}]}}