{"id":151874,"date":"2021-01-15T12:02:11","date_gmt":"2021-01-15T12:02:11","guid":{"rendered":"https:\/\/codengine3.ch\/?product=import-placeholder-for-205530"},"modified":"2021-01-15T14:41:58","modified_gmt":"2021-01-15T14:41:58","slug":"altitude-4000-photographies","status":"publish","type":"product","link":"https:\/\/pizbube.ch\/en\/shop\/altitude-4000-photographies\/","title":{"rendered":"Altitude 4000 photographies"},"content":{"rendered":"<p>Eine neue und originelle Sicht der Alpengipfel!<br \/>\nEs handelt sich um eine Serie fotografischer Portraits der 38 schweizerischen<br \/>\nGipfel mit einer H\u00f6he von mehr als 4000 m.<br \/>\nEine Doppelseite pro Gipfel mit einer Kurzbeschreibung und einer Ansicht der<br \/>\nRegion oder einer anderen Seite desselben Gebirges. Die H\u00f6he von 4000 m<br \/>\nbefindet sich im Seitenspiegel immer an derselben Stelle; einzig ein<br \/>\nbesonderer Sichtwinkel erm\u00f6glicht es, die Linie zu sehen, die mit<br \/>\ndurchsichtigem Lack die H\u00f6he von 4000 m kennzeichnet.<br \/>\nDaten \u00fcber die Felsengr\u00f6\u00dfe, die Beschaffenheit der Felsen, das hydrologische<br \/>\nBecken etc.  <\/p>\n<p>Pour la premi\u00e8re fois dans un livre, tous les plus hauts sommets des Alpes<br \/>\nsuisses photographi\u00e9s \u00e0 l&#8217;altitude de 4000 m\u00e8tres. Une galerie impressionnante<br \/>\nde portraits de pierres, de glaces et de ciels! Avec la collaboration de<br \/>\nPierre Abramowski.  <\/p>\n<p>A new regards on the swiss 4000 meters summits:<br \/>\nA double page for each summit, with a short description of that summit and a<br \/>\noverview of the region in wich the mountain stands. A line in varnish shows<br \/>\nthe altitude of 4000 meters on every page and stands at the same place in the<br \/>\nentire book. Datas on the county, state, type of rock, volume above 4000,<br \/>\nsurface at 4000 meters date of first ascent and who did it is shwn for every<br \/>\nsummit.<br \/>\nTexte en fran\u00e7ais, en allemand et en anglais.  <\/p>","protected":false},"excerpt":{"rendered":"<p>Eine neue und originelle Sicht der Alpengipfel! Es handelt sich um eine Serie fotografischer Portraits der 38 schweizerischen Gipfel mit einer H\u00f6he von mehr als 4000 m. Eine Doppelseite pro Gipfel mit einer Kurzbeschreibung und einer Ansicht der Region oder einer anderen Seite desselben Gebirges. Die H\u00f6he von 4000 m befindet sich im Seitenspiegel immer [&#8230;]\n","protected":false},"featured_media":34264,"template":"","meta":[],"product_brand":[],"product_cat":[21580],"product_tag":[],"class_list":{"0":"post-151874","1":"product","2":"type-product","3":"status-publish","4":"has-post-thumbnail","6":"product_cat-kunst-kultur","7":"pa_autor-schobinger","8":"pa_erscheinungsjahr-21591","9":"pa_region-schweiz","10":"pa_sprache-d","11":"pa_sprache-e","12":"pa_sprache-f","14":"first","15":"outofstock","16":"taxable","17":"shipping-taxable","18":"purchasable","19":"product-type-simple"},"_links":{"self":[{"href":"https:\/\/pizbube.ch\/en\/wp-json\/wp\/v2\/product\/151874","targetHints":{"allow":["GET"]}}],"collection":[{"href":"https:\/\/pizbube.ch\/en\/wp-json\/wp\/v2\/product"}],"about":[{"href":"https:\/\/pizbube.ch\/en\/wp-json\/wp\/v2\/types\/product"}],"wp:featuredmedia":[{"embeddable":true,"href":"https:\/\/pizbube.ch\/en\/wp-json\/wp\/v2\/media\/34264"}],"wp:attachment":[{"href":"https:\/\/pizbube.ch\/en\/wp-json\/wp\/v2\/media?parent=151874"}],"wp:term":[{"taxonomy":"product_brand","embeddable":true,"href":"https:\/\/pizbube.ch\/en\/wp-json\/wp\/v2\/product_brand?post=151874"},{"taxonomy":"product_cat","embeddable":true,"href":"https:\/\/pizbube.ch\/en\/wp-json\/wp\/v2\/product_cat?post=151874"},{"taxonomy":"product_tag","embeddable":true,"href":"https:\/\/pizbube.ch\/en\/wp-json\/wp\/v2\/product_tag?post=151874"}],"curies":[{"name":"wp","href":"https:\/\/api.w.org\/{rel}","templated":true}]}}