{"id":151875,"date":"2021-01-15T12:02:12","date_gmt":"2021-01-15T12:02:12","guid":{"rendered":"https:\/\/codengine3.ch\/?product=import-placeholder-for-204921"},"modified":"2025-07-18T14:40:32","modified_gmt":"2025-07-18T12:40:32","slug":"tous-les-tours-du-viso-entre-queyras-et-italie","status":"publish","type":"product","link":"https:\/\/pizbube.ch\/en\/shop\/tous-les-tours-du-viso-entre-queyras-et-italie\/","title":{"rendered":"TOUS LES TOURS DU VISO, ENTRE QUEYRAS ET ITALIE"},"content":{"rendered":"<p>Avec son immense r\u00e9seau de sentiers balis\u00e9s et ses quatorze refuges et<br \/>\nbivouacs, le massif du Viso est un des plus fabuleux secteurs de randonn\u00e9e des<br \/>\nAlpes. Aussi incroyable que cela puisse para\u00eetre, il n&#8217;avait jamais fait<br \/>\nl&#8217;objet d&#8217;un ouvrage en Fran\u00e7ais. C&#8217;est maintenant chose faite avec ce tout<br \/>\nnouveau guide des fr\u00e8res VALLOT.<\/p>\n<p>\u00c0 travers sept Tours de tous niveaux, Etienne<br \/>\net Guillaume vous invitent \u00e0 la d\u00e9couverte des recoins les plus sauvages du<br \/>\nRoi de Pierre. Au d\u00e9tour des sentiers, offrez-vous quelques une des 25 voies<br \/>\nnormales des plus beaux sommets rencontr\u00e9s. Et, en point d&#8217;orgue \u00e0 cet<br \/>\nEldorado du trekking, lancez-vous dans la c\u00e9l\u00e8bre Voie Normale du Viso,<br \/>\nd\u00e9crite pas \u00e0 pas en fin de volume. Ce nouveau guide d\u00e9voilera pour la<br \/>\npremi\u00e8re fois au public le fantastique r\u00e9seau de sentiers, de cols et de<br \/>\nrefuges autour du mont Viso.<\/p>\n<p>2i\u00e8me \u00e9dit. 2014<\/p>","protected":false},"excerpt":{"rendered":"<p>Avec son immense r\u00e9seau de sentiers balis\u00e9s et ses quatorze refuges et bivouacs, le massif du Viso est un des plus fabuleux secteurs de randonn\u00e9e des Alpes. Aussi incroyable que cela puisse para\u00eetre, il n&#8217;avait jamais fait l&#8217;objet d&#8217;un ouvrage en Fran\u00e7ais. C&#8217;est maintenant chose faite avec ce tout nouveau guide des fr\u00e8res VALLOT. \u00c0 [&#8230;]\n","protected":false},"featured_media":180574,"template":"","meta":[],"product_brand":[],"product_cat":[21544],"product_tag":[],"class_list":{"0":"post-151875","1":"product","2":"type-product","3":"status-publish","4":"has-post-thumbnail","6":"product_cat-fuehrerliteratur-alpin-sommer","7":"pa_autor-vallot","8":"pa_erscheinungsjahr-21550","9":"pa_region-frankreich","10":"pa_sprache-fr","12":"first","13":"instock","14":"taxable","15":"shipping-taxable","16":"purchasable","17":"product-type-simple"},"_links":{"self":[{"href":"https:\/\/pizbube.ch\/en\/wp-json\/wp\/v2\/product\/151875","targetHints":{"allow":["GET"]}}],"collection":[{"href":"https:\/\/pizbube.ch\/en\/wp-json\/wp\/v2\/product"}],"about":[{"href":"https:\/\/pizbube.ch\/en\/wp-json\/wp\/v2\/types\/product"}],"wp:featuredmedia":[{"embeddable":true,"href":"https:\/\/pizbube.ch\/en\/wp-json\/wp\/v2\/media\/180574"}],"wp:attachment":[{"href":"https:\/\/pizbube.ch\/en\/wp-json\/wp\/v2\/media?parent=151875"}],"wp:term":[{"taxonomy":"product_brand","embeddable":true,"href":"https:\/\/pizbube.ch\/en\/wp-json\/wp\/v2\/product_brand?post=151875"},{"taxonomy":"product_cat","embeddable":true,"href":"https:\/\/pizbube.ch\/en\/wp-json\/wp\/v2\/product_cat?post=151875"},{"taxonomy":"product_tag","embeddable":true,"href":"https:\/\/pizbube.ch\/en\/wp-json\/wp\/v2\/product_tag?post=151875"}],"curies":[{"name":"wp","href":"https:\/\/api.w.org\/{rel}","templated":true}]}}