{"id":151876,"date":"2021-01-15T12:02:12","date_gmt":"2021-01-15T12:02:12","guid":{"rendered":"https:\/\/codengine3.ch\/?product=import-placeholder-for-201514"},"modified":"2021-01-15T12:02:16","modified_gmt":"2021-01-15T12:02:16","slug":"lawinen-gefahr","status":"publish","type":"product","link":"https:\/\/pizbube.ch\/en\/shop\/lawinen-gefahr\/","title":{"rendered":"Lawinen Gefahr"},"content":{"rendered":"<p>Entstehung und Ausl\u00f6sung von Schneebrettern, Risiken richtig einsch\u00e4tzen,<br \/>\nSchneedeckentests. Richtige Entscheidungen treffen, Tourenplanung, Routenwahl.<br \/>\nSchneebretter: Risiken erkennen und Entscheidungen treffen: 100 Praxis Tipps<br \/>\nliefern Kompakt- Infos auf einen Blick, f\u00fcr Skitourengeher, Variantenfahrer,<br \/>\nSnowboarder und Scheeschuhwanderer.<br \/>\nPr\u00e4sentiert neue Sichtweisen, die Munters Ansatz erg\u00e4nzen und vertiefen. Mit<br \/>\n100 Praxis-Tipps. Zahlr. Farbfotos, Abb. 111 S.<\/p>","protected":false},"excerpt":{"rendered":"<p>Entstehung und Ausl\u00f6sung von Schneebrettern, Risiken richtig einsch\u00e4tzen, Schneedeckentests. Richtige Entscheidungen treffen, Tourenplanung, Routenwahl. Schneebretter: Risiken erkennen und Entscheidungen treffen: 100 Praxis Tipps liefern Kompakt- Infos auf einen Blick, f\u00fcr Skitourengeher, Variantenfahrer, Snowboarder und Scheeschuhwanderer. Pr\u00e4sentiert neue Sichtweisen, die Munters Ansatz erg\u00e4nzen und vertiefen. Mit 100 Praxis-Tipps. Zahlr. Farbfotos, Abb. 111 S.<\/p>","protected":false},"featured_media":28872,"template":"","meta":[],"product_brand":[],"product_cat":[21538],"product_tag":[],"class_list":{"0":"post-151876","1":"product","2":"type-product","3":"status-publish","4":"has-post-thumbnail","6":"product_cat-lehrbuecher","7":"pa_autor-hoffmann","8":"pa_erscheinungsjahr-22242","9":"pa_region-alpin-winter","10":"pa_sprache-de","12":"first","13":"outofstock","14":"taxable","15":"shipping-taxable","16":"purchasable","17":"product-type-simple"},"_links":{"self":[{"href":"https:\/\/pizbube.ch\/en\/wp-json\/wp\/v2\/product\/151876","targetHints":{"allow":["GET"]}}],"collection":[{"href":"https:\/\/pizbube.ch\/en\/wp-json\/wp\/v2\/product"}],"about":[{"href":"https:\/\/pizbube.ch\/en\/wp-json\/wp\/v2\/types\/product"}],"wp:featuredmedia":[{"embeddable":true,"href":"https:\/\/pizbube.ch\/en\/wp-json\/wp\/v2\/media\/28872"}],"wp:attachment":[{"href":"https:\/\/pizbube.ch\/en\/wp-json\/wp\/v2\/media?parent=151876"}],"wp:term":[{"taxonomy":"product_brand","embeddable":true,"href":"https:\/\/pizbube.ch\/en\/wp-json\/wp\/v2\/product_brand?post=151876"},{"taxonomy":"product_cat","embeddable":true,"href":"https:\/\/pizbube.ch\/en\/wp-json\/wp\/v2\/product_cat?post=151876"},{"taxonomy":"product_tag","embeddable":true,"href":"https:\/\/pizbube.ch\/en\/wp-json\/wp\/v2\/product_tag?post=151876"}],"curies":[{"name":"wp","href":"https:\/\/api.w.org\/{rel}","templated":true}]}}