{"id":151878,"date":"2021-01-15T12:02:12","date_gmt":"2021-01-15T12:02:12","guid":{"rendered":"https:\/\/codengine3.ch\/?product=import-placeholder-for-203883"},"modified":"2021-01-15T14:27:32","modified_gmt":"2021-01-15T14:27:32","slug":"lawinen-warn-dreieck","status":"publish","type":"product","link":"https:\/\/pizbube.ch\/en\/shop\/lawinen-warn-dreieck\/","title":{"rendered":"Lawinen-Warn-Dreieck"},"content":{"rendered":"<p>Leporello; Das Lawinen-Warn-Dreieck erm\u00f6glicht eine ganzheitliche<br \/>\nBetrachtungsweise des komplexen Themas Lawinen und Risikomanagement. Inhalt<br \/>\ndes Leporellos ist die grafische Darstellung LWD. Damit kann einfach und<br \/>\nschnell die kompakte Materie Risikomanagement im Wintersport durchschaut<br \/>\nwerden.<br \/>\nZu Hause: Checkliste Standards und Limits, Die wichtigsten Punkte der<br \/>\nTourenplanung, Europ\u00e4ische Gefahrenskala, Verhalten in Abh\u00e4ngigkeit von<br \/>\nGefahrenstufe und Hangneigung, Schl\u00fcsselvariablen der Gefahrenbeurteilung. Auf<br \/>\nTour: Untersuchung der Schneedecke. Im Notfall: Versch\u00fcttetensuche, Grobsuche,<br \/>\nFeinsuche, Punktortung, systematische Suche mit der 3-Kreismethode, Erste-<br \/>\nHilfe-Ma\u00dfnahmen bei Lawinenversch\u00fctteten. 16 Seiten, Format 62 x 10 cm,<br \/>\nPolyester-Laminierung.<\/p>","protected":false},"excerpt":{"rendered":"<p>Leporello; Das Lawinen-Warn-Dreieck erm\u00f6glicht eine ganzheitliche Betrachtungsweise des komplexen Themas Lawinen und Risikomanagement. Inhalt des Leporellos ist die grafische Darstellung LWD. Damit kann einfach und schnell die kompakte Materie Risikomanagement im Wintersport durchschaut werden. Zu Hause: Checkliste Standards und Limits, Die wichtigsten Punkte der Tourenplanung, Europ\u00e4ische Gefahrenskala, Verhalten in Abh\u00e4ngigkeit von Gefahrenstufe und Hangneigung, Schl\u00fcsselvariablen [&#8230;]\n","protected":false},"featured_media":31591,"template":"","meta":[],"product_brand":[],"product_cat":[21538],"product_tag":[],"class_list":{"0":"post-151878","1":"product","2":"type-product","3":"status-publish","4":"has-post-thumbnail","6":"product_cat-lehrbuecher","7":"pa_autor-durner","8":"pa_erscheinungsjahr-21776","9":"pa_region-alpin-winter","10":"pa_sprache-de","12":"first","13":"instock","14":"taxable","15":"shipping-taxable","16":"purchasable","17":"product-type-simple"},"_links":{"self":[{"href":"https:\/\/pizbube.ch\/en\/wp-json\/wp\/v2\/product\/151878","targetHints":{"allow":["GET"]}}],"collection":[{"href":"https:\/\/pizbube.ch\/en\/wp-json\/wp\/v2\/product"}],"about":[{"href":"https:\/\/pizbube.ch\/en\/wp-json\/wp\/v2\/types\/product"}],"wp:featuredmedia":[{"embeddable":true,"href":"https:\/\/pizbube.ch\/en\/wp-json\/wp\/v2\/media\/31591"}],"wp:attachment":[{"href":"https:\/\/pizbube.ch\/en\/wp-json\/wp\/v2\/media?parent=151878"}],"wp:term":[{"taxonomy":"product_brand","embeddable":true,"href":"https:\/\/pizbube.ch\/en\/wp-json\/wp\/v2\/product_brand?post=151878"},{"taxonomy":"product_cat","embeddable":true,"href":"https:\/\/pizbube.ch\/en\/wp-json\/wp\/v2\/product_cat?post=151878"},{"taxonomy":"product_tag","embeddable":true,"href":"https:\/\/pizbube.ch\/en\/wp-json\/wp\/v2\/product_tag?post=151878"}],"curies":[{"name":"wp","href":"https:\/\/api.w.org\/{rel}","templated":true}]}}