{"id":151879,"date":"2021-01-15T12:02:12","date_gmt":"2021-01-15T12:02:12","guid":{"rendered":"https:\/\/codengine3.ch\/?product=import-placeholder-for-208184"},"modified":"2023-03-30T09:42:42","modified_gmt":"2023-03-30T07:42:42","slug":"hotel-zum-schweizerischen-alpenclub-maderanertal-im-kanton-uri","status":"publish","type":"product","link":"https:\/\/pizbube.ch\/en\/shop\/hotel-zum-schweizerischen-alpenclub-maderanertal-im-kanton-uri\/","title":{"rendered":"Hotel zum Schweizerischen Alpenclub \u2013 Maderanertal im Kanton Uri"},"content":{"rendered":"<p>So wie das Rauschen des Ch\u00e4rstelenbaches dem Maderanertal seine eigene<br \/>\nunverwechselbare Naturgeschichte gibt, finden seit \u00fcber 150 Jahren vom Hotel<br \/>\nzuhinderst im Tal unz\u00e4hlige Geschichten ihren Weg in die weite Welt.<\/p>\n<p>Einige Geschichten aus der Mitte des 20. Jahrhunderts sind in diesem Buch<br \/>\naufgeschrieben worden. Auch sie geh\u00f6ren zur Geschichte dieses Tals.<\/p>\n<p>1864 entstand zuhinterst im Maderanertal, auf der Balmenegg das Hotel \u00abZum Schweizerischen Alpenclub\u00bb. So hiess das Hotel Maderanertal urspr\u00fcnglich. Die Gr\u00fcndung f\u00e4llt in die Zeit als die Engl\u00e4nder und die St\u00e4dter die Bergwelt entdeckten, bereisten und bestiegen. Namhafte Pers\u00f6nlichkeiten, Staatsm\u00e4nner, W\u00fcrdentr\u00e4ger und gar die holl\u00e4ndische K\u00f6nigin weilten im Berghotel. Was mit einem bescheidenen Hotel begann, entwickelte sich schnell zu einem Weiler mit einem kleinen See mit Ruderbooten und gar zu einer eigenen Briefmarke. Das bauliche Ensemble befindet sich heute im Inventar sch\u00fctzenswerter Ortsbilder der Schweiz (ISOS).<\/p>","protected":false},"excerpt":{"rendered":"<p>So wie das Rauschen des Ch\u00e4rstelenbaches dem Maderanertal seine eigene unverwechselbare Naturgeschichte gibt, finden seit \u00fcber 150 Jahren vom Hotel zuhinderst im Tal unz\u00e4hlige Geschichten ihren Weg in die weite Welt. Einige Geschichten aus der Mitte des 20. Jahrhunderts sind in diesem Buch aufgeschrieben worden. Auch sie geh\u00f6ren zur Geschichte dieses Tals. 1864 entstand zuhinterst [&#8230;]\n","protected":false},"featured_media":39580,"template":"","meta":[],"product_brand":[],"product_cat":[21542],"product_tag":[],"class_list":{"0":"post-151879","1":"product","2":"type-product","3":"status-publish","4":"has-post-thumbnail","6":"product_cat-sachbuecher-dokumentationen","7":"pa_autor-zimmermann","8":"pa_erscheinungsjahr-21568","9":"pa_region-schweiz","10":"pa_sprache-de","12":"first","13":"outofstock","14":"taxable","15":"shipping-taxable","16":"purchasable","17":"product-type-simple"},"_links":{"self":[{"href":"https:\/\/pizbube.ch\/en\/wp-json\/wp\/v2\/product\/151879","targetHints":{"allow":["GET"]}}],"collection":[{"href":"https:\/\/pizbube.ch\/en\/wp-json\/wp\/v2\/product"}],"about":[{"href":"https:\/\/pizbube.ch\/en\/wp-json\/wp\/v2\/types\/product"}],"wp:featuredmedia":[{"embeddable":true,"href":"https:\/\/pizbube.ch\/en\/wp-json\/wp\/v2\/media\/39580"}],"wp:attachment":[{"href":"https:\/\/pizbube.ch\/en\/wp-json\/wp\/v2\/media?parent=151879"}],"wp:term":[{"taxonomy":"product_brand","embeddable":true,"href":"https:\/\/pizbube.ch\/en\/wp-json\/wp\/v2\/product_brand?post=151879"},{"taxonomy":"product_cat","embeddable":true,"href":"https:\/\/pizbube.ch\/en\/wp-json\/wp\/v2\/product_cat?post=151879"},{"taxonomy":"product_tag","embeddable":true,"href":"https:\/\/pizbube.ch\/en\/wp-json\/wp\/v2\/product_tag?post=151879"}],"curies":[{"name":"wp","href":"https:\/\/api.w.org\/{rel}","templated":true}]}}