{"id":151881,"date":"2021-01-15T12:02:12","date_gmt":"2021-01-15T12:02:12","guid":{"rendered":"https:\/\/codengine3.ch\/?product=import-placeholder-for-204200"},"modified":"2021-01-15T14:30:50","modified_gmt":"2021-01-15T14:30:50","slug":"hoerbuch-cd-wirklich-oben-bist-du-nie","status":"publish","type":"product","link":"https:\/\/pizbube.ch\/en\/shop\/hoerbuch-cd-wirklich-oben-bist-du-nie\/","title":{"rendered":"H\u00f6rbuch-CD Wirklich oben bist du nie"},"content":{"rendered":"<p>&#8218;Wirklich oben bist du nie&#8216; ist das zweite Buch von Peter Brunnert und kn\u00fcpft<br \/>\nnahtlos an den Erfolg seines Erstlingswerks &#8218;Wir m\u00fcssen da hoch&#8216; an. Auf<br \/>\nvielfachen Wunsch gibt es vier ausgew\u00e4hlte Geschichten jetzt auch multimedial<br \/>\nauditiv auf CD. Wer also bisher keine Gelegenheit hatte, einer seiner Lesungen<br \/>\nbeizuwohnen, kann gem\u00fctlich daheim auf dem Sofa Platz nehmen. Aber Vorsicht &#8211;<br \/>\nalles zerbrechliche, was bei eventuellen Lachanf\u00e4llen im Weg stehen k\u00f6nnte,<br \/>\nvorher wegr\u00e4umen!<\/p>","protected":false},"excerpt":{"rendered":"<p>&#8218;Wirklich oben bist du nie&#8216; ist das zweite Buch von Peter Brunnert und kn\u00fcpft nahtlos an den Erfolg seines Erstlingswerks &#8218;Wir m\u00fcssen da hoch&#8216; an. Auf vielfachen Wunsch gibt es vier ausgew\u00e4hlte Geschichten jetzt auch multimedial auditiv auf CD. Wer also bisher keine Gelegenheit hatte, einer seiner Lesungen beizuwohnen, kann gem\u00fctlich daheim auf dem Sofa [&#8230;]\n","protected":false},"featured_media":37575,"template":"","meta":[],"product_brand":[],"product_cat":[21628],"product_tag":[],"class_list":{"0":"post-151881","1":"product","2":"type-product","3":"status-publish","4":"has-post-thumbnail","6":"product_cat-video-dvd-multimedia","7":"pa_autor-brunnert","8":"pa_erscheinungsjahr-21763","9":"pa_region-deutschland","10":"pa_sprache-de","12":"first","13":"outofstock","14":"taxable","15":"shipping-taxable","16":"purchasable","17":"product-type-simple"},"_links":{"self":[{"href":"https:\/\/pizbube.ch\/en\/wp-json\/wp\/v2\/product\/151881","targetHints":{"allow":["GET"]}}],"collection":[{"href":"https:\/\/pizbube.ch\/en\/wp-json\/wp\/v2\/product"}],"about":[{"href":"https:\/\/pizbube.ch\/en\/wp-json\/wp\/v2\/types\/product"}],"wp:featuredmedia":[{"embeddable":true,"href":"https:\/\/pizbube.ch\/en\/wp-json\/wp\/v2\/media\/37575"}],"wp:attachment":[{"href":"https:\/\/pizbube.ch\/en\/wp-json\/wp\/v2\/media?parent=151881"}],"wp:term":[{"taxonomy":"product_brand","embeddable":true,"href":"https:\/\/pizbube.ch\/en\/wp-json\/wp\/v2\/product_brand?post=151881"},{"taxonomy":"product_cat","embeddable":true,"href":"https:\/\/pizbube.ch\/en\/wp-json\/wp\/v2\/product_cat?post=151881"},{"taxonomy":"product_tag","embeddable":true,"href":"https:\/\/pizbube.ch\/en\/wp-json\/wp\/v2\/product_tag?post=151881"}],"curies":[{"name":"wp","href":"https:\/\/api.w.org\/{rel}","templated":true}]}}