{"id":151882,"date":"2021-01-15T12:02:12","date_gmt":"2021-01-15T12:02:12","guid":{"rendered":"https:\/\/codengine3.ch\/?product=import-placeholder-for-205258"},"modified":"2021-01-15T14:39:54","modified_gmt":"2021-01-15T14:39:54","slug":"nanga-parbat-hoerspiel","status":"publish","type":"product","link":"https:\/\/pizbube.ch\/en\/shop\/nanga-parbat-hoerspiel\/","title":{"rendered":"Nanga Parbat (H\u00f6rspiel)"},"content":{"rendered":"<p>Das H\u00f6rspiel &#8218;Nanga Parbat&#8216; ist eine Reise auf den neunth\u00f6chsten Berg der Erde<br \/>\nund erz\u00e4hlt die Geschichte von f\u00fcnf K\u00fcnstlern, die sich einer<br \/>\nBergsteigerexpedition angeschlossen haben, um inmitten der gewaltigen<br \/>\nLandschaft in die seltsame Welt der Extrembergsteiger einzutauchen.<br \/>\nKai-Uwe Kohlschmidt schrieb Tagebuch, machte zahlreiche O-Ton-Aufnahmen,<br \/>\nzeichnete den Funkverkehr auf und f\u00fchrte Interviews mit den Bergsteigern. Mit<br \/>\ndiesem umfangreichen Material inszenierte er ein packendes und intensives<br \/>\nH\u00f6rspiel, dessen hochauthentische Athmosph\u00e4rik, wunderbare Musik und<br \/>\nlakonische Poesie den H\u00f6rer mit auf eine ungew\u00f6hnliche Reise nimmt, an dessen<br \/>\nEnde ein tragischer Unfall steht.  <\/p>\n<p>Sprecher: Wolfgang Wagner, Arta Adler<br \/>\nRegie: Kai-Uwe Kohlschmidt<br \/>\nProduktion: Hessischer Rundfunk<br \/>\nDeutsch. 61 Min<\/p>","protected":false},"excerpt":{"rendered":"<p>Das H\u00f6rspiel &#8218;Nanga Parbat&#8216; ist eine Reise auf den neunth\u00f6chsten Berg der Erde und erz\u00e4hlt die Geschichte von f\u00fcnf K\u00fcnstlern, die sich einer Bergsteigerexpedition angeschlossen haben, um inmitten der gewaltigen Landschaft in die seltsame Welt der Extrembergsteiger einzutauchen. Kai-Uwe Kohlschmidt schrieb Tagebuch, machte zahlreiche O-Ton-Aufnahmen, zeichnete den Funkverkehr auf und f\u00fchrte Interviews mit den Bergsteigern. [&#8230;]\n","protected":false},"featured_media":33913,"template":"","meta":[],"product_brand":[],"product_cat":[21628],"product_tag":[],"class_list":{"0":"post-151882","1":"product","2":"type-product","3":"status-publish","4":"has-post-thumbnail","6":"product_cat-video-dvd-multimedia","7":"pa_autor-kohlschmidt-wagner","8":"pa_erscheinungsjahr-21763","9":"pa_region-asien","10":"pa_sprache-de","12":"first","13":"instock","14":"taxable","15":"shipping-taxable","16":"purchasable","17":"product-type-simple"},"_links":{"self":[{"href":"https:\/\/pizbube.ch\/en\/wp-json\/wp\/v2\/product\/151882","targetHints":{"allow":["GET"]}}],"collection":[{"href":"https:\/\/pizbube.ch\/en\/wp-json\/wp\/v2\/product"}],"about":[{"href":"https:\/\/pizbube.ch\/en\/wp-json\/wp\/v2\/types\/product"}],"wp:featuredmedia":[{"embeddable":true,"href":"https:\/\/pizbube.ch\/en\/wp-json\/wp\/v2\/media\/33913"}],"wp:attachment":[{"href":"https:\/\/pizbube.ch\/en\/wp-json\/wp\/v2\/media?parent=151882"}],"wp:term":[{"taxonomy":"product_brand","embeddable":true,"href":"https:\/\/pizbube.ch\/en\/wp-json\/wp\/v2\/product_brand?post=151882"},{"taxonomy":"product_cat","embeddable":true,"href":"https:\/\/pizbube.ch\/en\/wp-json\/wp\/v2\/product_cat?post=151882"},{"taxonomy":"product_tag","embeddable":true,"href":"https:\/\/pizbube.ch\/en\/wp-json\/wp\/v2\/product_tag?post=151882"}],"curies":[{"name":"wp","href":"https:\/\/api.w.org\/{rel}","templated":true}]}}