{"id":151884,"date":"2021-01-15T12:02:12","date_gmt":"2021-01-15T12:02:12","guid":{"rendered":"https:\/\/codengine3.ch\/?product=import-placeholder-for-205960"},"modified":"2023-10-06T16:05:45","modified_gmt":"2023-10-06T14:05:45","slug":"berge-der-welt-quartettspiel","status":"publish","type":"product","link":"https:\/\/pizbube.ch\/en\/shop\/berge-der-welt-quartettspiel\/","title":{"rendered":"Berge der Welt &#8211;  Quartettspiel"},"content":{"rendered":"<p>Hier erwarten Sie die h\u00f6chsten, legend\u00e4rsten und gef\u00e4hrlichsten BERGE DER<br \/>\nWELT. Treten Sie in folgenden Kategorien gegeneinander an: H\u00f6he \/<br \/>\nErstbesteigung \/ Schartenh\u00f6he \/ Dominanz \/ Besteigungen \/ Todesrate<\/p>\n<p>Erfahren Sie spielerisch mehr &#8211; auf 32 Spielkarten mit ausf\u00fchrlichem<br \/>\nDatenbereich und drei Bonuskarten mit weiter reichenden Informationen rund um<br \/>\ndie Berge der Welt.<\/p>","protected":false},"excerpt":{"rendered":"<p>Hier erwarten Sie die h\u00f6chsten, legend\u00e4rsten und gef\u00e4hrlichsten BERGE DER WELT. Treten Sie in folgenden Kategorien gegeneinander an: H\u00f6he \/ Erstbesteigung \/ Schartenh\u00f6he \/ Dominanz \/ Besteigungen \/ Todesrate Erfahren Sie spielerisch mehr &#8211; auf 32 Spielkarten mit ausf\u00fchrlichem Datenbereich und drei Bonuskarten mit weiter reichenden Informationen rund um die Berge der Welt.<\/p>","protected":false},"featured_media":34825,"template":"","meta":[],"product_brand":[],"product_cat":[21836],"product_tag":[],"class_list":{"0":"post-151884","1":"product","2":"type-product","3":"status-publish","4":"has-post-thumbnail","6":"product_cat-geschenkideen","7":"pa_autor-quertett","8":"pa_erscheinungsjahr-21693","9":"pa_region-deutschland","10":"pa_sprache-de","12":"first","13":"outofstock","14":"taxable","15":"shipping-taxable","16":"purchasable","17":"product-type-simple"},"_links":{"self":[{"href":"https:\/\/pizbube.ch\/en\/wp-json\/wp\/v2\/product\/151884","targetHints":{"allow":["GET"]}}],"collection":[{"href":"https:\/\/pizbube.ch\/en\/wp-json\/wp\/v2\/product"}],"about":[{"href":"https:\/\/pizbube.ch\/en\/wp-json\/wp\/v2\/types\/product"}],"wp:featuredmedia":[{"embeddable":true,"href":"https:\/\/pizbube.ch\/en\/wp-json\/wp\/v2\/media\/34825"}],"wp:attachment":[{"href":"https:\/\/pizbube.ch\/en\/wp-json\/wp\/v2\/media?parent=151884"}],"wp:term":[{"taxonomy":"product_brand","embeddable":true,"href":"https:\/\/pizbube.ch\/en\/wp-json\/wp\/v2\/product_brand?post=151884"},{"taxonomy":"product_cat","embeddable":true,"href":"https:\/\/pizbube.ch\/en\/wp-json\/wp\/v2\/product_cat?post=151884"},{"taxonomy":"product_tag","embeddable":true,"href":"https:\/\/pizbube.ch\/en\/wp-json\/wp\/v2\/product_tag?post=151884"}],"curies":[{"name":"wp","href":"https:\/\/api.w.org\/{rel}","templated":true}]}}