{"id":151885,"date":"2021-01-15T12:02:13","date_gmt":"2021-01-15T12:02:13","guid":{"rendered":"https:\/\/codengine3.ch\/?product=import-placeholder-for-204258"},"modified":"2021-01-15T14:31:24","modified_gmt":"2021-01-15T14:31:24","slug":"mein-weg","status":"publish","type":"product","link":"https:\/\/pizbube.ch\/en\/shop\/mein-weg\/","title":{"rendered":"Mein Weg"},"content":{"rendered":"<p>Bilanz eines Grenzg\u00e4ngers  <\/p>\n<p>Er ist der ber\u00fchmteste Bergsteiger der Welt, seine Erfolge sind legend\u00e4r,<br \/>\nseine Auftritte spektakul\u00e4r. Reinhold Messner ist eine schillernde<br \/>\nPers\u00f6nlichkeit mit vielen Facetten. Dieses Buch beleuchtet ihn \u00fcber einen<br \/>\nlangen Entwicklungszeitraum: in aussagekr\u00e4ftigen Interviews und bislang (in<br \/>\nBuchform) unver\u00f6ffentlichten Texten von ihm selbst. Das Kaleidoskop eines<br \/>\nLebens.<\/p>\n<p>Messner ist \u00e4u\u00dferst eloquent- noch wortgewandter wird er mit einem Gegen\u00fcber,<br \/>\nein Dialog wird so zum Feuerwerk! Seine \u00c4u\u00dferungen haben Gewicht gr\u00fcnden sie<br \/>\ndoch auf extremen Erfahrungen: Gedanken \u00fcber die Natur und zum Wesen des<br \/>\nBergsteigens, \u00fcber Abschied und Wiederkehr, Ansporn und Erf\u00fcllung, und \u00fcber<br \/>\nden Weg zu sich selbst.<br \/>\nTaschenbuchausgabe<\/p>","protected":false},"excerpt":{"rendered":"<p>Bilanz eines Grenzg\u00e4ngers Er ist der ber\u00fchmteste Bergsteiger der Welt, seine Erfolge sind legend\u00e4r, seine Auftritte spektakul\u00e4r. Reinhold Messner ist eine schillernde Pers\u00f6nlichkeit mit vielen Facetten. Dieses Buch beleuchtet ihn \u00fcber einen langen Entwicklungszeitraum: in aussagekr\u00e4ftigen Interviews und bislang (in Buchform) unver\u00f6ffentlichten Texten von ihm selbst. Das Kaleidoskop eines Lebens. Messner ist \u00e4u\u00dferst eloquent- noch [&#8230;]\n","protected":false},"featured_media":37833,"template":"","meta":[],"product_brand":[],"product_cat":[21542],"product_tag":[],"class_list":{"0":"post-151885","1":"product","2":"type-product","3":"status-publish","4":"has-post-thumbnail","6":"product_cat-sachbuecher-dokumentationen","7":"pa_autor-messner","8":"pa_erscheinungsjahr-21574","9":"pa_region-italien","10":"pa_sprache-de","12":"first","13":"instock","14":"taxable","15":"shipping-taxable","16":"purchasable","17":"product-type-simple"},"_links":{"self":[{"href":"https:\/\/pizbube.ch\/en\/wp-json\/wp\/v2\/product\/151885","targetHints":{"allow":["GET"]}}],"collection":[{"href":"https:\/\/pizbube.ch\/en\/wp-json\/wp\/v2\/product"}],"about":[{"href":"https:\/\/pizbube.ch\/en\/wp-json\/wp\/v2\/types\/product"}],"wp:featuredmedia":[{"embeddable":true,"href":"https:\/\/pizbube.ch\/en\/wp-json\/wp\/v2\/media\/37833"}],"wp:attachment":[{"href":"https:\/\/pizbube.ch\/en\/wp-json\/wp\/v2\/media?parent=151885"}],"wp:term":[{"taxonomy":"product_brand","embeddable":true,"href":"https:\/\/pizbube.ch\/en\/wp-json\/wp\/v2\/product_brand?post=151885"},{"taxonomy":"product_cat","embeddable":true,"href":"https:\/\/pizbube.ch\/en\/wp-json\/wp\/v2\/product_cat?post=151885"},{"taxonomy":"product_tag","embeddable":true,"href":"https:\/\/pizbube.ch\/en\/wp-json\/wp\/v2\/product_tag?post=151885"}],"curies":[{"name":"wp","href":"https:\/\/api.w.org\/{rel}","templated":true}]}}