{"id":151886,"date":"2021-01-15T12:02:13","date_gmt":"2021-01-15T12:02:13","guid":{"rendered":"https:\/\/codengine3.ch\/?product=import-placeholder-for-202303"},"modified":"2021-01-15T12:35:10","modified_gmt":"2021-01-15T12:35:10","slug":"seven-summits-2","status":"publish","type":"product","link":"https:\/\/pizbube.ch\/en\/shop\/seven-summits-2\/","title":{"rendered":"Seven Summits"},"content":{"rendered":"<p>Auf den h\u00f6chsten Gipfeln der sieben Kontinente: dieses Buch erz\u00e4hlt von<br \/>\nGipfelmomenten, Entt\u00e4uschungen und Trag\u00f6dien. Spannende Erlebnisberichte mit<br \/>\nstimmungsvollen Fotos und weiterf\u00fchrenden Infos. Jeder Berg der Seven Summits<br \/>\nwird hier ausf\u00fchrlich in Wort und Bild vorgestellt: sein Charakter, seine<br \/>\nGeschichte und seine wichtigen Routen.<\/p>\n<p>Danach folgen spannende Berichte und Tagebuch-ausz\u00fcge von Bergsteigern. Sie<br \/>\nerz\u00e4hlen, bei welchen Verh\u00e4ltnissen sie unterwegs waren, welche Entscheidungen<br \/>\nsie zu treffen hatten und welche Hochgef\u00fchle oder Gefahren sie unterwegs<br \/>\nerlebten.<\/p>\n<p>In einer Liste sind ferner alle bisher erfolgreichen Sammler der Seven Summits<br \/>\nerfasst; Rekorde und andere wissenswerte Fakten und Zahlen sowie ein Glossar<br \/>\nalpinistischer Begriffe runden die umfassende Darstellung ab.<\/p>","protected":false},"excerpt":{"rendered":"<p>Auf den h\u00f6chsten Gipfeln der sieben Kontinente: dieses Buch erz\u00e4hlt von Gipfelmomenten, Entt\u00e4uschungen und Trag\u00f6dien. Spannende Erlebnisberichte mit stimmungsvollen Fotos und weiterf\u00fchrenden Infos. Jeder Berg der Seven Summits wird hier ausf\u00fchrlich in Wort und Bild vorgestellt: sein Charakter, seine Geschichte und seine wichtigen Routen. Danach folgen spannende Berichte und Tagebuch-ausz\u00fcge von Bergsteigern. Sie erz\u00e4hlen, bei [&#8230;]\n","protected":false},"featured_media":29683,"template":"","meta":[],"product_brand":[],"product_cat":[21542],"product_tag":[],"class_list":{"0":"post-151886","1":"product","2":"type-product","3":"status-publish","4":"has-post-thumbnail","6":"product_cat-sachbuecher-dokumentationen","7":"pa_autor-bell","8":"pa_erscheinungsjahr-22242","9":"pa_region-schweiz","10":"pa_sprache-de","12":"first","13":"outofstock","14":"taxable","15":"shipping-taxable","16":"purchasable","17":"product-type-simple"},"_links":{"self":[{"href":"https:\/\/pizbube.ch\/en\/wp-json\/wp\/v2\/product\/151886","targetHints":{"allow":["GET"]}}],"collection":[{"href":"https:\/\/pizbube.ch\/en\/wp-json\/wp\/v2\/product"}],"about":[{"href":"https:\/\/pizbube.ch\/en\/wp-json\/wp\/v2\/types\/product"}],"wp:featuredmedia":[{"embeddable":true,"href":"https:\/\/pizbube.ch\/en\/wp-json\/wp\/v2\/media\/29683"}],"wp:attachment":[{"href":"https:\/\/pizbube.ch\/en\/wp-json\/wp\/v2\/media?parent=151886"}],"wp:term":[{"taxonomy":"product_brand","embeddable":true,"href":"https:\/\/pizbube.ch\/en\/wp-json\/wp\/v2\/product_brand?post=151886"},{"taxonomy":"product_cat","embeddable":true,"href":"https:\/\/pizbube.ch\/en\/wp-json\/wp\/v2\/product_cat?post=151886"},{"taxonomy":"product_tag","embeddable":true,"href":"https:\/\/pizbube.ch\/en\/wp-json\/wp\/v2\/product_tag?post=151886"}],"curies":[{"name":"wp","href":"https:\/\/api.w.org\/{rel}","templated":true}]}}