{"id":151890,"date":"2021-01-15T12:02:18","date_gmt":"2021-01-15T12:02:18","guid":{"rendered":"https:\/\/codengine3.ch\/?product=import-placeholder-for-201520"},"modified":"2021-01-15T12:02:21","modified_gmt":"2021-01-15T12:02:21","slug":"softrock-de-band-2","status":"publish","type":"product","link":"https:\/\/pizbube.ch\/en\/shop\/softrock-de-band-2\/","title":{"rendered":"softrock .de Band 2"},"content":{"rendered":"<p>noch mehr softrocks (siehe Best. No. 1764): 20 Genusskletterg\u00e4rten in der N\u00e4he<br \/>\nvon M\u00fcnchen sind beschrieben, 4.- 7. Grad.<\/p>","protected":false},"excerpt":{"rendered":"<p>noch mehr softrocks (siehe Best. No. 1764): 20 Genusskletterg\u00e4rten in der N\u00e4he von M\u00fcnchen sind beschrieben, 4.- 7. Grad.<\/p>","protected":false},"featured_media":45070,"template":"","meta":[],"product_brand":[],"product_cat":[21539],"product_tag":[],"class_list":{"0":"post-151890","1":"product","2":"type-product","3":"status-publish","4":"has-post-thumbnail","6":"product_cat-fuehrerliteratur-sportklettern-bouldern","7":"pa_autor-oberbeil-bucher","8":"pa_erscheinungsjahr-22150","9":"pa_region-deutschland","10":"pa_sprache-de","12":"first","13":"instock","14":"taxable","15":"shipping-taxable","16":"purchasable","17":"product-type-simple"},"_links":{"self":[{"href":"https:\/\/pizbube.ch\/en\/wp-json\/wp\/v2\/product\/151890","targetHints":{"allow":["GET"]}}],"collection":[{"href":"https:\/\/pizbube.ch\/en\/wp-json\/wp\/v2\/product"}],"about":[{"href":"https:\/\/pizbube.ch\/en\/wp-json\/wp\/v2\/types\/product"}],"wp:featuredmedia":[{"embeddable":true,"href":"https:\/\/pizbube.ch\/en\/wp-json\/wp\/v2\/media\/45070"}],"wp:attachment":[{"href":"https:\/\/pizbube.ch\/en\/wp-json\/wp\/v2\/media?parent=151890"}],"wp:term":[{"taxonomy":"product_brand","embeddable":true,"href":"https:\/\/pizbube.ch\/en\/wp-json\/wp\/v2\/product_brand?post=151890"},{"taxonomy":"product_cat","embeddable":true,"href":"https:\/\/pizbube.ch\/en\/wp-json\/wp\/v2\/product_cat?post=151890"},{"taxonomy":"product_tag","embeddable":true,"href":"https:\/\/pizbube.ch\/en\/wp-json\/wp\/v2\/product_tag?post=151890"}],"curies":[{"name":"wp","href":"https:\/\/api.w.org\/{rel}","templated":true}]}}