{"id":151894,"date":"2021-01-15T12:02:18","date_gmt":"2021-01-15T12:02:18","guid":{"rendered":"https:\/\/codengine3.ch\/?product=import-placeholder-for-205507"},"modified":"2021-01-15T14:41:46","modified_gmt":"2021-01-15T14:41:46","slug":"le-regioni-del-cuore","status":"publish","type":"product","link":"https:\/\/pizbube.ch\/en\/shop\/le-regioni-del-cuore\/","title":{"rendered":"Le regioni del cuore"},"content":{"rendered":"<p>Storia di Alison Hargreaves  <\/p>\n<p>L&#8217;apparente contraddizione nei sentimenti di Alison Hargreaves \u00e8 il naturale<br \/>\ntravaglio di un essere umano, alpinista, donna.  <\/p>\n<p>Amava la montagna pi\u00f9 di ogni altra cosa e voleva il riconoscimento delle sue<br \/>\ncapacit\u00e0 alpinistiche a ogni costo. Amava i suoi due figli pi\u00f9 di tutto e<br \/>\nvoleva il loro bene a qualunque prezzo. L&#8217;apparente contraddizione nei<br \/>\nsentimenti di Alison Hargreaves \u00e8 il naturale travaglio di un essere umano,<br \/>\nalpinista, donna. Alison \u00e8 morta scendendo dalla vetta del K2, dove era<br \/>\narrivata in solitaria.  <\/p>\n<p>Poche settimane prima aveva raggiunto la cima dell&#8217;Everest, ma non le era<br \/>\nbastato. L&#8217;ansia di dover dimostrare al mondo il suo valore la tormentava ed<br \/>\nera convinta che l&#8217;alpinismo fosse l&#8217;unico mezzo a sua disposizione per<br \/>\nassicurare un futuro a Tom e Kate. Prima e dopo la sua tragica scomparsa<br \/>\npochissimi l&#8217;hanno compresa, pochi hanno rispettato le sue travagliate scelte,<br \/>\nmolti hanno criticato la sua ostinazione anche e soprattutto in presenza di<br \/>\ndue bambini, gli stessi per i quali Alison, forse, si \u00e8 immortalata.  <\/p>","protected":false},"excerpt":{"rendered":"<p>Storia di Alison Hargreaves L&#8217;apparente contraddizione nei sentimenti di Alison Hargreaves \u00e8 il naturale travaglio di un essere umano, alpinista, donna. Amava la montagna pi\u00f9 di ogni altra cosa e voleva il riconoscimento delle sue capacit\u00e0 alpinistiche a ogni costo. Amava i suoi due figli pi\u00f9 di tutto e voleva il loro bene a qualunque [&#8230;]\n","protected":false},"featured_media":34233,"template":"","meta":[],"product_brand":[],"product_cat":[21542],"product_tag":[],"class_list":{"0":"post-151894","1":"product","2":"type-product","3":"status-publish","4":"has-post-thumbnail","6":"product_cat-sachbuecher-dokumentationen","7":"pa_autor-rose-douglas","8":"pa_erscheinungsjahr-21920","9":"pa_region-italien","10":"pa_sprache-it","12":"first","13":"instock","14":"taxable","15":"shipping-taxable","16":"purchasable","17":"product-type-simple"},"_links":{"self":[{"href":"https:\/\/pizbube.ch\/en\/wp-json\/wp\/v2\/product\/151894","targetHints":{"allow":["GET"]}}],"collection":[{"href":"https:\/\/pizbube.ch\/en\/wp-json\/wp\/v2\/product"}],"about":[{"href":"https:\/\/pizbube.ch\/en\/wp-json\/wp\/v2\/types\/product"}],"wp:featuredmedia":[{"embeddable":true,"href":"https:\/\/pizbube.ch\/en\/wp-json\/wp\/v2\/media\/34233"}],"wp:attachment":[{"href":"https:\/\/pizbube.ch\/en\/wp-json\/wp\/v2\/media?parent=151894"}],"wp:term":[{"taxonomy":"product_brand","embeddable":true,"href":"https:\/\/pizbube.ch\/en\/wp-json\/wp\/v2\/product_brand?post=151894"},{"taxonomy":"product_cat","embeddable":true,"href":"https:\/\/pizbube.ch\/en\/wp-json\/wp\/v2\/product_cat?post=151894"},{"taxonomy":"product_tag","embeddable":true,"href":"https:\/\/pizbube.ch\/en\/wp-json\/wp\/v2\/product_tag?post=151894"}],"curies":[{"name":"wp","href":"https:\/\/api.w.org\/{rel}","templated":true}]}}