{"id":151897,"date":"2021-01-15T12:02:18","date_gmt":"2021-01-15T12:02:18","guid":{"rendered":"https:\/\/codengine3.ch\/?product=import-placeholder-for-202758"},"modified":"2021-01-15T12:39:04","modified_gmt":"2021-01-15T12:39:04","slug":"tessiner-taeler-tessiner-welten","status":"publish","type":"product","link":"https:\/\/pizbube.ch\/en\/shop\/tessiner-taeler-tessiner-welten\/","title":{"rendered":"Tessiner T\u00e4ler Tessiner Welten"},"content":{"rendered":"<p>Der vorliegende Band ist ein unterhaltend geschriebenes Geschichtenbuch, das<br \/>\nhistorische, kulturelle und verkehrsgeschichtliche Entwicklungen schildert<br \/>\nsowie Allt\u00e4gliches und volkst\u00fcmliche \u00dcberlieferungen aufzeichnet. Es<br \/>\nerm\u00f6glicht allen Freunden des Tessins, einige der heutigen Verh\u00e4ltnisse von<br \/>\nihren Quellen her zu verstehen, und es will bewusst machen, dass die Zukunft<br \/>\ndes Tessins mit dem Geschick der ganzen Schweiz verkn\u00fcpft ist.<br \/>\n260 Seiten, Format 15.0 x 22.0 cm, 2002, zahlreiche s\/w Abbildungen,<br \/>\nOrtsverzeichnis, gebunden,  <\/p>","protected":false},"excerpt":{"rendered":"<p>Der vorliegende Band ist ein unterhaltend geschriebenes Geschichtenbuch, das historische, kulturelle und verkehrsgeschichtliche Entwicklungen schildert sowie Allt\u00e4gliches und volkst\u00fcmliche \u00dcberlieferungen aufzeichnet. Es erm\u00f6glicht allen Freunden des Tessins, einige der heutigen Verh\u00e4ltnisse von ihren Quellen her zu verstehen, und es will bewusst machen, dass die Zukunft des Tessins mit dem Geschick der ganzen Schweiz verkn\u00fcpft ist. [&#8230;]\n","protected":false},"featured_media":30202,"template":"","meta":[],"product_brand":[],"product_cat":[21542],"product_tag":[],"class_list":{"0":"post-151897","1":"product","2":"type-product","3":"status-publish","4":"has-post-thumbnail","6":"product_cat-sachbuecher-dokumentationen","7":"pa_autor-maurer","8":"pa_erscheinungsjahr-22144","9":"pa_region-schweiz","10":"pa_sprache-de","12":"first","13":"outofstock","14":"taxable","15":"shipping-taxable","16":"purchasable","17":"product-type-simple"},"_links":{"self":[{"href":"https:\/\/pizbube.ch\/en\/wp-json\/wp\/v2\/product\/151897","targetHints":{"allow":["GET"]}}],"collection":[{"href":"https:\/\/pizbube.ch\/en\/wp-json\/wp\/v2\/product"}],"about":[{"href":"https:\/\/pizbube.ch\/en\/wp-json\/wp\/v2\/types\/product"}],"wp:featuredmedia":[{"embeddable":true,"href":"https:\/\/pizbube.ch\/en\/wp-json\/wp\/v2\/media\/30202"}],"wp:attachment":[{"href":"https:\/\/pizbube.ch\/en\/wp-json\/wp\/v2\/media?parent=151897"}],"wp:term":[{"taxonomy":"product_brand","embeddable":true,"href":"https:\/\/pizbube.ch\/en\/wp-json\/wp\/v2\/product_brand?post=151897"},{"taxonomy":"product_cat","embeddable":true,"href":"https:\/\/pizbube.ch\/en\/wp-json\/wp\/v2\/product_cat?post=151897"},{"taxonomy":"product_tag","embeddable":true,"href":"https:\/\/pizbube.ch\/en\/wp-json\/wp\/v2\/product_tag?post=151897"}],"curies":[{"name":"wp","href":"https:\/\/api.w.org\/{rel}","templated":true}]}}