{"id":151898,"date":"2021-01-15T12:02:18","date_gmt":"2021-01-15T12:02:18","guid":{"rendered":"https:\/\/codengine3.ch\/?product=import-placeholder-for-205673"},"modified":"2024-03-25T14:27:08","modified_gmt":"2024-03-25T13:27:08","slug":"lago-maggiore-und-comer-see","status":"publish","type":"product","link":"https:\/\/pizbube.ch\/en\/shop\/lago-maggiore-und-comer-see\/","title":{"rendered":"Lago Maggiore und Comer See"},"content":{"rendered":"<p>Wanderf\u00fchrer Zwischen Lago Maggiore und Comer See<\/p>\n<p>Sieben mehrt\u00e4gige Wanderungen, zwei bis sieben Etappen lang, f\u00fchren in die<br \/>\nH\u00f6hen zwischen Lago Maggiore, Luganer See und Comer See, wo die schweizerisch-<br \/>\nitalienische Staatsgrenze verl\u00e4uft. Die faszinierende voralpine Region bietet<br \/>\nhohe Buchenw\u00e4lder ebenso wie alte Kastanienforsten, weite Almfl\u00e4chen und<br \/>\nunz\u00e4hlige kleine Maiens\u00e4ssen, dazu malerische Tald\u00f6rfer ? nicht selten alles<br \/>\nin einer einzigen Etappe. Immer wieder fesseln die Tiefblicke in die<br \/>\nfjordartigen Seenbecken.<\/p>\n<p>\u00dcbernachtet wird in urigen Dorfhotels und in gut ausgestatteten Bergh\u00fctten,<br \/>\nmal h\u00fcben mal dr\u00fcben der Grenze. Exakte Angaben zu allen Unterk\u00fcnften.<\/p>\n<p>Der Gr\u00fcne Weg des Malcantone, die Camogh\u00e8-Runde, die Tamaro-Runde, die<br \/>\nGrenzkamm-Route, der Weg der Vier T\u00e4ler zwischen Luganer und Comer See, die<br \/>\nVia dei Monti Lariani in den Westh\u00e4ngen \u00fcber dem Comer See und der Weg des<br \/>\nLarianischen Dreiecks: zusammen \u00fcber 300 Wanderkilometer vom Feinsten.<\/p>","protected":false},"excerpt":{"rendered":"<p>Wanderf\u00fchrer Zwischen Lago Maggiore und Comer See Sieben mehrt\u00e4gige Wanderungen, zwei bis sieben Etappen lang, f\u00fchren in die H\u00f6hen zwischen Lago Maggiore, Luganer See und Comer See, wo die schweizerisch- italienische Staatsgrenze verl\u00e4uft. Die faszinierende voralpine Region bietet hohe Buchenw\u00e4lder ebenso wie alte Kastanienforsten, weite Almfl\u00e4chen und unz\u00e4hlige kleine Maiens\u00e4ssen, dazu malerische Tald\u00f6rfer ? nicht [&#8230;]\n","protected":false},"featured_media":34476,"template":"","meta":[],"product_brand":[],"product_cat":[21605],"product_tag":[],"class_list":{"0":"post-151898","1":"product","2":"type-product","3":"status-publish","4":"has-post-thumbnail","6":"product_cat-wanderfuehrer-trekking","7":"pa_autor-scheck-mikus","8":"pa_erscheinungsjahr-21693","9":"pa_region-schweiz","10":"pa_sprache-de","12":"first","13":"outofstock","14":"taxable","15":"shipping-taxable","16":"purchasable","17":"product-type-simple"},"_links":{"self":[{"href":"https:\/\/pizbube.ch\/en\/wp-json\/wp\/v2\/product\/151898","targetHints":{"allow":["GET"]}}],"collection":[{"href":"https:\/\/pizbube.ch\/en\/wp-json\/wp\/v2\/product"}],"about":[{"href":"https:\/\/pizbube.ch\/en\/wp-json\/wp\/v2\/types\/product"}],"wp:featuredmedia":[{"embeddable":true,"href":"https:\/\/pizbube.ch\/en\/wp-json\/wp\/v2\/media\/34476"}],"wp:attachment":[{"href":"https:\/\/pizbube.ch\/en\/wp-json\/wp\/v2\/media?parent=151898"}],"wp:term":[{"taxonomy":"product_brand","embeddable":true,"href":"https:\/\/pizbube.ch\/en\/wp-json\/wp\/v2\/product_brand?post=151898"},{"taxonomy":"product_cat","embeddable":true,"href":"https:\/\/pizbube.ch\/en\/wp-json\/wp\/v2\/product_cat?post=151898"},{"taxonomy":"product_tag","embeddable":true,"href":"https:\/\/pizbube.ch\/en\/wp-json\/wp\/v2\/product_tag?post=151898"}],"curies":[{"name":"wp","href":"https:\/\/api.w.org\/{rel}","templated":true}]}}