{"id":151900,"date":"2021-01-15T12:02:18","date_gmt":"2021-01-15T12:02:18","guid":{"rendered":"https:\/\/codengine3.ch\/?product=import-placeholder-for-202381"},"modified":"2024-05-14T09:39:43","modified_gmt":"2024-05-14T07:39:43","slug":"lago-maggiore-wanderfuehrer","status":"publish","type":"product","link":"https:\/\/pizbube.ch\/en\/shop\/lago-maggiore-wanderfuehrer\/","title":{"rendered":"Lago Maggiore &#8211; Talwanderungen, Gipfeltouren, Seespazierg\u00e4nge"},"content":{"rendered":"<p><span class=\"value\">Mediterranes Flair, pittoreske Ortschaften und gro\u00dfartige Berge \u2013 der Lago Maggiore bietet ideale Voraussetzungen f\u00fcr reizvolle Wanderungen. Der Rother Wanderf\u00fchrer stellt die 50 sch\u00f6nsten Wanderungen rund um den See vor.<\/span><\/p>\n<p>Die Tourenauswahl bietet f\u00fcr alle Anspr\u00fcche etwas: leichte Wanderungen am Ufer des Sees, Touren zu den sch\u00f6nsten Aussichtspl\u00e4tzen \u00fcber dem Lago Maggiore und anspruchsvolle Bergtouren. H\u00f6hepunkte f\u00fcr Bergsteiger sind die Wanderungen im Val Grande. Im gr\u00f6\u00dften Nationalpark Italiens \u00fcberschreiten die Gipfel zweitausend Meter und die Aufstiege sind lang und steil. F\u00fcr die Anstrengungen entsch\u00e4digt erholsame Einsamkeit, eine vom Menschen fast unber\u00fchrte Landschaft und Rundsichten, die von den Voralpenseen \u00fcber den Alpenhauptkamm bis zum Monte Rosa reichen.<\/p>\n<p>Jeder Tourenvorschlag verf\u00fcgt \u00fcber eine zuverl\u00e4ssige Wegbeschreibung, ein detailliertes Wanderk\u00e4rtchen mit eingetragenem Routenverlauf und ein aussagekr\u00e4ftiges H\u00f6henprofil. Wichtige Angaben, wie Anforderung, H\u00f6henmeter, Einkehrm\u00f6glichkeiten, Varianten u.v.m. finden sich in einer \u00fcbersichtlichen Toureninfo. F\u00fcr alle Touren stehen GPS-Tracks zum Download bereit.<\/p>\n<p>50 Wanderk\u00e4rtchen im Ma\u00dfstab 1:25.000, 1:30.000, 1:50.000 und 1:100.000, zwei \u00dcbersichtskarten im Ma\u00dfstab 1:400.000 und 1:600.000<\/p>\n<p>7., aktualisierte Auflage 2022<\/p>","protected":false},"excerpt":{"rendered":"<p>Mediterranes Flair, pittoreske Ortschaften und gro\u00dfartige Berge \u2013 der Lago Maggiore bietet ideale Voraussetzungen f\u00fcr reizvolle Wanderungen. Der Rother Wanderf\u00fchrer stellt die 50 sch\u00f6nsten Wanderungen rund um den See vor. Die Tourenauswahl bietet f\u00fcr alle Anspr\u00fcche etwas: leichte Wanderungen am Ufer des Sees, Touren zu den sch\u00f6nsten Aussichtspl\u00e4tzen \u00fcber dem Lago Maggiore und anspruchsvolle Bergtouren. [&#8230;]\n","protected":false},"featured_media":173023,"template":"","meta":[],"product_brand":[],"product_cat":[21605],"product_tag":[],"class_list":{"0":"post-151900","1":"product","2":"type-product","3":"status-publish","4":"has-post-thumbnail","6":"product_cat-wanderfuehrer-trekking","7":"pa_autor-schmidt","8":"pa_erscheinungsjahr-27013","9":"pa_region-schweiz","10":"pa_sprache-de","12":"first","13":"instock","14":"taxable","15":"shipping-taxable","16":"purchasable","17":"product-type-simple"},"_links":{"self":[{"href":"https:\/\/pizbube.ch\/en\/wp-json\/wp\/v2\/product\/151900","targetHints":{"allow":["GET"]}}],"collection":[{"href":"https:\/\/pizbube.ch\/en\/wp-json\/wp\/v2\/product"}],"about":[{"href":"https:\/\/pizbube.ch\/en\/wp-json\/wp\/v2\/types\/product"}],"wp:featuredmedia":[{"embeddable":true,"href":"https:\/\/pizbube.ch\/en\/wp-json\/wp\/v2\/media\/173023"}],"wp:attachment":[{"href":"https:\/\/pizbube.ch\/en\/wp-json\/wp\/v2\/media?parent=151900"}],"wp:term":[{"taxonomy":"product_brand","embeddable":true,"href":"https:\/\/pizbube.ch\/en\/wp-json\/wp\/v2\/product_brand?post=151900"},{"taxonomy":"product_cat","embeddable":true,"href":"https:\/\/pizbube.ch\/en\/wp-json\/wp\/v2\/product_cat?post=151900"},{"taxonomy":"product_tag","embeddable":true,"href":"https:\/\/pizbube.ch\/en\/wp-json\/wp\/v2\/product_tag?post=151900"}],"curies":[{"name":"wp","href":"https:\/\/api.w.org\/{rel}","templated":true}]}}