{"id":151901,"date":"2021-01-15T12:02:19","date_gmt":"2021-01-15T12:02:19","guid":{"rendered":"https:\/\/codengine3.ch\/?product=import-placeholder-for-208456"},"modified":"2021-04-20T12:45:05","modified_gmt":"2021-04-20T10:45:05","slug":"gipfelziele-im-tessin","status":"publish","type":"product","link":"https:\/\/pizbube.ch\/en\/shop\/gipfelziele-im-tessin\/","title":{"rendered":"Gipfelziele im Tessin"},"content":{"rendered":"<p>88 Wanderungen zwischen Gotthard und Generoso &#8211; Der umfassendste<br \/>\nRucksackf\u00fchrer durch das Tessin: 88 kombinierbare Wanderungen f\u00fcr die ganz<br \/>\npers\u00f6nliche Strada Alta.<\/p>\n<p>Ein F\u00fchrer f\u00fcrs Tessin, der die \u00fcberraschend vielf\u00e4ltige Gipfelwelt im S\u00fcden<br \/>\nder Schweiz vorstellt, von den gletscher- und ger\u00f6llbedeckten Dreitausendern<br \/>\nbis zu den palmenges\u00e4umten Seeufern. Die Touren in dieser Region, die vom<br \/>\nzentralen Alpenbogen bis in die Po-Ebene hinunterreicht, wurden so ausgew\u00e4hlt,<br \/>\ndass sich der Endpunkt der einen Wanderung mit dem Beginn der n\u00e4chsten deckt.<\/p>\n<p>Dabei zeigen die Einf\u00fchrungstexte und die Farbbilder ein Tessin abseits<br \/>\nausgetrampelter Vorstellungen von einer Sonnenstube der Schweiz. Mit der<br \/>\nAusleuchtung von Hintergr\u00fcnden werden die Wege zum Ziel eines neuen Ticino-<br \/>\nund Wander-Erlebnis: Nicht allein der Berg in der urw\u00fcchsigen Natur z\u00e4hlt,<br \/>\nsondern das Gehen von einer H\u00fctte zur andern, von einem Ort zum n\u00e4chsten.<\/p>\n<p>Dieses Buch ist ein unverzichtbarer Rucksackf\u00fchrer f\u00fcr die ganz pers\u00f6nliche<br \/>\nStrada Alta: 88 kombinierbare Touren mit 178 Gipfelerlebnissen in den<br \/>\nSchwierigkeiten T1 bis T6, dazu alle n\u00f6tigen Informationen zu Anreise, Einkehr<br \/>\nund \u00dcbernachtung.<\/p>\n<p>336 Seiten, 19.0 \u00d7 12.0 cm, Klappenbroschur; 1. Auflage<br \/>\nMit Farbfotos, Routenskizzen und Serviceteil<\/p>","protected":false},"excerpt":{"rendered":"<p>88 Wanderungen zwischen Gotthard und Generoso &#8211; Der umfassendste Rucksackf\u00fchrer durch das Tessin: 88 kombinierbare Wanderungen f\u00fcr die ganz pers\u00f6nliche Strada Alta. Ein F\u00fchrer f\u00fcrs Tessin, der die \u00fcberraschend vielf\u00e4ltige Gipfelwelt im S\u00fcden der Schweiz vorstellt, von den gletscher- und ger\u00f6llbedeckten Dreitausendern bis zu den palmenges\u00e4umten Seeufern. Die Touren in dieser Region, die vom zentralen [&#8230;]\n","protected":false},"featured_media":156968,"template":"","meta":[],"product_brand":[],"product_cat":[21605],"product_tag":[],"class_list":{"0":"post-151901","1":"product","2":"type-product","3":"status-publish","4":"has-post-thumbnail","6":"product_cat-wanderfuehrer-trekking","7":"pa_autor-anker-bachmann","8":"pa_erscheinungsjahr-21574","9":"pa_region-schweiz","10":"pa_sprache-de","12":"first","13":"instock","14":"taxable","15":"shipping-taxable","16":"purchasable","17":"product-type-simple"},"_links":{"self":[{"href":"https:\/\/pizbube.ch\/en\/wp-json\/wp\/v2\/product\/151901","targetHints":{"allow":["GET"]}}],"collection":[{"href":"https:\/\/pizbube.ch\/en\/wp-json\/wp\/v2\/product"}],"about":[{"href":"https:\/\/pizbube.ch\/en\/wp-json\/wp\/v2\/types\/product"}],"wp:featuredmedia":[{"embeddable":true,"href":"https:\/\/pizbube.ch\/en\/wp-json\/wp\/v2\/media\/156968"}],"wp:attachment":[{"href":"https:\/\/pizbube.ch\/en\/wp-json\/wp\/v2\/media?parent=151901"}],"wp:term":[{"taxonomy":"product_brand","embeddable":true,"href":"https:\/\/pizbube.ch\/en\/wp-json\/wp\/v2\/product_brand?post=151901"},{"taxonomy":"product_cat","embeddable":true,"href":"https:\/\/pizbube.ch\/en\/wp-json\/wp\/v2\/product_cat?post=151901"},{"taxonomy":"product_tag","embeddable":true,"href":"https:\/\/pizbube.ch\/en\/wp-json\/wp\/v2\/product_tag?post=151901"}],"curies":[{"name":"wp","href":"https:\/\/api.w.org\/{rel}","templated":true}]}}