{"id":151902,"date":"2021-01-15T12:02:19","date_gmt":"2021-01-15T12:02:19","guid":{"rendered":"https:\/\/codengine3.ch\/?product=import-placeholder-for-203788"},"modified":"2021-01-15T14:26:35","modified_gmt":"2021-01-15T14:26:35","slug":"shorong-hinku-map-no-05","status":"publish","type":"product","link":"https:\/\/pizbube.ch\/en\/shop\/shorong-hinku-map-no-05\/","title":{"rendered":"Shorong \/ Hinku Map No. 05"},"content":{"rendered":"<p>Einzelblattkarten Ostnepal mit H\u00f6henlinien in einer \u00c4quidistanz von 40 m<br \/>\n(1:50.000) bzw. 100 m (1:100.000), Schummerung, detaillierte Darstellung der<br \/>\nFelsen, Gletscher, Mor\u00e4nen, Wald- und kultivierten Fl\u00e4chen und Siedlungen,<br \/>\nteilweise mit Wegmarkierungen, ohne Angabe der Projektionsarten, in<br \/>\nunterschiedlichen Formaten.  <\/p>\n<p>s \u00dcbersicht: No. 5 Shorong(1:50.000)  <\/p>\n<p>A physical topography map with fieldwork undertaken by E.Schneider and revised<br \/>\nusing the Eastern Nepal Topographic Mapping Project of 1995.<\/p>\n<p>SPEZIALPREIS CHF 9.00 (3. AUFLG. )<\/p>","protected":false},"excerpt":{"rendered":"<p>Einzelblattkarten Ostnepal mit H\u00f6henlinien in einer \u00c4quidistanz von 40 m (1:50.000) bzw. 100 m (1:100.000), Schummerung, detaillierte Darstellung der Felsen, Gletscher, Mor\u00e4nen, Wald- und kultivierten Fl\u00e4chen und Siedlungen, teilweise mit Wegmarkierungen, ohne Angabe der Projektionsarten, in unterschiedlichen Formaten. s \u00dcbersicht: No. 5 Shorong(1:50.000) A physical topography map with fieldwork undertaken by E.Schneider and revised using [&#8230;]\n","protected":false},"featured_media":31470,"template":"","meta":[],"product_brand":[],"product_cat":[21543],"product_tag":[],"class_list":{"0":"post-151902","1":"product","2":"type-product","3":"status-publish","4":"has-post-thumbnail","6":"product_cat-landkarten","7":"pa_autor-schneider-nepal-maps","8":"pa_erscheinungsjahr-22275","9":"pa_region-asien","10":"pa_sprache-d","11":"pa_sprache-e","13":"first","14":"instock","15":"taxable","16":"shipping-taxable","17":"purchasable","18":"product-type-simple"},"_links":{"self":[{"href":"https:\/\/pizbube.ch\/en\/wp-json\/wp\/v2\/product\/151902","targetHints":{"allow":["GET"]}}],"collection":[{"href":"https:\/\/pizbube.ch\/en\/wp-json\/wp\/v2\/product"}],"about":[{"href":"https:\/\/pizbube.ch\/en\/wp-json\/wp\/v2\/types\/product"}],"wp:featuredmedia":[{"embeddable":true,"href":"https:\/\/pizbube.ch\/en\/wp-json\/wp\/v2\/media\/31470"}],"wp:attachment":[{"href":"https:\/\/pizbube.ch\/en\/wp-json\/wp\/v2\/media?parent=151902"}],"wp:term":[{"taxonomy":"product_brand","embeddable":true,"href":"https:\/\/pizbube.ch\/en\/wp-json\/wp\/v2\/product_brand?post=151902"},{"taxonomy":"product_cat","embeddable":true,"href":"https:\/\/pizbube.ch\/en\/wp-json\/wp\/v2\/product_cat?post=151902"},{"taxonomy":"product_tag","embeddable":true,"href":"https:\/\/pizbube.ch\/en\/wp-json\/wp\/v2\/product_tag?post=151902"}],"curies":[{"name":"wp","href":"https:\/\/api.w.org\/{rel}","templated":true}]}}