{"id":151903,"date":"2021-01-15T12:02:19","date_gmt":"2021-01-15T12:02:19","guid":{"rendered":"https:\/\/codengine3.ch\/?product=import-placeholder-for-205870"},"modified":"2021-01-15T14:44:37","modified_gmt":"2021-01-15T14:44:37","slug":"katastrophen-am-berg","status":"publish","type":"product","link":"https:\/\/pizbube.ch\/en\/shop\/katastrophen-am-berg\/","title":{"rendered":"Katastrophen am Berg"},"content":{"rendered":"<p>Trag\u00f6dien der Alpingeschichte.  <\/p>\n<p>Triumphe gibt es in der Geschichte des Alpinismus viele, ebenso aber auch<br \/>\nzahlreiche Trag\u00f6dien. Horst H\u00f6fler und Gerlinde Witt sind den ersch\u00fctterndsten<br \/>\nUngl\u00fccken, die Alpinisten zustie\u00dfen, nachgegangen, erz\u00e4hlen aber auch von<br \/>\nhistorischen Bergsturz-, verheerenden Lawinen- und<br \/>\n\u00dcberschwemmungskatastrophen. Mitrei\u00dfend und einf\u00fchlsam zugleich beschrieben,<br \/>\nlassen sie ein St\u00fcck Alpingeschichte erleben, das zu Herzen (und wohl auch an<br \/>\ndie Nieren) geht.<br \/>\nZahlr. farb., s\/w. Fotos. 144 S.  <\/p>","protected":false},"excerpt":{"rendered":"<p>Trag\u00f6dien der Alpingeschichte. Triumphe gibt es in der Geschichte des Alpinismus viele, ebenso aber auch zahlreiche Trag\u00f6dien. Horst H\u00f6fler und Gerlinde Witt sind den ersch\u00fctterndsten Ungl\u00fccken, die Alpinisten zustie\u00dfen, nachgegangen, erz\u00e4hlen aber auch von historischen Bergsturz-, verheerenden Lawinen- und \u00dcberschwemmungskatastrophen. Mitrei\u00dfend und einf\u00fchlsam zugleich beschrieben, lassen sie ein St\u00fcck Alpingeschichte erleben, das zu Herzen (und [&#8230;]\n","protected":false},"featured_media":34711,"template":"","meta":[],"product_brand":[],"product_cat":[21542],"product_tag":[],"class_list":{"0":"post-151903","1":"product","2":"type-product","3":"status-publish","4":"has-post-thumbnail","6":"product_cat-sachbuecher-dokumentationen","7":"pa_autor-hoefler-witt","8":"pa_erscheinungsjahr-21830","9":"pa_region-deutschland","10":"pa_sprache-de","12":"first","13":"instock","14":"taxable","15":"shipping-taxable","16":"purchasable","17":"product-type-simple"},"_links":{"self":[{"href":"https:\/\/pizbube.ch\/en\/wp-json\/wp\/v2\/product\/151903","targetHints":{"allow":["GET"]}}],"collection":[{"href":"https:\/\/pizbube.ch\/en\/wp-json\/wp\/v2\/product"}],"about":[{"href":"https:\/\/pizbube.ch\/en\/wp-json\/wp\/v2\/types\/product"}],"wp:featuredmedia":[{"embeddable":true,"href":"https:\/\/pizbube.ch\/en\/wp-json\/wp\/v2\/media\/34711"}],"wp:attachment":[{"href":"https:\/\/pizbube.ch\/en\/wp-json\/wp\/v2\/media?parent=151903"}],"wp:term":[{"taxonomy":"product_brand","embeddable":true,"href":"https:\/\/pizbube.ch\/en\/wp-json\/wp\/v2\/product_brand?post=151903"},{"taxonomy":"product_cat","embeddable":true,"href":"https:\/\/pizbube.ch\/en\/wp-json\/wp\/v2\/product_cat?post=151903"},{"taxonomy":"product_tag","embeddable":true,"href":"https:\/\/pizbube.ch\/en\/wp-json\/wp\/v2\/product_tag?post=151903"}],"curies":[{"name":"wp","href":"https:\/\/api.w.org\/{rel}","templated":true}]}}