{"id":151904,"date":"2021-01-15T12:02:19","date_gmt":"2021-01-15T12:02:19","guid":{"rendered":"https:\/\/codengine3.ch\/?product=import-placeholder-for-205522"},"modified":"2021-01-15T14:41:53","modified_gmt":"2021-01-15T14:41:53","slug":"eroberer-der-berge","status":"publish","type":"product","link":"https:\/\/pizbube.ch\/en\/shop\/eroberer-der-berge\/","title":{"rendered":"Eroberer der Berge"},"content":{"rendered":"<p>Die gr\u00f6ssten Abenteuer des Alpinismus.  <\/p>\n<p>Der Mont Blanc entwickelte sich nach seiner Erstbesteigung 1786 schnell zu<br \/>\neinem beliebten Ausflugsziel, passionierte Bergsteiger jedoch suchten auf<br \/>\nExpeditionen nach immer steileren W\u00e4nden. Erst Mitte des 20. Jahrhunderts<br \/>\ngelang das scheinbar Unm\u00f6gliche: mit neuartigen Sauerstoffsystemen und<br \/>\nSpezialausr\u00fcstung konnte der Gipfel des Mount Everest bezwungen werden. Dieser<br \/>\nBand stellt Pioniere und ihre Abenteuer vor und liefert<br \/>\nHintergrundinformationen kombiniert mit beeindruckendem Bildmaterial und<br \/>\nOriginaldokumenten.<br \/>\nEin spektakul\u00e4res Buch, das alle Liebhaber von Natur und Bergen begeistern<br \/>\nwird.  <\/p>\n<p>Alles aufklappbare Seiten\/ grossformatige Klapptafeln mit spannendem<br \/>\nBildmaterial zu den thematischen Kapiteln.  <\/p>","protected":false},"excerpt":{"rendered":"<p>Die gr\u00f6ssten Abenteuer des Alpinismus. Der Mont Blanc entwickelte sich nach seiner Erstbesteigung 1786 schnell zu einem beliebten Ausflugsziel, passionierte Bergsteiger jedoch suchten auf Expeditionen nach immer steileren W\u00e4nden. Erst Mitte des 20. Jahrhunderts gelang das scheinbar Unm\u00f6gliche: mit neuartigen Sauerstoffsystemen und Spezialausr\u00fcstung konnte der Gipfel des Mount Everest bezwungen werden. Dieser Band stellt Pioniere [&#8230;]\n","protected":false},"featured_media":34253,"template":"","meta":[],"product_brand":[],"product_cat":[21542],"product_tag":[],"class_list":{"0":"post-151904","1":"product","2":"type-product","3":"status-publish","4":"has-post-thumbnail","6":"product_cat-sachbuecher-dokumentationen","7":"pa_autor-mantovani-lazzarin","8":"pa_erscheinungsjahr-21591","9":"pa_region-frankreich","10":"pa_sprache-de","12":"first","13":"outofstock","14":"taxable","15":"shipping-taxable","16":"purchasable","17":"product-type-simple"},"_links":{"self":[{"href":"https:\/\/pizbube.ch\/en\/wp-json\/wp\/v2\/product\/151904","targetHints":{"allow":["GET"]}}],"collection":[{"href":"https:\/\/pizbube.ch\/en\/wp-json\/wp\/v2\/product"}],"about":[{"href":"https:\/\/pizbube.ch\/en\/wp-json\/wp\/v2\/types\/product"}],"wp:featuredmedia":[{"embeddable":true,"href":"https:\/\/pizbube.ch\/en\/wp-json\/wp\/v2\/media\/34253"}],"wp:attachment":[{"href":"https:\/\/pizbube.ch\/en\/wp-json\/wp\/v2\/media?parent=151904"}],"wp:term":[{"taxonomy":"product_brand","embeddable":true,"href":"https:\/\/pizbube.ch\/en\/wp-json\/wp\/v2\/product_brand?post=151904"},{"taxonomy":"product_cat","embeddable":true,"href":"https:\/\/pizbube.ch\/en\/wp-json\/wp\/v2\/product_cat?post=151904"},{"taxonomy":"product_tag","embeddable":true,"href":"https:\/\/pizbube.ch\/en\/wp-json\/wp\/v2\/product_tag?post=151904"}],"curies":[{"name":"wp","href":"https:\/\/api.w.org\/{rel}","templated":true}]}}