{"id":151906,"date":"2021-01-15T12:02:19","date_gmt":"2021-01-15T12:02:19","guid":{"rendered":"https:\/\/codengine3.ch\/?product=import-placeholder-for-201655"},"modified":"2021-01-15T12:03:31","modified_gmt":"2021-01-15T12:03:31","slug":"eis","status":"publish","type":"product","link":"https:\/\/pizbube.ch\/en\/shop\/eis\/","title":{"rendered":"Eis"},"content":{"rendered":"<p>Roman \u00fcber den Eisabbau im Kl\u00f6ntalersee und die Erfindung der ersten<br \/>\nEisapparate: Der junge Keller hat gerade im Internat sein Abitur abgelegt. Er<br \/>\nversp\u00fcrt das Bed\u00fcrfnis, nach jahrelangem Auswendiglernen eine Zeitlang einer<br \/>\nharten k\u00f6rperlichen Arbeit nachzugehen.<br \/>\nDiesem Bed\u00fcrfnis folgend, beginnt er im Eisunternehmen seines Vaters<br \/>\nauszuhelfen.  <\/p>\n<p>W\u00e4hrend Keller die Umst\u00e4nde und Vorg\u00e4nge des Eiss\u00e4gens sowie das Befinden der<br \/>\nArbeiter festh\u00e4lt, bannt ihn die Idee der k\u00fcnstlichen Eisherstellung. Er<br \/>\nstudiert die Prospekte \u00fcber die bekanntesten Eisapparate der Pariser<br \/>\nWeltausstellung von 1867 sowie Harbigers Welteislehre aus dem Jahr 1927, auf<br \/>\ndessen Theorien er in der Hoffnung st\u00f6\u00dft, Weiteres \u00fcber die k\u00fcnstliche<br \/>\nHerstellung von Eis zu erfahren. Harbiger zufolge bildet sich an der<br \/>\nSchnittstelle zwischen Erdatmosph\u00e4re und Weltall seit Jahrmillionen Eis, das<br \/>\ndurch die Erdrotation in den Raum gestreut und von der Schwerkraft der Sonne<br \/>\nangezogen wird. Es steht bevor, da\u00df die Sonne erlischt.  <\/p>","protected":false},"excerpt":{"rendered":"<p>Roman \u00fcber den Eisabbau im Kl\u00f6ntalersee und die Erfindung der ersten Eisapparate: Der junge Keller hat gerade im Internat sein Abitur abgelegt. Er versp\u00fcrt das Bed\u00fcrfnis, nach jahrelangem Auswendiglernen eine Zeitlang einer harten k\u00f6rperlichen Arbeit nachzugehen. Diesem Bed\u00fcrfnis folgend, beginnt er im Eisunternehmen seines Vaters auszuhelfen. W\u00e4hrend Keller die Umst\u00e4nde und Vorg\u00e4nge des Eiss\u00e4gens sowie [&#8230;]\n","protected":false},"featured_media":29030,"template":"","meta":[],"product_brand":[],"product_cat":[21629],"product_tag":[],"class_list":{"0":"post-151906","1":"product","2":"type-product","3":"status-publish","4":"has-post-thumbnail","6":"product_cat-belletristik","7":"pa_autor-monioudis","8":"pa_erscheinungsjahr-22133","9":"pa_region-schweiz","10":"pa_sprache-de","12":"first","13":"outofstock","14":"taxable","15":"shipping-taxable","16":"purchasable","17":"product-type-simple"},"_links":{"self":[{"href":"https:\/\/pizbube.ch\/en\/wp-json\/wp\/v2\/product\/151906","targetHints":{"allow":["GET"]}}],"collection":[{"href":"https:\/\/pizbube.ch\/en\/wp-json\/wp\/v2\/product"}],"about":[{"href":"https:\/\/pizbube.ch\/en\/wp-json\/wp\/v2\/types\/product"}],"wp:featuredmedia":[{"embeddable":true,"href":"https:\/\/pizbube.ch\/en\/wp-json\/wp\/v2\/media\/29030"}],"wp:attachment":[{"href":"https:\/\/pizbube.ch\/en\/wp-json\/wp\/v2\/media?parent=151906"}],"wp:term":[{"taxonomy":"product_brand","embeddable":true,"href":"https:\/\/pizbube.ch\/en\/wp-json\/wp\/v2\/product_brand?post=151906"},{"taxonomy":"product_cat","embeddable":true,"href":"https:\/\/pizbube.ch\/en\/wp-json\/wp\/v2\/product_cat?post=151906"},{"taxonomy":"product_tag","embeddable":true,"href":"https:\/\/pizbube.ch\/en\/wp-json\/wp\/v2\/product_tag?post=151906"}],"curies":[{"name":"wp","href":"https:\/\/api.w.org\/{rel}","templated":true}]}}