{"id":151908,"date":"2021-01-15T12:02:19","date_gmt":"2021-01-15T12:02:19","guid":{"rendered":"https:\/\/codengine3.ch\/?product=import-placeholder-for-206565"},"modified":"2021-01-15T14:49:54","modified_gmt":"2021-01-15T14:49:54","slug":"jura-keepwild-climbs","status":"publish","type":"product","link":"https:\/\/pizbube.ch\/en\/shop\/jura-keepwild-climbs\/","title":{"rendered":"Jura keepwild! climbs"},"content":{"rendered":"<p>Mit Keil und Camalot im Jurafels unterwegs<br \/>\n20 Gebiete zum selber Absichern, 3a \u2013 7a<br \/>\n\u00dcbungsrouten, Mehrseill\u00e4ngenrouten, Clean Kalk &#8211; Fels zum anpacken und<br \/>\ngeniessen!  <\/p>\n<p>Clean Climbing im Jura? Sich einen eigenen Weg suchen, selber Absichern, keine<br \/>\nSpuren hinterlassen \u2013 kleine Abenteuer im kleinen Gebirge gibt es auch vor der<br \/>\nHaust\u00fcre! Dank detaillierten Topos, \u00dcbersichtskarten, Angaben zum ben\u00f6tigten<br \/>\nMaterial und der Schwierigkeitsbewertung der Absicherbarkeit steht dem selber<br \/>\nAbsichern in einem der 20 beschriebenen Gebiete nichts mehr im Weg.  <\/p>\n<p>Ob f\u00fcr Einsteiger, die ihren ersten selbst gelegten Keil noch gerne mit einem<br \/>\nBohrhaken hintersichern wollen oder f\u00fcr Hardmover, die auch noch in einer<br \/>\ncleanen 7a die Musse haben, den richtigen Keil zu suchen \u2013 im neuen Jura<br \/>\nkeepwild! climbs Kletterf\u00fchrer von mountain wilderness ist f\u00fcr jeden etwas<br \/>\ndabei.  <\/p>","protected":false},"excerpt":{"rendered":"<ul>\n<li><a href=\"https:\/\/pizbube.ch\/wp-content\/uploads\/attachments\/a_015\/52BC3F77C8A205F969DFC4EC09EF56A0.pdf\" target=\"_blank\" rel=\"noopener\">PDF: leseprobe_jura_keepwild.pdf<\/a><\/li>\n<\/ul>\n<ul>\n<li><b>INFO: Neuauflage geplant; Termin unbestimmt<b><\/li>\n<\/ul>","protected":false},"featured_media":35630,"template":"","meta":[],"product_brand":[],"product_cat":[21539],"product_tag":[],"class_list":{"0":"post-151908","1":"product","2":"type-product","3":"status-publish","4":"has-post-thumbnail","6":"product_cat-fuehrerliteratur-sportklettern-bouldern","7":"pa_autor-kropac-silbernagel","8":"pa_erscheinungsjahr-21610","9":"pa_region-schweiz","10":"pa_sprache-de","12":"first","13":"outofstock","14":"taxable","15":"shipping-taxable","16":"purchasable","17":"product-type-simple"},"_links":{"self":[{"href":"https:\/\/pizbube.ch\/en\/wp-json\/wp\/v2\/product\/151908","targetHints":{"allow":["GET"]}}],"collection":[{"href":"https:\/\/pizbube.ch\/en\/wp-json\/wp\/v2\/product"}],"about":[{"href":"https:\/\/pizbube.ch\/en\/wp-json\/wp\/v2\/types\/product"}],"wp:featuredmedia":[{"embeddable":true,"href":"https:\/\/pizbube.ch\/en\/wp-json\/wp\/v2\/media\/35630"}],"wp:attachment":[{"href":"https:\/\/pizbube.ch\/en\/wp-json\/wp\/v2\/media?parent=151908"}],"wp:term":[{"taxonomy":"product_brand","embeddable":true,"href":"https:\/\/pizbube.ch\/en\/wp-json\/wp\/v2\/product_brand?post=151908"},{"taxonomy":"product_cat","embeddable":true,"href":"https:\/\/pizbube.ch\/en\/wp-json\/wp\/v2\/product_cat?post=151908"},{"taxonomy":"product_tag","embeddable":true,"href":"https:\/\/pizbube.ch\/en\/wp-json\/wp\/v2\/product_tag?post=151908"}],"curies":[{"name":"wp","href":"https:\/\/api.w.org\/{rel}","templated":true}]}}