{"id":151909,"date":"2021-01-15T12:02:20","date_gmt":"2021-01-15T12:02:20","guid":{"rendered":"https:\/\/codengine3.ch\/?product=import-placeholder-for-204785"},"modified":"2021-03-09T16:42:36","modified_gmt":"2021-03-09T15:42:36","slug":"schweiz-extrem-jura","status":"publish","type":"product","link":"https:\/\/pizbube.ch\/en\/shop\/schweiz-extrem-jura\/","title":{"rendered":"Schweiz extrem JURA"},"content":{"rendered":"<p>Rechtzeitig zur Fr\u00fchjahrssaison erscheint anfangs April der neue extrem JURA<br \/>\nKletterf\u00fchrer!<\/p>\n<p>Der Jura war mehrmals Schauplatz bedeutender Begehungen in der<br \/>\nKlettergeschichte. So etwa 1986, als Antoine Le Menestrel am Chuenisberg bei<br \/>\nBasel mit \u00abRavage\u00bb (8b+\/c) die damals schwierigste Route der Welt er\u00f6ffnete.<br \/>\nSieben Jahre sp\u00e4ter doppelte Fred Nicole mit \u00abBain de sang\u00bb (9a) in St-Loup<br \/>\nnach. Nach der anf\u00e4nglichen Euphorie wurde es ruhiger um die W\u00e4nde des Juras.<br \/>\nDie Szene der Spitzenkletterer verlagerte sich. Geblieben sind die<br \/>\nwundersch\u00f6nen Felsen und m\u00e4rchenhaften W\u00e4lder.<\/p>\n<p>Nebst einigen Extremklassikern, bietet der F\u00fchrer besonders f\u00fcr \u00abnormale\u00bb<br \/>\nKletterer eine Vielzahl an bestens abgesicherten Routen von 6a bis 8a in<br \/>\nperfektem Jura-Kalk.<br \/>\n4-farbig, 360 Seiten, 51 Gebiete<\/p>\n<p>Le Jura a plusieurs fois \u00e9t\u00e9 le th\u00e9\u00e2tre d\u2019importantes conqu\u00eates au cours de<br \/>\nl\u2019histoire de l\u2019escalade. Par exemple, lorsqu\u2019en 1986 Antoine Le Menestrel<br \/>\nouvre \u00ab Ravage \u00bb (8b+\/c) au Chuenisberg pr\u00e9s de B\u00e2le, il s\u2019agit alors de la<br \/>\nvoie la plus difficile au monde. Sept ans plus tard, Fred Nicole r\u00e9it\u00e9re<br \/>\nl\u2019exploit avec \u00ab Bain de sang \u00bb (9a) \u00e0 St-Loup. Apr\u00e9s l\u2019euphorie des d\u00e9buts,<br \/>\nle calme est revenu sur les falaises du Jura et l\u2019\u00e9lite de l\u2019escalade sportive<br \/>\ns\u2019est tourn\u00e9e vers d\u2019autres r\u00e9gions. Mais les magnifiques rochers et les<br \/>\nfor\u00eats fabuleuses sont toujours l\u00e0. En plus de quelques classiques extr\u00eames,<br \/>\nce topoguide propose de nombreuses voies parfaitement \u00e9quip\u00e9es pour les<br \/>\ngrimpeur \u00ab normaux \u00bb de 6a \u00e0 8a dans un calcaire jurassien parfait.<br \/>\n360 pages;<\/p>\n<p>The Jura has many times been the scene of significant ascents in climbing<br \/>\nhistory. So it was in 1986 when Antoine Le Menestrel climbed Ravage (8+\/c),<br \/>\nthen the hardest climb in the world, at Chuenisberg near Basel. Seven years<br \/>\nlater, Fred Nicole took it up a notch higher with Bain de Sang (9a) in St.<br \/>\nLoup. After this early euphoria, the Jura walls went through a quiet period.<br \/>\nThe high end top climbers moved on. The fabulous woods and rocks remained.<br \/>\nBesides the hard classics, the guidebook offers plenty of options for the<br \/>\naverage climber. A great variety of well protected routes ranging from 6a to<br \/>\n8a in perfect Jura limestone await you.<br \/>\n360 pages, 51 spots, Full Colour Photos + Photo Topos<\/p>\n<p>**App Guide inside**<br \/>\nGratis zum F\u00fchrer erh\u00e4ltst du einen Downloadcode f\u00fcr eine kostenlose Anwendung<br \/>\nauf iOS und Android. Einfach die Vertical-Life App herunterladen, Code im<br \/>\nF\u00fchrer aufrubbeln und eingeben und schon hast du den \u00abextrem Jura\u00bb auf deinem<br \/>\nMobilger\u00e4t f\u00fcr unterwegs.<\/p>","protected":false},"excerpt":{"rendered":"<ul>\n<li><a href=\"https:\/\/pizbube.ch\/wp-content\/uploads\/attachments\/a_016\/6652A78106FC150240F93907C31051B3.pdf\" target=\"_blank\" rel=\"noopener\">PDF: leseprobe_extrem_jura.pdf<\/a><\/li>\n<\/ul>","protected":false},"featured_media":156254,"template":"","meta":[],"product_brand":[],"product_cat":[21539],"product_tag":[],"class_list":{"0":"post-151909","1":"product","2":"type-product","3":"status-publish","4":"has-post-thumbnail","6":"product_cat-fuehrerliteratur-sportklettern-bouldern","7":"pa_autor-von-kaenel","8":"pa_erscheinungsjahr-21574","9":"pa_region-schweiz","10":"pa_sprache-de-fr-en","12":"first","13":"instock","14":"taxable","15":"shipping-taxable","16":"purchasable","17":"product-type-simple"},"_links":{"self":[{"href":"https:\/\/pizbube.ch\/en\/wp-json\/wp\/v2\/product\/151909","targetHints":{"allow":["GET"]}}],"collection":[{"href":"https:\/\/pizbube.ch\/en\/wp-json\/wp\/v2\/product"}],"about":[{"href":"https:\/\/pizbube.ch\/en\/wp-json\/wp\/v2\/types\/product"}],"wp:featuredmedia":[{"embeddable":true,"href":"https:\/\/pizbube.ch\/en\/wp-json\/wp\/v2\/media\/156254"}],"wp:attachment":[{"href":"https:\/\/pizbube.ch\/en\/wp-json\/wp\/v2\/media?parent=151909"}],"wp:term":[{"taxonomy":"product_brand","embeddable":true,"href":"https:\/\/pizbube.ch\/en\/wp-json\/wp\/v2\/product_brand?post=151909"},{"taxonomy":"product_cat","embeddable":true,"href":"https:\/\/pizbube.ch\/en\/wp-json\/wp\/v2\/product_cat?post=151909"},{"taxonomy":"product_tag","embeddable":true,"href":"https:\/\/pizbube.ch\/en\/wp-json\/wp\/v2\/product_tag?post=151909"}],"curies":[{"name":"wp","href":"https:\/\/api.w.org\/{rel}","templated":true}]}}