{"id":151912,"date":"2021-01-15T12:02:20","date_gmt":"2021-01-15T12:02:20","guid":{"rendered":"https:\/\/codengine3.ch\/?product=import-placeholder-for-201544"},"modified":"2025-01-23T14:14:14","modified_gmt":"2025-01-23T13:14:14","slug":"cascades-oisans-aux-6-vallees-t-2","status":"publish","type":"product","link":"https:\/\/pizbube.ch\/en\/shop\/cascades-oisans-aux-6-vallees-t-2\/","title":{"rendered":"Cascades Oisans aux 6 vall\u00e9es, T. 2"},"content":{"rendered":"<p>Vall\u00e9e du V\u00e9n\u00e9on, Vallon du Diable, Rampe des Comm\u00e8res, Vall\u00e9e de Malval, Les<br \/>\nFr\u00e9aux- La Grave (Eiskletterf\u00fchrer)<\/p>\n<p>Cascades Oisans aux 6 vall\u00e9es, tome 2: Vall\u00e9e du V\u00e9n\u00e9on, vallon du diable,<br \/>\nRampe des Comm\u00e8res, Vall\u00e9e de Malaval, les Fr\u00e9aux &#8211; La Grave. Les voies les<br \/>\nplus int\u00e9ressantes des sites d\u00e9crits. Nombreux renseignements pratiques et<br \/>\ntechniques.<\/p>\n<p>Une photo par voie. F. Damilano, G. Perroux, 272 pages, 2000. Format de poche<br \/>\nA6 tr\u00e8s pratique, 10,5 x 15 cm.<\/p>","protected":false},"excerpt":{"rendered":"<p>Vall\u00e9e du V\u00e9n\u00e9on, Vallon du Diable, Rampe des Comm\u00e8res, Vall\u00e9e de Malval, Les Fr\u00e9aux- La Grave (Eiskletterf\u00fchrer) Cascades Oisans aux 6 vall\u00e9es, tome 2: Vall\u00e9e du V\u00e9n\u00e9on, vallon du diable, Rampe des Comm\u00e8res, Vall\u00e9e de Malaval, les Fr\u00e9aux &#8211; La Grave. Les voies les plus int\u00e9ressantes des sites d\u00e9crits. Nombreux renseignements pratiques et techniques. Une [&#8230;]\n","protected":false},"featured_media":178224,"template":"","meta":[],"product_brand":[],"product_cat":[21540],"product_tag":[],"class_list":{"0":"post-151912","1":"product","2":"type-product","3":"status-publish","4":"has-post-thumbnail","6":"product_cat-fuehrerliteratur-alpin-winter","7":"pa_autor-damilano-perroux","8":"pa_erscheinungsjahr-21750","9":"pa_region-frankreich","10":"pa_sprache-de","12":"first","13":"instock","14":"taxable","15":"shipping-taxable","16":"purchasable","17":"product-type-simple"},"_links":{"self":[{"href":"https:\/\/pizbube.ch\/en\/wp-json\/wp\/v2\/product\/151912","targetHints":{"allow":["GET"]}}],"collection":[{"href":"https:\/\/pizbube.ch\/en\/wp-json\/wp\/v2\/product"}],"about":[{"href":"https:\/\/pizbube.ch\/en\/wp-json\/wp\/v2\/types\/product"}],"wp:featuredmedia":[{"embeddable":true,"href":"https:\/\/pizbube.ch\/en\/wp-json\/wp\/v2\/media\/178224"}],"wp:attachment":[{"href":"https:\/\/pizbube.ch\/en\/wp-json\/wp\/v2\/media?parent=151912"}],"wp:term":[{"taxonomy":"product_brand","embeddable":true,"href":"https:\/\/pizbube.ch\/en\/wp-json\/wp\/v2\/product_brand?post=151912"},{"taxonomy":"product_cat","embeddable":true,"href":"https:\/\/pizbube.ch\/en\/wp-json\/wp\/v2\/product_cat?post=151912"},{"taxonomy":"product_tag","embeddable":true,"href":"https:\/\/pizbube.ch\/en\/wp-json\/wp\/v2\/product_tag?post=151912"}],"curies":[{"name":"wp","href":"https:\/\/api.w.org\/{rel}","templated":true}]}}