{"id":151916,"date":"2021-01-15T12:02:20","date_gmt":"2021-01-15T12:02:20","guid":{"rendered":"https:\/\/codengine3.ch\/?product=import-placeholder-for-201531"},"modified":"2021-01-15T12:02:25","modified_gmt":"2021-01-15T12:02:25","slug":"osttirol-sued","status":"publish","type":"product","link":"https:\/\/pizbube.ch\/en\/shop\/osttirol-sued\/","title":{"rendered":"Osttirol S\u00fcd"},"content":{"rendered":"<p>Lienz- Drautal- Pustertal- Villgraten- Lesachtal<br \/>\nDie sch\u00f6nsten Tal- und H\u00f6henwanderungen<\/p>\n<p>Osttirol liegt s\u00fcdlich der Hohen Tauern, der h\u00f6chsten Alpenkette \u00d6sterreichs,<br \/>\ndie so manche Regen-front aus dem Norden abh\u00e4lt. So wundert es nicht, dass<br \/>\nOsttirol als \u00bbSonnenland\u00ab und der Hauptort Lienz als sonnenreichste Stadt<br \/>\n\u00d6sterreichs gilt \u2013 zusammen mit der herrlichen Bergwelt also beste<br \/>\nVoraussetzungen f\u00fcr einen gelungenen Wanderurlaub!<br \/>\nIm S\u00fcden Osttirols bieten die j\u00e4h aufragenden Lienzer Dolomiten und die<br \/>\nm\u00e4chtige Mauer des Karni-schen Hautpkamms dem Wanderer eine imposante Kulisse<br \/>\nund dem Bergsteiger spannende Gipfel-ziele. W\u00e4hrend in den Villgratner Bergen<br \/>\ndie H\u00f6he der beschriebenen Gipfel die 3000-Meter-Marke nur fast erreicht,<br \/>\nwerden aus der s\u00fcdlichen Schobergruppe sogar zwei richtige Dreitausender<br \/>\nvorgestellt.<\/p>\n<p>Der Autor Walter Mair ist einer der besten Kenner von Osttirols Bergwelt. F\u00fcr<br \/>\ndiesen Rother Wanderf\u00fchrer hat er 50 abwechslungsreiche Touren<br \/>\nzusammengestellt, bei denen sowohl Genusswanderer als auch sportlich<br \/>\nambitionierte Bergsteiger das Richtige finden: von der beschaulichen<br \/>\nTalwanderung bis zur hochalpinen Bergtour bietet er eine breite Auswahl; sogar<br \/>\neine Radtour entlang der Drau und einige Klettersteige stellt er vor.<br \/>\nJede Tour wird mit einer Kurzinfo mit allen wichtigen Angaben, einem farbigen<br \/>\nWanderk\u00e4rtchen mit eingetragenem Routenverlauf, einer genauen Wegbeschreibung<br \/>\nsowie mindestens einem Farbfoto vorgestellt. Damit ist dieser Wanderf\u00fchrer ein<br \/>\nzuverl\u00e4ssiger Begleiter durch die Osttiroler Bergwelt mit ihren urspr\u00fcnglichen<br \/>\nT\u00e4lern und herrlichen Gipfeln<br \/>\n5. \u00fcberarbeit. Auflage 2016; 160 Seiten mit 94 Farbabbildungen<br \/>\n49 Wanderk\u00e4rtchen im Ma\u00dfstab 1:50.000, zwei \u00dcbersichtskarten im Ma\u00dfstab<br \/>\n1:500.000 und 1:600.000<\/p>","protected":false},"excerpt":{"rendered":"<ul>\n<li><a href=\"https:\/\/pizbube.ch\/wp-content\/uploads\/attachments\/a_030\/E1C1FB860E45E3CE970F7E10F2FE4B89.pdf\" target=\"_blank\" rel=\"noopener\">PDF: Osttirol S\u00fcd_Inhalt.pdf<\/a><\/li>\n<\/ul>","protected":false},"featured_media":40324,"template":"","meta":[],"product_brand":[],"product_cat":[21605],"product_tag":[],"class_list":{"0":"post-151916","1":"product","2":"type-product","3":"status-publish","4":"has-post-thumbnail","6":"product_cat-wanderfuehrer-trekking","7":"pa_autor-mair","8":"pa_erscheinungsjahr-21571","9":"pa_region-oesterreich","10":"pa_sprache-de","12":"first","13":"instock","14":"taxable","15":"shipping-taxable","16":"purchasable","17":"product-type-simple"},"_links":{"self":[{"href":"https:\/\/pizbube.ch\/en\/wp-json\/wp\/v2\/product\/151916","targetHints":{"allow":["GET"]}}],"collection":[{"href":"https:\/\/pizbube.ch\/en\/wp-json\/wp\/v2\/product"}],"about":[{"href":"https:\/\/pizbube.ch\/en\/wp-json\/wp\/v2\/types\/product"}],"wp:featuredmedia":[{"embeddable":true,"href":"https:\/\/pizbube.ch\/en\/wp-json\/wp\/v2\/media\/40324"}],"wp:attachment":[{"href":"https:\/\/pizbube.ch\/en\/wp-json\/wp\/v2\/media?parent=151916"}],"wp:term":[{"taxonomy":"product_brand","embeddable":true,"href":"https:\/\/pizbube.ch\/en\/wp-json\/wp\/v2\/product_brand?post=151916"},{"taxonomy":"product_cat","embeddable":true,"href":"https:\/\/pizbube.ch\/en\/wp-json\/wp\/v2\/product_cat?post=151916"},{"taxonomy":"product_tag","embeddable":true,"href":"https:\/\/pizbube.ch\/en\/wp-json\/wp\/v2\/product_tag?post=151916"}],"curies":[{"name":"wp","href":"https:\/\/api.w.org\/{rel}","templated":true}]}}