{"id":151917,"date":"2021-01-15T12:02:20","date_gmt":"2021-01-15T12:02:20","guid":{"rendered":"https:\/\/codengine3.ch\/?product=import-placeholder-for-203727"},"modified":"2021-01-15T14:26:03","modified_gmt":"2021-01-15T14:26:03","slug":"osttirol-nord","status":"publish","type":"product","link":"https:\/\/pizbube.ch\/en\/shop\/osttirol-nord\/","title":{"rendered":"Osttirol Nord"},"content":{"rendered":"<p>Matrei- Kals- Virgen- Defreggen; Die sch\u00f6nsten Tal- und H\u00f6henwanderungen. Die<br \/>\nvorgestellten Wanderungen verlaufen durch verschiedene Gebirgsgruppen: die<br \/>\nVenediger-, Rieserferner-, Las\u00f6rling-, Granatspitz-, Glockner- und<br \/>\nSchobergruppe sowie das Defereggengebirge.  <\/p>\n<p>Diese imponierenden Bergkulissen und nicht zuletzt die Urspr\u00fcnglichkeit der<br \/>\nOsttiroler T\u00e4ler bieten dem Wanderer eine F\u00fclle interessanter und<br \/>\nerlebnisreicher Unternehmungen ob man zur mittelalterlichen Burg Rabenstein,<br \/>\nzum Wasserschaupfad Umbalf\u00e4lle oder zu den jahrhundertealten Bauernh\u00f6fen bei<br \/>\nden Steiner Wasserf\u00e4llen unterwegs ist.<br \/>\nHelmut Dumler erf\u00fcllt als renommierter F\u00fchrerautor mit 50 detailliert<br \/>\nbeschriebenen Touren in diesem handlichen Wanderf\u00fchrer alle W\u00fcnsche, von<br \/>\nbeschaulichen Talwanderungen bis hin zu Ausfl\u00fcgen in hochalpine Regionen, wie<br \/>\netwa auf das B\u00f6se Weibl (3121 m) oder bei einer Tour zur neuen St\u00fcdlh\u00fctte<br \/>\n(2802 m), wo der Wanderer dem Gro\u00dfglockner naher\u00fcckt.  <\/p>","protected":false},"excerpt":{"rendered":"<p>Matrei- Kals- Virgen- Defreggen; Die sch\u00f6nsten Tal- und H\u00f6henwanderungen. Die vorgestellten Wanderungen verlaufen durch verschiedene Gebirgsgruppen: die Venediger-, Rieserferner-, Las\u00f6rling-, Granatspitz-, Glockner- und Schobergruppe sowie das Defereggengebirge. Diese imponierenden Bergkulissen und nicht zuletzt die Urspr\u00fcnglichkeit der Osttiroler T\u00e4ler bieten dem Wanderer eine F\u00fclle interessanter und erlebnisreicher Unternehmungen ob man zur mittelalterlichen Burg Rabenstein, zum Wasserschaupfad [&#8230;]\n","protected":false},"featured_media":31394,"template":"","meta":[],"product_brand":[],"product_cat":[21605],"product_tag":[],"class_list":{"0":"post-151917","1":"product","2":"type-product","3":"status-publish","4":"has-post-thumbnail","6":"product_cat-wanderfuehrer-trekking","7":"pa_autor-dumler","8":"pa_erscheinungsjahr-21920","9":"pa_region-oesterreich","10":"pa_sprache-de","12":"first","13":"instock","14":"taxable","15":"shipping-taxable","16":"purchasable","17":"product-type-simple"},"_links":{"self":[{"href":"https:\/\/pizbube.ch\/en\/wp-json\/wp\/v2\/product\/151917","targetHints":{"allow":["GET"]}}],"collection":[{"href":"https:\/\/pizbube.ch\/en\/wp-json\/wp\/v2\/product"}],"about":[{"href":"https:\/\/pizbube.ch\/en\/wp-json\/wp\/v2\/types\/product"}],"wp:featuredmedia":[{"embeddable":true,"href":"https:\/\/pizbube.ch\/en\/wp-json\/wp\/v2\/media\/31394"}],"wp:attachment":[{"href":"https:\/\/pizbube.ch\/en\/wp-json\/wp\/v2\/media?parent=151917"}],"wp:term":[{"taxonomy":"product_brand","embeddable":true,"href":"https:\/\/pizbube.ch\/en\/wp-json\/wp\/v2\/product_brand?post=151917"},{"taxonomy":"product_cat","embeddable":true,"href":"https:\/\/pizbube.ch\/en\/wp-json\/wp\/v2\/product_cat?post=151917"},{"taxonomy":"product_tag","embeddable":true,"href":"https:\/\/pizbube.ch\/en\/wp-json\/wp\/v2\/product_tag?post=151917"}],"curies":[{"name":"wp","href":"https:\/\/api.w.org\/{rel}","templated":true}]}}